{"id":1235,"date":"2019-10-25T08:57:49","date_gmt":"2019-10-25T06:57:49","guid":{"rendered":"https:\/\/www.keller-forstmaschinen.ch\/?page_id=1235"},"modified":"2019-10-25T08:58:17","modified_gmt":"2019-10-25T06:58:17","slug":"rottne","status":"publish","type":"page","link":"https:\/\/www.keller-forstmaschinen.ch\/en\/rottne\/","title":{"rendered":"Rottne"},"content":{"rendered":"<div id=\"pl-1235\"  class=\"panel-layout\" ><div id=\"pg-1235-0\"  class=\"panel-grid panel-has-style\" ><div class=\"pn_stretch_row panel-row-style panel-row-style-for-1235-0\" ><div id=\"pgc-1235-0-0\"  class=\"panel-grid-cell\" ><div id=\"panel-1235-0-0-0\" class=\"so-panel widget widget_sow-slider panel-first-child panel-last-child\" data-index=\"0\" ><div\n\t\t\t\n\t\t\tclass=\"so-widget-sow-slider so-widget-sow-slider-default-6d39609536fd-1235\"\n\t\t\t\n\t\t>\t\t\t\t<div class=\"sow-slider-base\" style=\"display: none\" tabindex=\"0\">\n\t\t\t\t\t<ul\n\t\t\t\t\tclass=\"sow-slider-images\"\n\t\t\t\t\tdata-settings=\"{&quot;pagination&quot;:true,&quot;speed&quot;:800,&quot;timeout&quot;:8000,&quot;paused&quot;:false,&quot;pause_on_hover&quot;:false,&quot;swipe&quot;:true,&quot;nav_always_show_desktop&quot;:&quot;&quot;,&quot;nav_always_show_mobile&quot;:&quot;&quot;,&quot;breakpoint&quot;:&quot;780px&quot;,&quot;unmute&quot;:false,&quot;anchor&quot;:null}\"\n\t\t\t\t\t\t\t\t\t\tdata-anchor-id=\"\"\n\t\t\t\t>\t\t<li class=\"sow-slider-image\" style=\"visibility: visible;;cursor: pointer;\" data-url=\"{&quot;url&quot;:&quot;https:\\\/\\\/www.rottne.com\\\/de\\\/forstmaschinen\\\/&quot;,&quot;new_window&quot;:true}\" >\n\t\t\t\t\t\t\t\t\t\t<a href=\"https:\/\/www.rottne.com\/de\/forstmaschinen\/\"\n\t\t\t\t\t\t\t\t\t\t\t\t\t\t\ttarget=\"_blank\" \t\t\t\t\t\t\t\t\t\t\t\t\t\t\t\t\t\t\t\trel=\"noopener noreferrer\" \t\t\t\t\t\t\t\t\t>\n\t\t\t<img loading=\"lazy\" decoding=\"async\" width=\"2560\" height=\"1778\" src=\"https:\/\/www.keller-forstmaschinen.ch\/wp-content\/uploads\/2019\/02\/1494359146RottneH8D_1-scaled.jpg\" class=\"sow-slider-background-image\" alt=\"\" style=\"\" srcset=\"https:\/\/www.keller-forstmaschinen.ch\/wp-content\/uploads\/2019\/02\/1494359146RottneH8D_1-scaled.jpg 2560w, https:\/\/www.keller-forstmaschinen.ch\/wp-content\/uploads\/2019\/02\/1494359146RottneH8D_1-scaled-600x417.jpg 600w, https:\/\/www.keller-forstmaschinen.ch\/wp-content\/uploads\/2019\/02\/1494359146RottneH8D_1-1555x1080.jpg 1555w, https:\/\/www.keller-forstmaschinen.ch\/wp-content\/uploads\/2019\/02\/1494359146RottneH8D_1-300x208.jpg 300w, https:\/\/www.keller-forstmaschinen.ch\/wp-content\/uploads\/2019\/02\/1494359146RottneH8D_1-768x533.jpg 768w, https:\/\/www.keller-forstmaschinen.ch\/wp-content\/uploads\/2019\/02\/1494359146RottneH8D_1-1024x711.jpg 1024w, https:\/\/www.keller-forstmaschinen.ch\/wp-content\/uploads\/2019\/02\/1494359146RottneH8D_1-1920x1333.jpg 1920w\" sizes=\"auto, (max-width: 2560px) 100vw, 2560px\" \/><\/a>\t\t<\/li>\n\t\t\t\t<li class=\"sow-slider-image\" style=\"visibility: hidden;;cursor: pointer;\" data-url=\"{&quot;url&quot;:&quot;https:\\\/\\\/www.rottne.com\\\/de\\\/forstmaschinen\\\/&quot;,&quot;new_window&quot;:true}\" >\n\t\t\t\t\t\t\t\t\t\t<a href=\"https:\/\/www.rottne.com\/de\/forstmaschinen\/\"\n\t\t\t\t\t\t\t\t\t\t\t\t\t\t\ttarget=\"_blank\" \t\t\t\t\t\t\t\t\t\t\t\t\t\t\t\t\t\t\t\trel=\"noopener noreferrer\" \t\t\t\t\t\t\t\t\t>\n\t\t\t<img loading=\"lazy\" decoding=\"async\" width=\"2560\" height=\"1707\" src=\"https:\/\/www.keller-forstmaschinen.ch\/wp-content\/uploads\/2019\/06\/forwarder-scaled.jpg\" class=\"sow-slider-background-image\" alt=\"\" style=\"\" srcset=\"https:\/\/www.keller-forstmaschinen.ch\/wp-content\/uploads\/2019\/06\/forwarder-scaled.jpg 2560w, https:\/\/www.keller-forstmaschinen.ch\/wp-content\/uploads\/2019\/06\/forwarder-600x400.jpg 600w, https:\/\/www.keller-forstmaschinen.ch\/wp-content\/uploads\/2019\/06\/forwarder-300x200.jpg 300w, https:\/\/www.keller-forstmaschinen.ch\/wp-content\/uploads\/2019\/06\/forwarder-768x512.jpg 768w, https:\/\/www.keller-forstmaschinen.ch\/wp-content\/uploads\/2019\/06\/forwarder-1024x683.jpg 1024w, https:\/\/www.keller-forstmaschinen.ch\/wp-content\/uploads\/2019\/06\/forwarder-1920x1280.jpg 1920w, https:\/\/www.keller-forstmaschinen.ch\/wp-content\/uploads\/2019\/06\/forwarder-900x600.jpg 900w, https:\/\/www.keller-forstmaschinen.ch\/wp-content\/uploads\/2019\/06\/forwarder-1620x1080.jpg 1620w\" sizes=\"auto, (max-width: 2560px) 100vw, 2560px\" \/><\/a>\t\t<\/li>\n\t\t<\/ul>\t\t\t\t<ol class=\"sow-slider-pagination\">\n\t\t\t\t\t\t\t\t\t\t\t<li><a href=\"#\" data-goto=\"0\" aria-label=\"Display slide 1\"><\/a><\/li>\n\t\t\t\t\t\t\t\t\t\t\t<li><a href=\"#\" data-goto=\"1\" aria-label=\"Display slide 2\"><\/a><\/li>\n\t\t\t\t\t\t\t\t\t<\/ol>\n\n\t\t\t\t<div class=\"sow-slide-nav sow-slide-nav-next\">\n\t\t\t\t\t<a href=\"#\" data-goto=\"next\" aria-label=\"Next slide\" data-action=\"next\">\n\t\t\t\t\t\t<em class=\"sow-sld-icon-thin-right\"><\/em>\n\t\t\t\t\t<\/a>\n\t\t\t\t<\/div>\n\n\t\t\t\t<div class=\"sow-slide-nav sow-slide-nav-prev\">\n\t\t\t\t\t<a href=\"#\" data-goto=\"previous\" aria-label=\"Previous slide\" data-action=\"prev\">\n\t\t\t\t\t\t<em class=\"sow-sld-icon-thin-left\"><\/em>\n\t\t\t\t\t<\/a>\n\t\t\t\t<\/div>\n\t\t\t\t<\/div><\/div><\/div><\/div><\/div><\/div><div id=\"pg-1235-1\"  class=\"panel-grid panel-has-style\" ><div class=\"pn_normal_row panel-row-style panel-row-style-for-1235-1\" ><div id=\"pgc-1235-1-0\"  class=\"panel-grid-cell\" ><div id=\"panel-1235-1-0-0\" class=\"so-panel widget widget_pn-text-widget panel-first-child panel-last-child\" data-index=\"1\" ><div\n\t\t\t\n\t\t\tclass=\"so-widget-pn-text-widget so-widget-pn-text-widget-base\"\n\t\t\t\n\t\t><div class=\"pn-text\">\r\n\t\t\t<div class=\"title\"><h2>Komfort der Spitzenklasse<\/h2><\/div>\r\n\t\t\t<div class=\"subtitle\">K\u00f6nnen Sie es sich leisten, auf Rottne zu verzichten?<\/div>\r\n\t\t\t<div class=\"text\">Marktweit die niedrigsten Reparaturkosten. Ger\u00e4umig, niedriger Ger\u00e4uschpegel und Compfort Line. Das ist Rottne.<\/p>\nKeller Forstmaschinen ist Generalimporteur von Rottne<\/strong>. Entscheiden Sie sich f\u00fcr einen \"Rottne\", heisst dies f\u00fcr Sie Beratung vor und w\u00e4hrend dem Kaufprozess. Nach dem Kauf betreuen wir Sie weiter mit dem Serviceangebot und Reparaturleistungen. Wir sind ebenfalls Ansprechpartner, wenn es darum geht extra Konstruktionen f\u00fcr Ihren Rottne anzufertigen.<\/p>\nHier gehts zur Rottne-Webseite<\/a>.<\/p>\n<\/div>\r\n\t\t<\/div>\r\n\t<\/div>\r\n\t<\/div><\/div><\/div><\/div><\/div><div id=\"pg-1235-2\"  class=\"panel-grid panel-has-style\" ><div class=\"pn_stretch_row panel-row-style panel-row-style-for-1235-2\" ><div id=\"pgc-1235-2-0\"  class=\"panel-grid-cell\" ><div id=\"panel-1235-2-0-0\" class=\"so-panel widget widget_pn-telefon-widget panel-first-child panel-last-child\" data-index=\"2\" ><div\n\t\t\t\n\t\t\tclass=\"so-widget-pn-telefon-widget so-widget-pn-telefon-widget-base\"\n\t\t\t\n\t\t><div class=\"pn-telefon pn-row text-center\">\r\n\t\t<div class=\"description\">Interessiert an einem \"Rottne\"? <br \/>\nWir sind f\u00fcr Sie da: <\/div>\r\n\t\t<div class=\"telefon\">+41 (0)32 636 04 44<\/div>\r\n\t<\/div>\r\n\t<\/div><\/div><\/div><\/div><\/div><div id=\"pg-1235-3\"  class=\"panel-grid panel-has-style\" ><div class=\"pn_stretch_row panel-row-style panel-row-style-for-1235-3\" ><div id=\"pgc-1235-3-0\"  class=\"panel-grid-cell\" ><div id=\"panel-1235-3-0-0\" class=\"so-panel widget widget_pn-roke-bar-widget panel-first-child panel-last-child\" data-index=\"3\" ><div\n\t\t\t\n\t\t\tclass=\"so-widget-pn-roke-bar-widget so-widget-pn-roke-bar-widget-base\"\n\t\t\t\n\t\t><div class=\"pn-roke-bar pn-row\">\r\n\t\t<a href=\"https:\/\/www.keller-forstmaschinen.ch\/roke\/\"><div class=\"container\">\r\n\t\t\t<div class=\"row justify-content-between  align-items-center\">\r\n\t\t\t\t<div class=\"col-6 roke-logo-div\"><img decoding=\"async\" src=\"https:\/\/www.keller-forstmaschinen.ch\/wp-content\/themes\/forstmaschinen\/img\/roke.svg\" alt=\"ROKE\" class=\"roke-logo\" \/><\/div>\r\n\t\t\t\t<div class=\"col-6 pn-row text-center\"><img decoding=\"async\" src=\"https:\/\/www.keller-forstmaschinen.ch\/wp-content\/uploads\/2019\/02\/roke_grafik.svg\" alt=\"Roke Beschreibung\" class=\"img-description\" \/><\/div>\r\n\t\t\t<\/div>\r\n\t\t<\/div><\/a>\r\n\t<\/div>\r\n\t<\/div><\/div><\/div><\/div><\/div><\/div>","protected":false},"excerpt":{"rendered":"<p>Komfort der Spitzenklasse K\u00f6nnen Sie es sich leisten, auf Rottne zu verzichten? Marktweit die niedrigsten Reparaturkosten. Ger\u00e4umig, niedriger Ger\u00e4uschpegel und Compfort Line. Das ist Rottne. Keller Forstmaschinen ist Generalimporteur von Rottne. Entscheiden Sie sich f\u00fcr einen &#8220;Rottne&#8221;, heisst dies f\u00fcr Sie Beratung vor und w\u00e4hrend dem Kaufprozess. Nach dem Kauf betreuen wir Sie weiter mit [&hellip;]<\/p>\n","protected":false},"author":3,"featured_media":0,"parent":0,"menu_order":10,"comment_status":"closed","ping_status":"closed","template":"","meta":{"footnotes":""},"class_list":["post-1235","page","type-page","status-publish","hentry"],"yoast_head":"<!-- This site is optimized with the Yoast SEO plugin v26.9 - https:\/\/yoast.com\/product\/yoast-seo-wordpress\/ -->\n<title>Rottne - Keller Forstmaschinen<\/title>\n<meta name=\"robots\" content=\"index, follow, max-snippet:-1, max-image-preview:large, max-video-preview:-1\" \/>\n<link rel=\"canonical\" href=\"https:\/\/www.keller-forstmaschinen.ch\/produkte\/rottne\/\" \/>\n<meta property=\"og:locale\" content=\"en_US\" \/>\n<meta property=\"og:type\" content=\"article\" \/>\n<meta property=\"og:title\" content=\"Rottne - Keller Forstmaschinen\" \/>\n<meta property=\"og:description\" content=\"Komfort der Spitzenklasse K\u00f6nnen Sie es sich leisten, auf Rottne zu verzichten? Marktweit die niedrigsten Reparaturkosten. Ger\u00e4umig, niedriger Ger\u00e4uschpegel und Compfort Line. Das ist Rottne. Keller Forstmaschinen ist Generalimporteur von Rottne. Entscheiden Sie sich f\u00fcr einen &quot;Rottne&quot;, heisst dies f\u00fcr Sie Beratung vor und w\u00e4hrend dem Kaufprozess. Nach dem Kauf betreuen wir Sie weiter mit [&hellip;]\" \/>\n<meta property=\"og:url\" content=\"https:\/\/www.keller-forstmaschinen.ch\/produkte\/rottne\/\" \/>\n<meta property=\"og:site_name\" content=\"Keller Forstmaschinen\" \/>\n<meta property=\"article:publisher\" content=\"https:\/\/www.facebook.com\/KellerForstmaschinen\" \/>\n<meta property=\"article:modified_time\" content=\"2019-10-25T06:58:17+00:00\" \/>\n<meta name=\"twitter:card\" content=\"summary_large_image\" \/>\n<script type=\"application\/ld+json\" class=\"yoast-schema-graph\">{\"@context\":\"https:\/\/schema.org\",\"@graph\":[{\"@type\":\"WebPage\",\"@id\":\"https:\/\/www.keller-forstmaschinen.ch\/produkte\/rottne\/\",\"url\":\"https:\/\/www.keller-forstmaschinen.ch\/produkte\/rottne\/\",\"name\":\"Rottne - Keller Forstmaschinen\",\"isPartOf\":{\"@id\":\"https:\/\/www.keller-forstmaschinen.ch\/#website\"},\"datePublished\":\"2019-10-25T06:57:49+00:00\",\"dateModified\":\"2019-10-25T06:58:17+00:00\",\"breadcrumb\":{\"@id\":\"https:\/\/www.keller-forstmaschinen.ch\/produkte\/rottne\/#breadcrumb\"},\"inLanguage\":\"en-US\",\"potentialAction\":[{\"@type\":\"ReadAction\",\"target\":[\"https:\/\/www.keller-forstmaschinen.ch\/produkte\/rottne\/\"]}]},{\"@type\":\"BreadcrumbList\",\"@id\":\"https:\/\/www.keller-forstmaschinen.ch\/produkte\/rottne\/#breadcrumb\",\"itemListElement\":[{\"@type\":\"ListItem\",\"position\":1,\"name\":\"Home\",\"item\":\"https:\/\/www.keller-forstmaschinen.ch\/en\/\"},{\"@type\":\"ListItem\",\"position\":2,\"name\":\"Rottne\"}]},{\"@type\":\"WebSite\",\"@id\":\"https:\/\/www.keller-forstmaschinen.ch\/#website\",\"url\":\"https:\/\/www.keller-forstmaschinen.ch\/\",\"name\":\"Keller Forstmaschinen\",\"description\":\"Ihr Partner f\u00fcr Forstmaschinen\",\"publisher\":{\"@id\":\"https:\/\/www.keller-forstmaschinen.ch\/#organization\"},\"potentialAction\":[{\"@type\":\"SearchAction\",\"target\":{\"@type\":\"EntryPoint\",\"urlTemplate\":\"https:\/\/www.keller-forstmaschinen.ch\/?s={search_term_string}\"},\"query-input\":{\"@type\":\"PropertyValueSpecification\",\"valueRequired\":true,\"valueName\":\"search_term_string\"}}],\"inLanguage\":\"en-US\"},{\"@type\":\"Organization\",\"@id\":\"https:\/\/www.keller-forstmaschinen.ch\/#organization\",\"name\":\"KELLER FORSTMASCHINEN AG\",\"url\":\"https:\/\/www.keller-forstmaschinen.ch\/\",\"logo\":{\"@type\":\"ImageObject\",\"inLanguage\":\"en-US\",\"@id\":\"https:\/\/www.keller-forstmaschinen.ch\/#\/schema\/logo\/image\/\",\"url\":\"https:\/\/www.keller-forstmaschinen.ch\/wp-content\/uploads\/2021\/07\/Keller-Logo-2021.jpg\",\"contentUrl\":\"https:\/\/www.keller-forstmaschinen.ch\/wp-content\/uploads\/2021\/07\/Keller-Logo-2021.jpg\",\"width\":1082,\"height\":301,\"caption\":\"KELLER FORSTMASCHINEN AG\"},\"image\":{\"@id\":\"https:\/\/www.keller-forstmaschinen.ch\/#\/schema\/logo\/image\/\"},\"sameAs\":[\"https:\/\/www.facebook.com\/KellerForstmaschinen\",\"https:\/\/www.instagram.com\/keller_forstmaschinen\/\"]}]}<\/script>\n<!-- \/ Yoast SEO plugin. -->","yoast_head_json":{"title":"Rottne - Keller Forstmaschinen","robots":{"index":"index","follow":"follow","max-snippet":"max-snippet:-1","max-image-preview":"max-image-preview:large","max-video-preview":"max-video-preview:-1"},"canonical":"https:\/\/www.keller-forstmaschinen.ch\/produkte\/rottne\/","og_locale":"en_US","og_type":"article","og_title":"Rottne - Keller Forstmaschinen","og_description":"Komfort der Spitzenklasse K\u00f6nnen Sie es sich leisten, auf Rottne zu verzichten? Marktweit die niedrigsten Reparaturkosten. Ger\u00e4umig, niedriger Ger\u00e4uschpegel und Compfort Line. Das ist Rottne. Keller Forstmaschinen ist Generalimporteur von Rottne. Entscheiden Sie sich f\u00fcr einen \"Rottne\", heisst dies f\u00fcr Sie Beratung vor und w\u00e4hrend dem Kaufprozess. Nach dem Kauf betreuen wir Sie weiter mit [&hellip;]","og_url":"https:\/\/www.keller-forstmaschinen.ch\/produkte\/rottne\/","og_site_name":"Keller Forstmaschinen","article_publisher":"https:\/\/www.facebook.com\/KellerForstmaschinen","article_modified_time":"2019-10-25T06:58:17+00:00","twitter_card":"summary_large_image","schema":{"@context":"https:\/\/schema.org","@graph":[{"@type":"WebPage","@id":"https:\/\/www.keller-forstmaschinen.ch\/produkte\/rottne\/","url":"https:\/\/www.keller-forstmaschinen.ch\/produkte\/rottne\/","name":"Rottne - Keller Forstmaschinen","isPartOf":{"@id":"https:\/\/www.keller-forstmaschinen.ch\/#website"},"datePublished":"2019-10-25T06:57:49+00:00","dateModified":"2019-10-25T06:58:17+00:00","breadcrumb":{"@id":"https:\/\/www.keller-forstmaschinen.ch\/produkte\/rottne\/#breadcrumb"},"inLanguage":"en-US","potentialAction":[{"@type":"ReadAction","target":["https:\/\/www.keller-forstmaschinen.ch\/produkte\/rottne\/"]}]},{"@type":"BreadcrumbList","@id":"https:\/\/www.keller-forstmaschinen.ch\/produkte\/rottne\/#breadcrumb","itemListElement":[{"@type":"ListItem","position":1,"name":"Home","item":"https:\/\/www.keller-forstmaschinen.ch\/en\/"},{"@type":"ListItem","position":2,"name":"Rottne"}]},{"@type":"WebSite","@id":"https:\/\/www.keller-forstmaschinen.ch\/#website","url":"https:\/\/www.keller-forstmaschinen.ch\/","name":"Keller Forstmaschinen","description":"Ihr Partner f\u00fcr Forstmaschinen","publisher":{"@id":"https:\/\/www.keller-forstmaschinen.ch\/#organization"},"potentialAction":[{"@type":"SearchAction","target":{"@type":"EntryPoint","urlTemplate":"https:\/\/www.keller-forstmaschinen.ch\/?s={search_term_string}"},"query-input":{"@type":"PropertyValueSpecification","valueRequired":true,"valueName":"search_term_string"}}],"inLanguage":"en-US"},{"@type":"Organization","@id":"https:\/\/www.keller-forstmaschinen.ch\/#organization","name":"KELLER FORSTMASCHINEN AG","url":"https:\/\/www.keller-forstmaschinen.ch\/","logo":{"@type":"ImageObject","inLanguage":"en-US","@id":"https:\/\/www.keller-forstmaschinen.ch\/#\/schema\/logo\/image\/","url":"https:\/\/www.keller-forstmaschinen.ch\/wp-content\/uploads\/2021\/07\/Keller-Logo-2021.jpg","contentUrl":"https:\/\/www.keller-forstmaschinen.ch\/wp-content\/uploads\/2021\/07\/Keller-Logo-2021.jpg","width":1082,"height":301,"caption":"KELLER FORSTMASCHINEN AG"},"image":{"@id":"https:\/\/www.keller-forstmaschinen.ch\/#\/schema\/logo\/image\/"},"sameAs":["https:\/\/www.facebook.com\/KellerForstmaschinen","https:\/\/www.instagram.com\/keller_forstmaschinen\/"]}]}},"_links":{"self":[{"href":"https:\/\/www.keller-forstmaschinen.ch\/en\/wp-json\/wp\/v2\/pages\/1235","targetHints":{"allow":["GET"]}}],"collection":[{"href":"https:\/\/www.keller-forstmaschinen.ch\/en\/wp-json\/wp\/v2\/pages"}],"about":[{"href":"https:\/\/www.keller-forstmaschinen.ch\/en\/wp-json\/wp\/v2\/types\/page"}],"author":[{"embeddable":true,"href":"https:\/\/www.keller-forstmaschinen.ch\/en\/wp-json\/wp\/v2\/users\/3"}],"replies":[{"embeddable":true,"href":"https:\/\/www.keller-forstmaschinen.ch\/en\/wp-json\/wp\/v2\/comments?post=1235"}],"version-history":[{"count":3,"href":"https:\/\/www.keller-forstmaschinen.ch\/en\/wp-json\/wp\/v2\/pages\/1235\/revisions"}],"predecessor-version":[{"id":1238,"href":"https:\/\/www.keller-forstmaschinen.ch\/en\/wp-json\/wp\/v2\/pages\/1235\/revisions\/1238"}],"wp:attachment":[{"href":"https:\/\/www.keller-forstmaschinen.ch\/en\/wp-json\/wp\/v2\/media?parent=1235"}],"curies":[{"name":"wp","href":"https:\/\/api.w.org\/{rel}","templated":true}]}}