{"id":7622,"date":"2024-03-04T16:46:18","date_gmt":"2024-03-04T15:46:18","guid":{"rendered":"https:\/\/www.keller-forstmaschinen.ch\/?page_id=7622"},"modified":"2025-03-21T07:21:13","modified_gmt":"2025-03-21T06:21:13","slug":"welte","status":"publish","type":"page","link":"https:\/\/www.keller-forstmaschinen.ch\/fr\/produits\/welte\/","title":{"rendered":"Welte"},"content":{"rendered":"<div id=\"pl-7622\"  class=\"panel-layout\" ><div id=\"pg-7622-0\"  class=\"panel-grid panel-has-style\" ><div class=\"pn_stretch_row panel-row-style panel-row-style-for-7622-0\" ><div id=\"pgc-7622-0-0\"  class=\"panel-grid-cell\" ><div id=\"panel-7622-0-0-0\" class=\"so-panel widget widget_sow-slider panel-first-child panel-last-child\" data-index=\"0\" ><div\n\t\t\t\n\t\t\tclass=\"so-widget-sow-slider so-widget-sow-slider-default-6d39609536fd-7622\"\n\t\t\t\n\t\t>\t\t\t\t<div class=\"sow-slider-base\" style=\"display: none\" tabindex=\"0\">\n\t\t\t\t\t<ul\n\t\t\t\t\tclass=\"sow-slider-images\"\n\t\t\t\t\tdata-settings=\"{&quot;pagination&quot;:true,&quot;speed&quot;:800,&quot;timeout&quot;:8000,&quot;paused&quot;:false,&quot;pause_on_hover&quot;:false,&quot;swipe&quot;:true,&quot;nav_always_show_desktop&quot;:&quot;&quot;,&quot;nav_always_show_mobile&quot;:&quot;&quot;,&quot;breakpoint&quot;:&quot;780px&quot;,&quot;unmute&quot;:false,&quot;anchor&quot;:null}\"\n\t\t\t\t\t\t\t\t\t\tdata-anchor-id=\"\"\n\t\t\t\t>\t\t<li class=\"sow-slider-image\" style=\"visibility: visible;;cursor: pointer;\" data-url=\"{&quot;url&quot;:&quot;https:\\\/\\\/www.welte.de\\\/&quot;,&quot;new_window&quot;:true}\" >\n\t\t\t\t\t\t\t\t\t\t<a href=\"https:\/\/www.welte.de\/\"\n\t\t\t\t\t\t\t\t\t\t\t\t\t\t\ttarget=\"_blank\" \t\t\t\t\t\t\t\t\t\t\t\t\t\t\t\t\t\t\t\trel=\"noopener noreferrer\" \t\t\t\t\t\t\t\t\t>\n\t\t\t<img loading=\"lazy\" decoding=\"async\" width=\"2560\" height=\"1707\" src=\"https:\/\/www.keller-forstmaschinen.ch\/wp-content\/uploads\/2025\/01\/DSC01581-scaled.jpg\" class=\"sow-slider-background-image\" alt=\"\" style=\"\" srcset=\"https:\/\/www.keller-forstmaschinen.ch\/wp-content\/uploads\/2025\/01\/DSC01581-scaled.jpg 2560w, https:\/\/www.keller-forstmaschinen.ch\/wp-content\/uploads\/2025\/01\/DSC01581-300x200.jpg 300w, https:\/\/www.keller-forstmaschinen.ch\/wp-content\/uploads\/2025\/01\/DSC01581-1024x683.jpg 1024w, https:\/\/www.keller-forstmaschinen.ch\/wp-content\/uploads\/2025\/01\/DSC01581-768x512.jpg 768w, https:\/\/www.keller-forstmaschinen.ch\/wp-content\/uploads\/2025\/01\/DSC01581-1536x1024.jpg 1536w, https:\/\/www.keller-forstmaschinen.ch\/wp-content\/uploads\/2025\/01\/DSC01581-2048x1365.jpg 2048w, https:\/\/www.keller-forstmaschinen.ch\/wp-content\/uploads\/2025\/01\/DSC01581-1920x1280.jpg 1920w, https:\/\/www.keller-forstmaschinen.ch\/wp-content\/uploads\/2025\/01\/DSC01581-900x600.jpg 900w, https:\/\/www.keller-forstmaschinen.ch\/wp-content\/uploads\/2025\/01\/DSC01581-1620x1080.jpg 1620w, https:\/\/www.keller-forstmaschinen.ch\/wp-content\/uploads\/2025\/01\/DSC01581-600x400.jpg 600w\" sizes=\"auto, (max-width: 2560px) 100vw, 2560px\" \/><\/a>\t\t<\/li>\n\t\t<\/ul>\t\t\t\t<ol class=\"sow-slider-pagination\">\n\t\t\t\t\t\t\t\t\t\t\t<li><a href=\"#\" data-goto=\"0\" aria-label=\"Display slide 1\"><\/a><\/li>\n\t\t\t\t\t\t\t\t\t<\/ol>\n\n\t\t\t\t<div class=\"sow-slide-nav sow-slide-nav-next\">\n\t\t\t\t\t<a href=\"#\" data-goto=\"next\" aria-label=\"Next slide\" data-action=\"next\">\n\t\t\t\t\t\t<em class=\"sow-sld-icon-thin-right\"><\/em>\n\t\t\t\t\t<\/a>\n\t\t\t\t<\/div>\n\n\t\t\t\t<div class=\"sow-slide-nav sow-slide-nav-prev\">\n\t\t\t\t\t<a href=\"#\" data-goto=\"previous\" aria-label=\"Previous slide\" data-action=\"prev\">\n\t\t\t\t\t\t<em class=\"sow-sld-icon-thin-left\"><\/em>\n\t\t\t\t\t<\/a>\n\t\t\t\t<\/div>\n\t\t\t\t<\/div><\/div><\/div><\/div><\/div><\/div><div id=\"pg-7622-1\"  class=\"panel-grid panel-has-style\" ><div class=\"pn_normal_row panel-row-style panel-row-style-for-7622-1\" ><div id=\"pgc-7622-1-0\"  class=\"panel-grid-cell\" ><div id=\"panel-7622-1-0-0\" class=\"so-panel widget widget_pn-text-widget panel-first-child panel-last-child\" data-index=\"1\" ><div\n\t\t\t\n\t\t\tclass=\"so-widget-pn-text-widget so-widget-pn-text-widget-base\"\n\t\t\t\n\t\t><div class=\"pn-text\">\r\n\t\t\t<div class=\"title\"><h2>Cr\u00e9er des tendances s\u00fbres<\/h2><\/div>\r\n\t\t\t<div class=\"subtitle\">Rester fid\u00e8le \u00e0 soi-m\u00eame<\/div>\r\n\t\t\t<div class=\"text\"><p>Depuis 1952, Welte suit l'exigence d'un travail bien fait. Keller Forstmaschinen est l'importateur g\u00e9n\u00e9ral de Welte.<\/p>\n<p>Si vous optez pour une machine foresti\u00e8re Welte, nous sommes \u00e0 vos c\u00f4t\u00e9s. Nous sommes \u00e9galement votre partenaire lorsqu'il s'agit de r\u00e9aliser des constructions suppl\u00e9mentaires qui vous facilitent le travail.<\/p>\n<\/div>\r\n\t\t<\/div>\r\n\t<\/div>\r\n\t<\/div><\/div><\/div><\/div><\/div><div id=\"pg-7622-2\"  class=\"panel-grid panel-no-style\" ><div id=\"pgc-7622-2-0\"  class=\"panel-grid-cell\" ><div id=\"panel-7622-2-0-0\" class=\"so-panel widget widget_pn-product-widget panel-first-child panel-last-child\" data-index=\"2\" ><div\n\t\t\t\n\t\t\tclass=\"so-widget-pn-product-widget so-widget-pn-product-widget-base\"\n\t\t\t\n\t\t><div class=\"pn-box-wrapper pn-row\">\r\n\t \t<h3><\/h3>\r\n\t\t<div class=\"container\">\r\n\t\t\t<div class=\"row\">\r\n\t\t\t\t<div class=\"pn-product col-12 col-12 col-sm-6\"><a href=\"https:\/\/www.keller-forstmaschinen.ch\/produkte\/welte-4-zylinder-serienmaschinen\/\"  class=\"pn-product-link\"><img decoding=\"async\" src=\"https:\/\/www.keller-forstmaschinen.ch\/wp-content\/uploads\/2025\/01\/TOB3412-900x600.jpg\" alt=\"Machines de s\u00e9rie Welte \u00e0 4 cylindres\" \/>\r\n\t\t\t\t\t<div class=\"pn-product-text\">\r\n\t\t\t\t\t\t<div class=\"pn-product-name\">Machines de s\u00e9rie Welte \u00e0 4 cylindres<\/div>\r\n\t\t\t\t\t\t<div class=\"pn-product-shortdescription\">Machines foresti\u00e8res et communales<\/div>\r\n\t\t\t\t\t<\/div><\/a>\r\n\t\t\t\t<\/div>\r\n\t\t\t\t<div class=\"pn-product col-12 col-12 col-sm-6\"><a href=\"https:\/\/www.keller-forstmaschinen.ch\/welte-6-zylinder-serienmaschinen-2\/\"  class=\"pn-product-link\"><img decoding=\"async\" src=\"https:\/\/www.keller-forstmaschinen.ch\/wp-content\/uploads\/2025\/01\/DSC01882-900x600.jpg\" alt=\"Machines de s\u00e9rie \u00e0 6 cylindres\" \/>\r\n\t\t\t\t\t<div class=\"pn-product-text\">\r\n\t\t\t\t\t\t<div class=\"pn-product-name\">Machines de s\u00e9rie \u00e0 6 cylindres<\/div>\r\n\t\t\t\t\t\t<div class=\"pn-product-shortdescription\">Machines de d\u00e9bardage et machines combin\u00e9es<\/div>\r\n\t\t\t\t\t<\/div><\/a>\r\n\t\t\t\t<\/div>\r\n\t\t\t\t<\/div>\r\n\t\t\t<\/div>\r\n\t\t<\/div><\/div><\/div><\/div><\/div><div id=\"pg-7622-3\"  class=\"panel-grid panel-has-style\" ><div class=\"pn_stretch_row panel-row-style panel-row-style-for-7622-3\" ><div id=\"pgc-7622-3-0\"  class=\"panel-grid-cell\" ><div id=\"panel-7622-3-0-0\" class=\"so-panel widget widget_pn-telefon-widget panel-first-child panel-last-child\" data-index=\"3\" ><div\n\t\t\t\n\t\t\tclass=\"so-widget-pn-telefon-widget so-widget-pn-telefon-widget-base\"\n\t\t\t\n\t\t><div class=\"pn-telefon pn-row text-center\">\r\n\t\t<div class=\"description\">Votre partenaire pour Welte. <br \/>\nNous sommes \u00e0 votre service.<\/div>\r\n\t\t<div class=\"telefon\">+41 (0)32 636 04 44<\/div>\r\n\t<\/div>\r\n\t<\/div><\/div><\/div><\/div><\/div><div id=\"pg-7622-4\"  class=\"panel-grid panel-has-style\" ><div class=\"pn_stretch_row panel-row-style panel-row-style-for-7622-4\" ><div id=\"pgc-7622-4-0\"  class=\"panel-grid-cell\" ><div id=\"panel-7622-4-0-0\" class=\"so-panel widget widget_pn-roke-bar-widget panel-first-child panel-last-child\" data-index=\"4\" ><div\n\t\t\t\n\t\t\tclass=\"so-widget-pn-roke-bar-widget so-widget-pn-roke-bar-widget-base\"\n\t\t\t\n\t\t><div class=\"pn-roke-bar pn-row\">\r\n\t\t<a href=\"https:\/\/www.connecttech-swiss.ch\/fr\"><div class=\"container\">\r\n\t\t\t<div class=\"row justify-content-between  align-items-center\">\r\n\t\t\t\t<div class=\"col-6 roke-logo-div\"><img decoding=\"async\" src=\"https:\/\/www.keller-forstmaschinen.ch\/wp-content\/themes\/forstmaschinen\/img\/roke.svg\" alt=\"ROKE\" class=\"roke-logo\" \/><\/div>\r\n\t\t\t\t<div class=\"col-6 pn-row text-center\"><img decoding=\"async\" src=\"https:\/\/www.keller-forstmaschinen.ch\/wp-content\/uploads\/2019\/02\/roke_grafik.svg\" alt=\"Roke Beschreibung\" class=\"img-description\" \/><\/div>\r\n\t\t\t<\/div>\r\n\t\t<\/div><\/a>\r\n\t<\/div>\r\n\t<\/div><\/div><\/div><\/div><\/div><\/div>","protected":false},"excerpt":{"rendered":"<p>Cr\u00e9er des tendances s\u00fbres Rester fid\u00e8le \u00e0 soi-m\u00eame Depuis 1952, Welte suit l&rsquo;exigence d&rsquo;un travail bien fait. Keller Forstmaschinen est l&rsquo;importateur g\u00e9n\u00e9ral de Welte. Si vous optez pour une machine foresti\u00e8re Welte, nous sommes \u00e0 vos c\u00f4t\u00e9s. Nous sommes \u00e9galement votre partenaire lorsqu&rsquo;il s&rsquo;agit de r\u00e9aliser des constructions suppl\u00e9mentaires qui vous facilitent le travail. Machines [&hellip;]<\/p>\n","protected":false},"author":3,"featured_media":0,"parent":1227,"menu_order":20,"comment_status":"closed","ping_status":"closed","template":"","meta":{"footnotes":""},"class_list":["post-7622","page","type-page","status-publish","hentry"],"yoast_head":"<!-- This site is optimized with the Yoast SEO plugin v26.9 - https:\/\/yoast.com\/product\/yoast-seo-wordpress\/ -->\n<title>Welte - Keller Forstmaschinen<\/title>\n<meta name=\"robots\" content=\"index, follow, max-snippet:-1, max-image-preview:large, max-video-preview:-1\" \/>\n<link rel=\"canonical\" href=\"https:\/\/www.keller-forstmaschinen.ch\/fr\/produits\/welte\/\" \/>\n<meta property=\"og:locale\" content=\"fr_FR\" \/>\n<meta property=\"og:type\" content=\"article\" \/>\n<meta property=\"og:title\" content=\"Welte - Keller Forstmaschinen\" \/>\n<meta property=\"og:description\" content=\"Cr\u00e9er des tendances s\u00fbres Rester fid\u00e8le \u00e0 soi-m\u00eame Depuis 1952, Welte suit l&#039;exigence d&#039;un travail bien fait. Keller Forstmaschinen est l&#039;importateur g\u00e9n\u00e9ral de Welte. Si vous optez pour une machine foresti\u00e8re Welte, nous sommes \u00e0 vos c\u00f4t\u00e9s. Nous sommes \u00e9galement votre partenaire lorsqu&#039;il s&#039;agit de r\u00e9aliser des constructions suppl\u00e9mentaires qui vous facilitent le travail. Machines [&hellip;]\" \/>\n<meta property=\"og:url\" content=\"https:\/\/www.keller-forstmaschinen.ch\/fr\/produits\/welte\/\" \/>\n<meta property=\"og:site_name\" content=\"Keller Forstmaschinen\" \/>\n<meta property=\"article:publisher\" content=\"https:\/\/www.facebook.com\/KellerForstmaschinen\" \/>\n<meta property=\"article:modified_time\" content=\"2025-03-21T06:21:13+00:00\" \/>\n<meta name=\"twitter:card\" content=\"summary_large_image\" \/>\n<meta name=\"twitter:label1\" content=\"Dur\u00e9e de lecture estim\u00e9e\" \/>\n\t<meta name=\"twitter:data1\" content=\"1 minute\" \/>\n<script type=\"application\/ld+json\" class=\"yoast-schema-graph\">{\"@context\":\"https:\/\/schema.org\",\"@graph\":[{\"@type\":\"WebPage\",\"@id\":\"https:\/\/www.keller-forstmaschinen.ch\/fr\/produits\/welte\/\",\"url\":\"https:\/\/www.keller-forstmaschinen.ch\/fr\/produits\/welte\/\",\"name\":\"Welte - Keller Forstmaschinen\",\"isPartOf\":{\"@id\":\"https:\/\/www.keller-forstmaschinen.ch\/#website\"},\"datePublished\":\"2024-03-04T15:46:18+00:00\",\"dateModified\":\"2025-03-21T06:21:13+00:00\",\"breadcrumb\":{\"@id\":\"https:\/\/www.keller-forstmaschinen.ch\/fr\/produits\/welte\/#breadcrumb\"},\"inLanguage\":\"fr-FR\",\"potentialAction\":[{\"@type\":\"ReadAction\",\"target\":[\"https:\/\/www.keller-forstmaschinen.ch\/fr\/produits\/welte\/\"]}]},{\"@type\":\"BreadcrumbList\",\"@id\":\"https:\/\/www.keller-forstmaschinen.ch\/fr\/produits\/welte\/#breadcrumb\",\"itemListElement\":[{\"@type\":\"ListItem\",\"position\":1,\"name\":\"Home\",\"item\":\"https:\/\/www.keller-forstmaschinen.ch\/fr\/\"},{\"@type\":\"ListItem\",\"position\":2,\"name\":\"Produkte\",\"item\":\"https:\/\/www.keller-forstmaschinen.ch\/fr\/?page_id=1227\"},{\"@type\":\"ListItem\",\"position\":3,\"name\":\"Welte\"}]},{\"@type\":\"WebSite\",\"@id\":\"https:\/\/www.keller-forstmaschinen.ch\/#website\",\"url\":\"https:\/\/www.keller-forstmaschinen.ch\/\",\"name\":\"Keller Forstmaschinen\",\"description\":\"Ihr Partner f\u00fcr Forstmaschinen\",\"publisher\":{\"@id\":\"https:\/\/www.keller-forstmaschinen.ch\/#organization\"},\"potentialAction\":[{\"@type\":\"SearchAction\",\"target\":{\"@type\":\"EntryPoint\",\"urlTemplate\":\"https:\/\/www.keller-forstmaschinen.ch\/?s={search_term_string}\"},\"query-input\":{\"@type\":\"PropertyValueSpecification\",\"valueRequired\":true,\"valueName\":\"search_term_string\"}}],\"inLanguage\":\"fr-FR\"},{\"@type\":\"Organization\",\"@id\":\"https:\/\/www.keller-forstmaschinen.ch\/#organization\",\"name\":\"KELLER FORSTMASCHINEN AG\",\"url\":\"https:\/\/www.keller-forstmaschinen.ch\/\",\"logo\":{\"@type\":\"ImageObject\",\"inLanguage\":\"fr-FR\",\"@id\":\"https:\/\/www.keller-forstmaschinen.ch\/#\/schema\/logo\/image\/\",\"url\":\"https:\/\/www.keller-forstmaschinen.ch\/wp-content\/uploads\/2021\/07\/Keller-Logo-2021.jpg\",\"contentUrl\":\"https:\/\/www.keller-forstmaschinen.ch\/wp-content\/uploads\/2021\/07\/Keller-Logo-2021.jpg\",\"width\":1082,\"height\":301,\"caption\":\"KELLER FORSTMASCHINEN AG\"},\"image\":{\"@id\":\"https:\/\/www.keller-forstmaschinen.ch\/#\/schema\/logo\/image\/\"},\"sameAs\":[\"https:\/\/www.facebook.com\/KellerForstmaschinen\",\"https:\/\/www.instagram.com\/keller_forstmaschinen\/\"]}]}<\/script>\n<!-- \/ Yoast SEO plugin. -->","yoast_head_json":{"title":"Welte - Keller Forstmaschinen","robots":{"index":"index","follow":"follow","max-snippet":"max-snippet:-1","max-image-preview":"max-image-preview:large","max-video-preview":"max-video-preview:-1"},"canonical":"https:\/\/www.keller-forstmaschinen.ch\/fr\/produits\/welte\/","og_locale":"fr_FR","og_type":"article","og_title":"Welte - Keller Forstmaschinen","og_description":"Cr\u00e9er des tendances s\u00fbres Rester fid\u00e8le \u00e0 soi-m\u00eame Depuis 1952, Welte suit l'exigence d'un travail bien fait. Keller Forstmaschinen est l'importateur g\u00e9n\u00e9ral de Welte. Si vous optez pour une machine foresti\u00e8re Welte, nous sommes \u00e0 vos c\u00f4t\u00e9s. Nous sommes \u00e9galement votre partenaire lorsqu'il s'agit de r\u00e9aliser des constructions suppl\u00e9mentaires qui vous facilitent le travail. Machines [&hellip;]","og_url":"https:\/\/www.keller-forstmaschinen.ch\/fr\/produits\/welte\/","og_site_name":"Keller Forstmaschinen","article_publisher":"https:\/\/www.facebook.com\/KellerForstmaschinen","article_modified_time":"2025-03-21T06:21:13+00:00","twitter_card":"summary_large_image","twitter_misc":{"Dur\u00e9e de lecture estim\u00e9e":"1 minute"},"schema":{"@context":"https:\/\/schema.org","@graph":[{"@type":"WebPage","@id":"https:\/\/www.keller-forstmaschinen.ch\/fr\/produits\/welte\/","url":"https:\/\/www.keller-forstmaschinen.ch\/fr\/produits\/welte\/","name":"Welte - Keller Forstmaschinen","isPartOf":{"@id":"https:\/\/www.keller-forstmaschinen.ch\/#website"},"datePublished":"2024-03-04T15:46:18+00:00","dateModified":"2025-03-21T06:21:13+00:00","breadcrumb":{"@id":"https:\/\/www.keller-forstmaschinen.ch\/fr\/produits\/welte\/#breadcrumb"},"inLanguage":"fr-FR","potentialAction":[{"@type":"ReadAction","target":["https:\/\/www.keller-forstmaschinen.ch\/fr\/produits\/welte\/"]}]},{"@type":"BreadcrumbList","@id":"https:\/\/www.keller-forstmaschinen.ch\/fr\/produits\/welte\/#breadcrumb","itemListElement":[{"@type":"ListItem","position":1,"name":"Home","item":"https:\/\/www.keller-forstmaschinen.ch\/fr\/"},{"@type":"ListItem","position":2,"name":"Produkte","item":"https:\/\/www.keller-forstmaschinen.ch\/fr\/?page_id=1227"},{"@type":"ListItem","position":3,"name":"Welte"}]},{"@type":"WebSite","@id":"https:\/\/www.keller-forstmaschinen.ch\/#website","url":"https:\/\/www.keller-forstmaschinen.ch\/","name":"Keller Forstmaschinen","description":"Ihr Partner f\u00fcr Forstmaschinen","publisher":{"@id":"https:\/\/www.keller-forstmaschinen.ch\/#organization"},"potentialAction":[{"@type":"SearchAction","target":{"@type":"EntryPoint","urlTemplate":"https:\/\/www.keller-forstmaschinen.ch\/?s={search_term_string}"},"query-input":{"@type":"PropertyValueSpecification","valueRequired":true,"valueName":"search_term_string"}}],"inLanguage":"fr-FR"},{"@type":"Organization","@id":"https:\/\/www.keller-forstmaschinen.ch\/#organization","name":"KELLER FORSTMASCHINEN AG","url":"https:\/\/www.keller-forstmaschinen.ch\/","logo":{"@type":"ImageObject","inLanguage":"fr-FR","@id":"https:\/\/www.keller-forstmaschinen.ch\/#\/schema\/logo\/image\/","url":"https:\/\/www.keller-forstmaschinen.ch\/wp-content\/uploads\/2021\/07\/Keller-Logo-2021.jpg","contentUrl":"https:\/\/www.keller-forstmaschinen.ch\/wp-content\/uploads\/2021\/07\/Keller-Logo-2021.jpg","width":1082,"height":301,"caption":"KELLER FORSTMASCHINEN AG"},"image":{"@id":"https:\/\/www.keller-forstmaschinen.ch\/#\/schema\/logo\/image\/"},"sameAs":["https:\/\/www.facebook.com\/KellerForstmaschinen","https:\/\/www.instagram.com\/keller_forstmaschinen\/"]}]}},"_links":{"self":[{"href":"https:\/\/www.keller-forstmaschinen.ch\/fr\/wp-json\/wp\/v2\/pages\/7622","targetHints":{"allow":["GET"]}}],"collection":[{"href":"https:\/\/www.keller-forstmaschinen.ch\/fr\/wp-json\/wp\/v2\/pages"}],"about":[{"href":"https:\/\/www.keller-forstmaschinen.ch\/fr\/wp-json\/wp\/v2\/types\/page"}],"author":[{"embeddable":true,"href":"https:\/\/www.keller-forstmaschinen.ch\/fr\/wp-json\/wp\/v2\/users\/3"}],"replies":[{"embeddable":true,"href":"https:\/\/www.keller-forstmaschinen.ch\/fr\/wp-json\/wp\/v2\/comments?post=7622"}],"version-history":[{"count":13,"href":"https:\/\/www.keller-forstmaschinen.ch\/fr\/wp-json\/wp\/v2\/pages\/7622\/revisions"}],"predecessor-version":[{"id":10753,"href":"https:\/\/www.keller-forstmaschinen.ch\/fr\/wp-json\/wp\/v2\/pages\/7622\/revisions\/10753"}],"up":[{"embeddable":true,"href":"https:\/\/www.keller-forstmaschinen.ch\/fr\/wp-json\/wp\/v2\/pages\/1227"}],"wp:attachment":[{"href":"https:\/\/www.keller-forstmaschinen.ch\/fr\/wp-json\/wp\/v2\/media?parent=7622"}],"curies":[{"name":"wp","href":"https:\/\/api.w.org\/{rel}","templated":true}]}}