{"id":7632,"date":"2024-03-04T16:46:52","date_gmt":"2024-03-04T15:46:52","guid":{"rendered":"https:\/\/www.keller-forstmaschinen.ch\/?page_id=7632"},"modified":"2024-03-06T09:35:09","modified_gmt":"2024-03-06T08:35:09","slug":"palax","status":"publish","type":"page","link":"https:\/\/www.keller-forstmaschinen.ch\/fr\/produits\/palax\/","title":{"rendered":"PALAX"},"content":{"rendered":"<div id=\"pl-7632\"  class=\"panel-layout\" ><div id=\"pg-7632-0\"  class=\"panel-grid panel-has-style\" ><div class=\"pn_stretch_row panel-row-style panel-row-style-for-7632-0\" ><div id=\"pgc-7632-0-0\"  class=\"panel-grid-cell\" ><div id=\"panel-7632-0-0-0\" class=\"so-panel widget widget_sow-slider panel-first-child panel-last-child\" data-index=\"0\" ><div\n\t\t\t\n\t\t\tclass=\"so-widget-sow-slider so-widget-sow-slider-default-6d39609536fd-7632\"\n\t\t\t\n\t\t>\t\t\t\t<div class=\"sow-slider-base\" style=\"display: none\" tabindex=\"0\">\n\t\t\t\t\t<ul\n\t\t\t\t\tclass=\"sow-slider-images\"\n\t\t\t\t\tdata-settings=\"{&quot;pagination&quot;:true,&quot;speed&quot;:800,&quot;timeout&quot;:8000,&quot;paused&quot;:false,&quot;pause_on_hover&quot;:false,&quot;swipe&quot;:true,&quot;nav_always_show_desktop&quot;:&quot;&quot;,&quot;nav_always_show_mobile&quot;:&quot;&quot;,&quot;breakpoint&quot;:&quot;780px&quot;,&quot;unmute&quot;:false,&quot;anchor&quot;:null}\"\n\t\t\t\t\t\t\t\t\t\tdata-anchor-id=\"\"\n\t\t\t\t>\t\t<li class=\"sow-slider-image\" style=\"visibility: visible;;cursor: pointer;\" data-url=\"{&quot;url&quot;:&quot;https:\\\/\\\/www.palax.fi\\\/en&quot;,&quot;new_window&quot;:true}\" >\n\t\t\t\t\t\t\t\t\t\t<a href=\"https:\/\/www.palax.fi\/en\"\n\t\t\t\t\t\t\t\t\t\t\t\t\t\t\ttarget=\"_blank\" \t\t\t\t\t\t\t\t\t\t\t\t\t\t\t\t\t\t\t\trel=\"noopener noreferrer\" \t\t\t\t\t\t\t\t\t>\n\t\t\t<img loading=\"lazy\" decoding=\"async\" width=\"2400\" height=\"1600\" src=\"https:\/\/www.keller-forstmaschinen.ch\/wp-content\/uploads\/2021\/02\/palax-d410-firewood-processor-2.jpg\" class=\"sow-slider-background-image\" alt=\"\" style=\"\" srcset=\"https:\/\/www.keller-forstmaschinen.ch\/wp-content\/uploads\/2021\/02\/palax-d410-firewood-processor-2.jpg 2400w, https:\/\/www.keller-forstmaschinen.ch\/wp-content\/uploads\/2021\/02\/palax-d410-firewood-processor-2-600x400.jpg 600w, https:\/\/www.keller-forstmaschinen.ch\/wp-content\/uploads\/2021\/02\/palax-d410-firewood-processor-2-300x200.jpg 300w, https:\/\/www.keller-forstmaschinen.ch\/wp-content\/uploads\/2021\/02\/palax-d410-firewood-processor-2-1024x683.jpg 1024w, https:\/\/www.keller-forstmaschinen.ch\/wp-content\/uploads\/2021\/02\/palax-d410-firewood-processor-2-768x512.jpg 768w, https:\/\/www.keller-forstmaschinen.ch\/wp-content\/uploads\/2021\/02\/palax-d410-firewood-processor-2-1536x1024.jpg 1536w, https:\/\/www.keller-forstmaschinen.ch\/wp-content\/uploads\/2021\/02\/palax-d410-firewood-processor-2-2048x1365.jpg 2048w, https:\/\/www.keller-forstmaschinen.ch\/wp-content\/uploads\/2021\/02\/palax-d410-firewood-processor-2-1920x1280.jpg 1920w, https:\/\/www.keller-forstmaschinen.ch\/wp-content\/uploads\/2021\/02\/palax-d410-firewood-processor-2-900x600.jpg 900w, https:\/\/www.keller-forstmaschinen.ch\/wp-content\/uploads\/2021\/02\/palax-d410-firewood-processor-2-1620x1080.jpg 1620w\" sizes=\"auto, (max-width: 2400px) 100vw, 2400px\" \/><\/a>\t\t<\/li>\n\t\t<\/ul>\t\t\t\t<ol class=\"sow-slider-pagination\">\n\t\t\t\t\t\t\t\t\t\t\t<li><a href=\"#\" data-goto=\"0\" aria-label=\"Display slide 1\"><\/a><\/li>\n\t\t\t\t\t\t\t\t\t<\/ol>\n\n\t\t\t\t<div class=\"sow-slide-nav sow-slide-nav-next\">\n\t\t\t\t\t<a href=\"#\" data-goto=\"next\" aria-label=\"Next slide\" data-action=\"next\">\n\t\t\t\t\t\t<em class=\"sow-sld-icon-thin-right\"><\/em>\n\t\t\t\t\t<\/a>\n\t\t\t\t<\/div>\n\n\t\t\t\t<div class=\"sow-slide-nav sow-slide-nav-prev\">\n\t\t\t\t\t<a href=\"#\" data-goto=\"previous\" aria-label=\"Previous slide\" data-action=\"prev\">\n\t\t\t\t\t\t<em class=\"sow-sld-icon-thin-left\"><\/em>\n\t\t\t\t\t<\/a>\n\t\t\t\t<\/div>\n\t\t\t\t<\/div><\/div><\/div><\/div><\/div><\/div><div id=\"pg-7632-1\"  class=\"panel-grid panel-has-style\" ><div class=\"pn_normal_row panel-row-style panel-row-style-for-7632-1\" ><div id=\"pgc-7632-1-0\"  class=\"panel-grid-cell\" ><div id=\"panel-7632-1-0-0\" class=\"so-panel widget widget_pn-text-widget panel-first-child panel-last-child\" data-index=\"1\" ><div\n\t\t\t\n\t\t\tclass=\"so-widget-pn-text-widget so-widget-pn-text-widget-base\"\n\t\t\t\n\t\t><div class=\"pn-text\">\r\n\t\t\t<div class=\"title\"><h2>Palax convainc <\/h2><\/div>\r\n\t\t\t<div class=\"subtitle\">gr\u00e2ce \u00e0 une longue exp\u00e9rience<\/div>\r\n\t\t\t<div class=\"text\"><p>Keller Forstmaschinen repr\u00e9sente la marque finlandaise Palax en Suisse.<\/p>\n<p>Palax se concentre durablement sur la conception, la fabrication et le d\u00e9veloppement de machines automatiques \u00e0 scier et \u00e0 fendre. Ils ma\u00eetrisent ce travail avec une exp\u00e9rience de plus d'un demi-si\u00e8cle et mettent la main \u00e0 la p\u00e2te pour chaque soudure et chaque d\u00e9tail.<\/p>\n<p>Nous avons ces machines <a href=\"https:\/\/www.keller-forstmaschinen.ch\/fr\/machines-palax\/\">en stock \u00e0 Wiedlisbach<\/a>.<\/p>\n<p>Cliquez ici pour acc\u00e9der au site web de <a href=\"https:\/\/palax.fi\/en\/\">Palax<\/a>.<\/p>\n<\/div>\r\n\t\t<\/div>\r\n\t<\/div>\r\n\t<\/div><\/div><\/div><\/div><\/div><div id=\"pg-7632-2\"  class=\"panel-grid panel-has-style\" ><div class=\"pn_stretch_row panel-row-style panel-row-style-for-7632-2\" ><div id=\"pgc-7632-2-0\"  class=\"panel-grid-cell\" ><div id=\"panel-7632-2-0-0\" class=\"so-panel widget widget_pn-gallery-widget panel-first-child\" data-index=\"2\" ><div\n\t\t\t\n\t\t\tclass=\"so-widget-pn-gallery-widget so-widget-pn-gallery-widget-base\"\n\t\t\t\n\t\t><div class=\"pn-row pn-gallery\">\r\n\t\t<h3><\/h3>\r\n\t\t<div class=\"container\">\r\n\t\t\t<div class=\"lightgallery row\"><a href=\"https:\/\/www.keller-forstmaschinen.ch\/wp-content\/uploads\/2023\/02\/palax-firewood-processor-d410-joystick-control-007-1619x1080.jpg\" class=\"pn-gallery-link\"><img decoding=\"async\" src=\"https:\/\/www.keller-forstmaschinen.ch\/wp-content\/uploads\/2023\/02\/palax-firewood-processor-d410-joystick-control-007-900x600.jpg\" alt=\"\" title=\"\" \/><\/a><a href=\"https:\/\/www.keller-forstmaschinen.ch\/wp-content\/uploads\/2021\/02\/palax-c1000Pro.jpg\" class=\"pn-gallery-link\"><img decoding=\"async\" src=\"https:\/\/www.keller-forstmaschinen.ch\/wp-content\/uploads\/2021\/02\/palax-c1000Pro.jpg\" alt=\"\" title=\"\" \/><\/a><\/div><\/div>\r\n\t<\/div>\r\n\t<\/div><\/div><div id=\"panel-7632-2-0-1\" class=\"so-panel widget widget_pn-telefon-widget panel-last-child\" data-index=\"3\" ><div\n\t\t\t\n\t\t\tclass=\"so-widget-pn-telefon-widget so-widget-pn-telefon-widget-base\"\n\t\t\t\n\t\t><div class=\"pn-telefon pn-row text-center\">\r\n\t\t<div class=\"description\">Votre partenaire pour Palax. <br \/>\nNous sommes \u00e0 votre service.<\/div>\r\n\t\t<div class=\"telefon\">+41 (0)32 636 04 44<\/div>\r\n\t<\/div>\r\n\t<\/div><\/div><\/div><\/div><\/div><div id=\"pg-7632-3\"  class=\"panel-grid panel-has-style\" ><div class=\"pn_stretch_row panel-row-style panel-row-style-for-7632-3\" ><div id=\"pgc-7632-3-0\"  class=\"panel-grid-cell\" ><div id=\"panel-7632-3-0-0\" class=\"so-panel widget widget_pn-roke-bar-widget panel-first-child panel-last-child\" data-index=\"4\" ><div\n\t\t\t\n\t\t\tclass=\"so-widget-pn-roke-bar-widget so-widget-pn-roke-bar-widget-base\"\n\t\t\t\n\t\t><div class=\"pn-roke-bar pn-row\">\r\n\t\t<a href=\"https:\/\/www.connecttech-swiss.ch\/fr\"><div class=\"container\">\r\n\t\t\t<div class=\"row justify-content-between  align-items-center\">\r\n\t\t\t\t<div class=\"col-6 roke-logo-div\"><img decoding=\"async\" src=\"https:\/\/www.keller-forstmaschinen.ch\/wp-content\/themes\/forstmaschinen\/img\/roke.svg\" alt=\"ROKE\" class=\"roke-logo\" \/><\/div>\r\n\t\t\t\t<div class=\"col-6 pn-row text-center\"><img decoding=\"async\" src=\"https:\/\/www.keller-forstmaschinen.ch\/wp-content\/uploads\/2019\/02\/roke_grafik.svg\" alt=\"Roke Beschreibung\" class=\"img-description\" \/><\/div>\r\n\t\t\t<\/div>\r\n\t\t<\/div><\/a>\r\n\t<\/div>\r\n\t<\/div><\/div><\/div><\/div><\/div><\/div>","protected":false},"excerpt":{"rendered":"<p>Palax convainc gr\u00e2ce \u00e0 une longue exp\u00e9rience Keller Forstmaschinen repr\u00e9sente la marque finlandaise Palax en Suisse. Palax se concentre durablement sur la conception, la fabrication et le d\u00e9veloppement de machines automatiques \u00e0 scier et \u00e0 fendre. Ils ma\u00eetrisent ce travail avec une exp\u00e9rience de plus d&rsquo;un demi-si\u00e8cle et mettent la main \u00e0 la p\u00e2te pour [&hellip;]<\/p>\n","protected":false},"author":3,"featured_media":0,"parent":1227,"menu_order":30,"comment_status":"closed","ping_status":"closed","template":"","meta":{"footnotes":""},"class_list":["post-7632","page","type-page","status-publish","hentry"],"yoast_head":"<!-- This site is optimized with the Yoast SEO plugin v26.9 - https:\/\/yoast.com\/product\/yoast-seo-wordpress\/ -->\n<title>PALAX - Keller Forstmaschinen<\/title>\n<meta name=\"robots\" content=\"index, follow, max-snippet:-1, max-image-preview:large, max-video-preview:-1\" \/>\n<link rel=\"canonical\" href=\"https:\/\/www.keller-forstmaschinen.ch\/fr\/palax\/\" \/>\n<meta property=\"og:locale\" content=\"fr_FR\" \/>\n<meta property=\"og:type\" content=\"article\" \/>\n<meta property=\"og:title\" content=\"PALAX - Keller Forstmaschinen\" \/>\n<meta property=\"og:description\" content=\"Palax convainc gr\u00e2ce \u00e0 une longue exp\u00e9rience Keller Forstmaschinen repr\u00e9sente la marque finlandaise Palax en Suisse. Palax se concentre durablement sur la conception, la fabrication et le d\u00e9veloppement de machines automatiques \u00e0 scier et \u00e0 fendre. Ils ma\u00eetrisent ce travail avec une exp\u00e9rience de plus d&#039;un demi-si\u00e8cle et mettent la main \u00e0 la p\u00e2te pour [&hellip;]\" \/>\n<meta property=\"og:url\" content=\"https:\/\/www.keller-forstmaschinen.ch\/fr\/palax\/\" \/>\n<meta property=\"og:site_name\" content=\"Keller Forstmaschinen\" \/>\n<meta property=\"article:publisher\" content=\"https:\/\/www.facebook.com\/KellerForstmaschinen\" \/>\n<meta property=\"article:modified_time\" content=\"2024-03-06T08:35:09+00:00\" \/>\n<meta name=\"twitter:card\" content=\"summary_large_image\" \/>\n<meta name=\"twitter:label1\" content=\"Dur\u00e9e de lecture estim\u00e9e\" \/>\n\t<meta name=\"twitter:data1\" content=\"1 minute\" \/>\n<script type=\"application\/ld+json\" class=\"yoast-schema-graph\">{\"@context\":\"https:\/\/schema.org\",\"@graph\":[{\"@type\":\"WebPage\",\"@id\":\"https:\/\/www.keller-forstmaschinen.ch\/fr\/palax\/\",\"url\":\"https:\/\/www.keller-forstmaschinen.ch\/fr\/palax\/\",\"name\":\"PALAX - Keller Forstmaschinen\",\"isPartOf\":{\"@id\":\"https:\/\/www.keller-forstmaschinen.ch\/#website\"},\"datePublished\":\"2024-03-04T15:46:52+00:00\",\"dateModified\":\"2024-03-06T08:35:09+00:00\",\"breadcrumb\":{\"@id\":\"https:\/\/www.keller-forstmaschinen.ch\/fr\/palax\/#breadcrumb\"},\"inLanguage\":\"fr-FR\",\"potentialAction\":[{\"@type\":\"ReadAction\",\"target\":[\"https:\/\/www.keller-forstmaschinen.ch\/fr\/palax\/\"]}]},{\"@type\":\"BreadcrumbList\",\"@id\":\"https:\/\/www.keller-forstmaschinen.ch\/fr\/palax\/#breadcrumb\",\"itemListElement\":[{\"@type\":\"ListItem\",\"position\":1,\"name\":\"Home\",\"item\":\"https:\/\/www.keller-forstmaschinen.ch\/fr\/\"},{\"@type\":\"ListItem\",\"position\":2,\"name\":\"PALAX\"}]},{\"@type\":\"WebSite\",\"@id\":\"https:\/\/www.keller-forstmaschinen.ch\/#website\",\"url\":\"https:\/\/www.keller-forstmaschinen.ch\/\",\"name\":\"Keller Forstmaschinen\",\"description\":\"Ihr Partner f\u00fcr Forstmaschinen\",\"publisher\":{\"@id\":\"https:\/\/www.keller-forstmaschinen.ch\/#organization\"},\"potentialAction\":[{\"@type\":\"SearchAction\",\"target\":{\"@type\":\"EntryPoint\",\"urlTemplate\":\"https:\/\/www.keller-forstmaschinen.ch\/?s={search_term_string}\"},\"query-input\":{\"@type\":\"PropertyValueSpecification\",\"valueRequired\":true,\"valueName\":\"search_term_string\"}}],\"inLanguage\":\"fr-FR\"},{\"@type\":\"Organization\",\"@id\":\"https:\/\/www.keller-forstmaschinen.ch\/#organization\",\"name\":\"KELLER FORSTMASCHINEN AG\",\"url\":\"https:\/\/www.keller-forstmaschinen.ch\/\",\"logo\":{\"@type\":\"ImageObject\",\"inLanguage\":\"fr-FR\",\"@id\":\"https:\/\/www.keller-forstmaschinen.ch\/#\/schema\/logo\/image\/\",\"url\":\"https:\/\/www.keller-forstmaschinen.ch\/wp-content\/uploads\/2021\/07\/Keller-Logo-2021.jpg\",\"contentUrl\":\"https:\/\/www.keller-forstmaschinen.ch\/wp-content\/uploads\/2021\/07\/Keller-Logo-2021.jpg\",\"width\":1082,\"height\":301,\"caption\":\"KELLER FORSTMASCHINEN AG\"},\"image\":{\"@id\":\"https:\/\/www.keller-forstmaschinen.ch\/#\/schema\/logo\/image\/\"},\"sameAs\":[\"https:\/\/www.facebook.com\/KellerForstmaschinen\",\"https:\/\/www.instagram.com\/keller_forstmaschinen\/\"]}]}<\/script>\n<!-- \/ Yoast SEO plugin. -->","yoast_head_json":{"title":"PALAX - Keller Forstmaschinen","robots":{"index":"index","follow":"follow","max-snippet":"max-snippet:-1","max-image-preview":"max-image-preview:large","max-video-preview":"max-video-preview:-1"},"canonical":"https:\/\/www.keller-forstmaschinen.ch\/fr\/palax\/","og_locale":"fr_FR","og_type":"article","og_title":"PALAX - Keller Forstmaschinen","og_description":"Palax convainc gr\u00e2ce \u00e0 une longue exp\u00e9rience Keller Forstmaschinen repr\u00e9sente la marque finlandaise Palax en Suisse. Palax se concentre durablement sur la conception, la fabrication et le d\u00e9veloppement de machines automatiques \u00e0 scier et \u00e0 fendre. Ils ma\u00eetrisent ce travail avec une exp\u00e9rience de plus d'un demi-si\u00e8cle et mettent la main \u00e0 la p\u00e2te pour [&hellip;]","og_url":"https:\/\/www.keller-forstmaschinen.ch\/fr\/palax\/","og_site_name":"Keller Forstmaschinen","article_publisher":"https:\/\/www.facebook.com\/KellerForstmaschinen","article_modified_time":"2024-03-06T08:35:09+00:00","twitter_card":"summary_large_image","twitter_misc":{"Dur\u00e9e de lecture estim\u00e9e":"1 minute"},"schema":{"@context":"https:\/\/schema.org","@graph":[{"@type":"WebPage","@id":"https:\/\/www.keller-forstmaschinen.ch\/fr\/palax\/","url":"https:\/\/www.keller-forstmaschinen.ch\/fr\/palax\/","name":"PALAX - Keller Forstmaschinen","isPartOf":{"@id":"https:\/\/www.keller-forstmaschinen.ch\/#website"},"datePublished":"2024-03-04T15:46:52+00:00","dateModified":"2024-03-06T08:35:09+00:00","breadcrumb":{"@id":"https:\/\/www.keller-forstmaschinen.ch\/fr\/palax\/#breadcrumb"},"inLanguage":"fr-FR","potentialAction":[{"@type":"ReadAction","target":["https:\/\/www.keller-forstmaschinen.ch\/fr\/palax\/"]}]},{"@type":"BreadcrumbList","@id":"https:\/\/www.keller-forstmaschinen.ch\/fr\/palax\/#breadcrumb","itemListElement":[{"@type":"ListItem","position":1,"name":"Home","item":"https:\/\/www.keller-forstmaschinen.ch\/fr\/"},{"@type":"ListItem","position":2,"name":"PALAX"}]},{"@type":"WebSite","@id":"https:\/\/www.keller-forstmaschinen.ch\/#website","url":"https:\/\/www.keller-forstmaschinen.ch\/","name":"Keller Forstmaschinen","description":"Ihr Partner f\u00fcr Forstmaschinen","publisher":{"@id":"https:\/\/www.keller-forstmaschinen.ch\/#organization"},"potentialAction":[{"@type":"SearchAction","target":{"@type":"EntryPoint","urlTemplate":"https:\/\/www.keller-forstmaschinen.ch\/?s={search_term_string}"},"query-input":{"@type":"PropertyValueSpecification","valueRequired":true,"valueName":"search_term_string"}}],"inLanguage":"fr-FR"},{"@type":"Organization","@id":"https:\/\/www.keller-forstmaschinen.ch\/#organization","name":"KELLER FORSTMASCHINEN AG","url":"https:\/\/www.keller-forstmaschinen.ch\/","logo":{"@type":"ImageObject","inLanguage":"fr-FR","@id":"https:\/\/www.keller-forstmaschinen.ch\/#\/schema\/logo\/image\/","url":"https:\/\/www.keller-forstmaschinen.ch\/wp-content\/uploads\/2021\/07\/Keller-Logo-2021.jpg","contentUrl":"https:\/\/www.keller-forstmaschinen.ch\/wp-content\/uploads\/2021\/07\/Keller-Logo-2021.jpg","width":1082,"height":301,"caption":"KELLER FORSTMASCHINEN AG"},"image":{"@id":"https:\/\/www.keller-forstmaschinen.ch\/#\/schema\/logo\/image\/"},"sameAs":["https:\/\/www.facebook.com\/KellerForstmaschinen","https:\/\/www.instagram.com\/keller_forstmaschinen\/"]}]}},"_links":{"self":[{"href":"https:\/\/www.keller-forstmaschinen.ch\/fr\/wp-json\/wp\/v2\/pages\/7632","targetHints":{"allow":["GET"]}}],"collection":[{"href":"https:\/\/www.keller-forstmaschinen.ch\/fr\/wp-json\/wp\/v2\/pages"}],"about":[{"href":"https:\/\/www.keller-forstmaschinen.ch\/fr\/wp-json\/wp\/v2\/types\/page"}],"author":[{"embeddable":true,"href":"https:\/\/www.keller-forstmaschinen.ch\/fr\/wp-json\/wp\/v2\/users\/3"}],"replies":[{"embeddable":true,"href":"https:\/\/www.keller-forstmaschinen.ch\/fr\/wp-json\/wp\/v2\/comments?post=7632"}],"version-history":[{"count":3,"href":"https:\/\/www.keller-forstmaschinen.ch\/fr\/wp-json\/wp\/v2\/pages\/7632\/revisions"}],"predecessor-version":[{"id":7910,"href":"https:\/\/www.keller-forstmaschinen.ch\/fr\/wp-json\/wp\/v2\/pages\/7632\/revisions\/7910"}],"up":[{"embeddable":true,"href":"https:\/\/www.keller-forstmaschinen.ch\/fr\/wp-json\/wp\/v2\/pages\/1227"}],"wp:attachment":[{"href":"https:\/\/www.keller-forstmaschinen.ch\/fr\/wp-json\/wp\/v2\/media?parent=7632"}],"curies":[{"name":"wp","href":"https:\/\/api.w.org\/{rel}","templated":true}]}}