{"id":7636,"date":"2024-03-04T16:47:13","date_gmt":"2024-03-04T15:47:13","guid":{"rendered":"https:\/\/www.keller-forstmaschinen.ch\/?page_id=7636"},"modified":"2024-04-26T09:42:08","modified_gmt":"2024-04-26T07:42:08","slug":"farma-bigab","status":"publish","type":"page","link":"https:\/\/www.keller-forstmaschinen.ch\/fr\/produits\/farma-bigab\/","title":{"rendered":"FARMA &#038; BIGAB"},"content":{"rendered":"<div id=\"pl-7636\"  class=\"panel-layout\" ><div id=\"pg-7636-0\"  class=\"panel-grid panel-has-style\" ><div class=\"pn_stretch_row panel-row-style panel-row-style-for-7636-0\" ><div id=\"pgc-7636-0-0\"  class=\"panel-grid-cell\" ><div id=\"panel-7636-0-0-0\" class=\"so-panel widget widget_sow-slider panel-first-child panel-last-child\" data-index=\"0\" ><div\n\t\t\t\n\t\t\tclass=\"so-widget-sow-slider so-widget-sow-slider-default-6d39609536fd-7636\"\n\t\t\t\n\t\t>\t\t\t\t<div class=\"sow-slider-base\" style=\"display: none\" tabindex=\"0\">\n\t\t\t\t\t<ul\n\t\t\t\t\tclass=\"sow-slider-images\"\n\t\t\t\t\tdata-settings=\"{&quot;pagination&quot;:true,&quot;speed&quot;:800,&quot;timeout&quot;:8000,&quot;paused&quot;:false,&quot;pause_on_hover&quot;:false,&quot;swipe&quot;:true,&quot;nav_always_show_desktop&quot;:&quot;&quot;,&quot;nav_always_show_mobile&quot;:&quot;&quot;,&quot;breakpoint&quot;:&quot;780px&quot;,&quot;unmute&quot;:false,&quot;anchor&quot;:null}\"\n\t\t\t\t\t\t\t\t\t\tdata-anchor-id=\"\"\n\t\t\t\t>\t\t<li class=\"sow-slider-image\" style=\"visibility: visible;;cursor: pointer;\" data-url=\"{&quot;url&quot;:&quot;https:\\\/\\\/www.keller-forstmaschinen.ch\\\/produkte\\\/farma-bigab\\\/&quot;,&quot;new_window&quot;:true}\" >\n\t\t\t\t\t\t\t\t\t\t<a href=\"https:\/\/www.keller-forstmaschinen.ch\/produkte\/farma-bigab\/\"\n\t\t\t\t\t\t\t\t\t\t\t\t\t\t\ttarget=\"_blank\" \t\t\t\t\t\t\t\t\t\t\t\t\t\t\t\t\t\t\t\trel=\"noopener noreferrer\" \t\t\t\t\t\t\t\t\t>\n\t\t\t<img loading=\"lazy\" decoding=\"async\" width=\"1022\" height=\"263\" src=\"https:\/\/www.keller-forstmaschinen.ch\/wp-content\/uploads\/2021\/02\/FarmaBigab1.jpg\" class=\"sow-slider-background-image\" alt=\"\" style=\"\" srcset=\"https:\/\/www.keller-forstmaschinen.ch\/wp-content\/uploads\/2021\/02\/FarmaBigab1.jpg 1022w, https:\/\/www.keller-forstmaschinen.ch\/wp-content\/uploads\/2021\/02\/FarmaBigab1-600x154.jpg 600w, https:\/\/www.keller-forstmaschinen.ch\/wp-content\/uploads\/2021\/02\/FarmaBigab1-300x77.jpg 300w, https:\/\/www.keller-forstmaschinen.ch\/wp-content\/uploads\/2021\/02\/FarmaBigab1-768x198.jpg 768w\" sizes=\"auto, (max-width: 1022px) 100vw, 1022px\" \/><\/a>\t\t<\/li>\n\t\t<\/ul>\t\t\t\t<ol class=\"sow-slider-pagination\">\n\t\t\t\t\t\t\t\t\t\t\t<li><a href=\"#\" data-goto=\"0\" aria-label=\"Display slide 1\"><\/a><\/li>\n\t\t\t\t\t\t\t\t\t<\/ol>\n\n\t\t\t\t<div class=\"sow-slide-nav sow-slide-nav-next\">\n\t\t\t\t\t<a href=\"#\" data-goto=\"next\" aria-label=\"Next slide\" data-action=\"next\">\n\t\t\t\t\t\t<em class=\"sow-sld-icon-thin-right\"><\/em>\n\t\t\t\t\t<\/a>\n\t\t\t\t<\/div>\n\n\t\t\t\t<div class=\"sow-slide-nav sow-slide-nav-prev\">\n\t\t\t\t\t<a href=\"#\" data-goto=\"previous\" aria-label=\"Previous slide\" data-action=\"prev\">\n\t\t\t\t\t\t<em class=\"sow-sld-icon-thin-left\"><\/em>\n\t\t\t\t\t<\/a>\n\t\t\t\t<\/div>\n\t\t\t\t<\/div><\/div><\/div><\/div><\/div><\/div><div id=\"pg-7636-1\"  class=\"panel-grid panel-has-style\" ><div class=\"pn_normal_row panel-row-style panel-row-style-for-7636-1\" ><div id=\"pgc-7636-1-0\"  class=\"panel-grid-cell\" ><div id=\"panel-7636-1-0-0\" class=\"so-panel widget widget_pn-text-widget panel-first-child panel-last-child\" data-index=\"1\" ><div\n\t\t\t\n\t\t\tclass=\"so-widget-pn-text-widget so-widget-pn-text-widget-base\"\n\t\t\t\n\t\t><div class=\"pn-text\">\r\n\t\t\t<div class=\"title\"><h2>Rend les choses un peu plus faciles<\/h2><\/div>\r\n\t\t\t<div class=\"subtitle\">FARMA et BIGAB<\/div>\r\n\t\t\t<div class=\"text\"><p>Keller Forstmaschinen repr\u00e9sente les marques FARMA et BIGAB en Suisse.<\/p>\n<p>Les camions de d\u00e9bardage, les grues et l'assortiment d'accessoires de FARMA ne sont qu'une partie de la gamme de produits de MW pour l'exploitation foresti\u00e8re. D\u00e9velopp\u00e9s pour les petites et grandes exploitations foresti\u00e8res. Cliquez ici pour acc\u00e9der au site web de <a href=\"https:\/\/www.forsmw.com\/fr\">FARMA et BIGAB<\/a>.<\/p>\n<p>Nous sommes \u00e0 votre disposition. Nous vous conseillons dans la vente, les r\u00e9parations et le service apr\u00e8s-vente.<\/p>\n<\/div>\r\n\t\t<\/div>\r\n\t<\/div>\r\n\t<\/div><\/div><\/div><\/div><\/div><div id=\"pg-7636-2\"  class=\"panel-grid panel-has-style\" ><div class=\"pn_stretch_row panel-row-style panel-row-style-for-7636-2\" ><div id=\"pgc-7636-2-0\"  class=\"panel-grid-cell\" ><div id=\"panel-7636-2-0-0\" class=\"so-panel widget widget_pn-telefon-widget panel-first-child panel-last-child\" data-index=\"2\" ><div\n\t\t\t\n\t\t\tclass=\"so-widget-pn-telefon-widget so-widget-pn-telefon-widget-base\"\n\t\t\t\n\t\t><div class=\"pn-telefon pn-row text-center\">\r\n\t\t<div class=\"description\">Votre partenaire pour FARMA et BIGAB. <br \/>\nNous sommes \u00e0 votre service.<\/div>\r\n\t\t<div class=\"telefon\">+41 (0)32 636 04 44<\/div>\r\n\t<\/div>\r\n\t<\/div><\/div><\/div><\/div><\/div><div id=\"pg-7636-3\"  class=\"panel-grid panel-has-style\" ><div class=\"pn_stretch_row panel-row-style panel-row-style-for-7636-3\" ><div id=\"pgc-7636-3-0\"  class=\"panel-grid-cell\" ><div id=\"panel-7636-3-0-0\" class=\"so-panel widget widget_pn-roke-bar-widget panel-first-child panel-last-child\" data-index=\"3\" ><div\n\t\t\t\n\t\t\tclass=\"so-widget-pn-roke-bar-widget so-widget-pn-roke-bar-widget-base\"\n\t\t\t\n\t\t><div class=\"pn-roke-bar pn-row\">\r\n\t\t<a href=\"https:\/\/www.connecttech-swiss.ch\/de\"><div class=\"container\">\r\n\t\t\t<div class=\"row justify-content-between  align-items-center\">\r\n\t\t\t\t<div class=\"col-6 roke-logo-div\"><img decoding=\"async\" src=\"https:\/\/www.keller-forstmaschinen.ch\/wp-content\/themes\/forstmaschinen\/img\/roke.svg\" alt=\"ROKE\" class=\"roke-logo\" \/><\/div>\r\n\t\t\t\t<div class=\"col-6 pn-row text-center\"><img decoding=\"async\" src=\"https:\/\/www.keller-forstmaschinen.ch\/wp-content\/uploads\/2019\/02\/roke_grafik.svg\" alt=\"Roke Beschreibung\" class=\"img-description\" \/><\/div>\r\n\t\t\t<\/div>\r\n\t\t<\/div><\/a>\r\n\t<\/div>\r\n\t<\/div><\/div><\/div><\/div><\/div><\/div>","protected":false},"excerpt":{"rendered":"<p>Rend les choses un peu plus faciles FARMA et BIGAB Keller Forstmaschinen repr\u00e9sente les marques FARMA et BIGAB en Suisse. Les camions de d\u00e9bardage, les grues et l&rsquo;assortiment d&rsquo;accessoires de FARMA ne sont qu&rsquo;une partie de la gamme de produits de MW pour l&rsquo;exploitation foresti\u00e8re. D\u00e9velopp\u00e9s pour les petites et grandes exploitations foresti\u00e8res. Cliquez ici [&hellip;]<\/p>\n","protected":false},"author":3,"featured_media":0,"parent":1227,"menu_order":40,"comment_status":"closed","ping_status":"closed","template":"","meta":{"footnotes":""},"class_list":["post-7636","page","type-page","status-publish","hentry"],"yoast_head":"<!-- This site is optimized with the Yoast SEO plugin v26.9 - https:\/\/yoast.com\/product\/yoast-seo-wordpress\/ -->\n<title>FARMA &amp; BIGAB - Keller Forstmaschinen<\/title>\n<meta name=\"robots\" content=\"index, follow, max-snippet:-1, max-image-preview:large, max-video-preview:-1\" \/>\n<link rel=\"canonical\" href=\"https:\/\/www.keller-forstmaschinen.ch\/fr\/produits\/farma-bigab\/\" \/>\n<meta property=\"og:locale\" content=\"fr_FR\" \/>\n<meta property=\"og:type\" content=\"article\" \/>\n<meta property=\"og:title\" content=\"FARMA &amp; BIGAB - Keller Forstmaschinen\" \/>\n<meta property=\"og:description\" content=\"Rend les choses un peu plus faciles FARMA et BIGAB Keller Forstmaschinen repr\u00e9sente les marques FARMA et BIGAB en Suisse. Les camions de d\u00e9bardage, les grues et l&#039;assortiment d&#039;accessoires de FARMA ne sont qu&#039;une partie de la gamme de produits de MW pour l&#039;exploitation foresti\u00e8re. D\u00e9velopp\u00e9s pour les petites et grandes exploitations foresti\u00e8res. Cliquez ici [&hellip;]\" \/>\n<meta property=\"og:url\" content=\"https:\/\/www.keller-forstmaschinen.ch\/fr\/produits\/farma-bigab\/\" \/>\n<meta property=\"og:site_name\" content=\"Keller Forstmaschinen\" \/>\n<meta property=\"article:publisher\" content=\"https:\/\/www.facebook.com\/KellerForstmaschinen\" \/>\n<meta property=\"article:modified_time\" content=\"2024-04-26T07:42:08+00:00\" \/>\n<meta name=\"twitter:card\" content=\"summary_large_image\" \/>\n<meta name=\"twitter:label1\" content=\"Dur\u00e9e de lecture estim\u00e9e\" \/>\n\t<meta name=\"twitter:data1\" content=\"1 minute\" \/>\n<script type=\"application\/ld+json\" class=\"yoast-schema-graph\">{\"@context\":\"https:\/\/schema.org\",\"@graph\":[{\"@type\":\"WebPage\",\"@id\":\"https:\/\/www.keller-forstmaschinen.ch\/fr\/produits\/farma-bigab\/\",\"url\":\"https:\/\/www.keller-forstmaschinen.ch\/fr\/produits\/farma-bigab\/\",\"name\":\"FARMA & BIGAB - Keller Forstmaschinen\",\"isPartOf\":{\"@id\":\"https:\/\/www.keller-forstmaschinen.ch\/#website\"},\"datePublished\":\"2024-03-04T15:47:13+00:00\",\"dateModified\":\"2024-04-26T07:42:08+00:00\",\"breadcrumb\":{\"@id\":\"https:\/\/www.keller-forstmaschinen.ch\/fr\/produits\/farma-bigab\/#breadcrumb\"},\"inLanguage\":\"fr-FR\",\"potentialAction\":[{\"@type\":\"ReadAction\",\"target\":[\"https:\/\/www.keller-forstmaschinen.ch\/fr\/produits\/farma-bigab\/\"]}]},{\"@type\":\"BreadcrumbList\",\"@id\":\"https:\/\/www.keller-forstmaschinen.ch\/fr\/produits\/farma-bigab\/#breadcrumb\",\"itemListElement\":[{\"@type\":\"ListItem\",\"position\":1,\"name\":\"Home\",\"item\":\"https:\/\/www.keller-forstmaschinen.ch\/fr\/\"},{\"@type\":\"ListItem\",\"position\":2,\"name\":\"Produkte\",\"item\":\"https:\/\/www.keller-forstmaschinen.ch\/fr\/?page_id=1227\"},{\"@type\":\"ListItem\",\"position\":3,\"name\":\"FARMA &#038; BIGAB\"}]},{\"@type\":\"WebSite\",\"@id\":\"https:\/\/www.keller-forstmaschinen.ch\/#website\",\"url\":\"https:\/\/www.keller-forstmaschinen.ch\/\",\"name\":\"Keller Forstmaschinen\",\"description\":\"Ihr Partner f\u00fcr Forstmaschinen\",\"publisher\":{\"@id\":\"https:\/\/www.keller-forstmaschinen.ch\/#organization\"},\"potentialAction\":[{\"@type\":\"SearchAction\",\"target\":{\"@type\":\"EntryPoint\",\"urlTemplate\":\"https:\/\/www.keller-forstmaschinen.ch\/?s={search_term_string}\"},\"query-input\":{\"@type\":\"PropertyValueSpecification\",\"valueRequired\":true,\"valueName\":\"search_term_string\"}}],\"inLanguage\":\"fr-FR\"},{\"@type\":\"Organization\",\"@id\":\"https:\/\/www.keller-forstmaschinen.ch\/#organization\",\"name\":\"KELLER FORSTMASCHINEN AG\",\"url\":\"https:\/\/www.keller-forstmaschinen.ch\/\",\"logo\":{\"@type\":\"ImageObject\",\"inLanguage\":\"fr-FR\",\"@id\":\"https:\/\/www.keller-forstmaschinen.ch\/#\/schema\/logo\/image\/\",\"url\":\"https:\/\/www.keller-forstmaschinen.ch\/wp-content\/uploads\/2021\/07\/Keller-Logo-2021.jpg\",\"contentUrl\":\"https:\/\/www.keller-forstmaschinen.ch\/wp-content\/uploads\/2021\/07\/Keller-Logo-2021.jpg\",\"width\":1082,\"height\":301,\"caption\":\"KELLER FORSTMASCHINEN AG\"},\"image\":{\"@id\":\"https:\/\/www.keller-forstmaschinen.ch\/#\/schema\/logo\/image\/\"},\"sameAs\":[\"https:\/\/www.facebook.com\/KellerForstmaschinen\",\"https:\/\/www.instagram.com\/keller_forstmaschinen\/\"]}]}<\/script>\n<!-- \/ Yoast SEO plugin. -->","yoast_head_json":{"title":"FARMA & BIGAB - Keller Forstmaschinen","robots":{"index":"index","follow":"follow","max-snippet":"max-snippet:-1","max-image-preview":"max-image-preview:large","max-video-preview":"max-video-preview:-1"},"canonical":"https:\/\/www.keller-forstmaschinen.ch\/fr\/produits\/farma-bigab\/","og_locale":"fr_FR","og_type":"article","og_title":"FARMA & BIGAB - Keller Forstmaschinen","og_description":"Rend les choses un peu plus faciles FARMA et BIGAB Keller Forstmaschinen repr\u00e9sente les marques FARMA et BIGAB en Suisse. Les camions de d\u00e9bardage, les grues et l'assortiment d'accessoires de FARMA ne sont qu'une partie de la gamme de produits de MW pour l'exploitation foresti\u00e8re. D\u00e9velopp\u00e9s pour les petites et grandes exploitations foresti\u00e8res. Cliquez ici [&hellip;]","og_url":"https:\/\/www.keller-forstmaschinen.ch\/fr\/produits\/farma-bigab\/","og_site_name":"Keller Forstmaschinen","article_publisher":"https:\/\/www.facebook.com\/KellerForstmaschinen","article_modified_time":"2024-04-26T07:42:08+00:00","twitter_card":"summary_large_image","twitter_misc":{"Dur\u00e9e de lecture estim\u00e9e":"1 minute"},"schema":{"@context":"https:\/\/schema.org","@graph":[{"@type":"WebPage","@id":"https:\/\/www.keller-forstmaschinen.ch\/fr\/produits\/farma-bigab\/","url":"https:\/\/www.keller-forstmaschinen.ch\/fr\/produits\/farma-bigab\/","name":"FARMA & BIGAB - Keller Forstmaschinen","isPartOf":{"@id":"https:\/\/www.keller-forstmaschinen.ch\/#website"},"datePublished":"2024-03-04T15:47:13+00:00","dateModified":"2024-04-26T07:42:08+00:00","breadcrumb":{"@id":"https:\/\/www.keller-forstmaschinen.ch\/fr\/produits\/farma-bigab\/#breadcrumb"},"inLanguage":"fr-FR","potentialAction":[{"@type":"ReadAction","target":["https:\/\/www.keller-forstmaschinen.ch\/fr\/produits\/farma-bigab\/"]}]},{"@type":"BreadcrumbList","@id":"https:\/\/www.keller-forstmaschinen.ch\/fr\/produits\/farma-bigab\/#breadcrumb","itemListElement":[{"@type":"ListItem","position":1,"name":"Home","item":"https:\/\/www.keller-forstmaschinen.ch\/fr\/"},{"@type":"ListItem","position":2,"name":"Produkte","item":"https:\/\/www.keller-forstmaschinen.ch\/fr\/?page_id=1227"},{"@type":"ListItem","position":3,"name":"FARMA &#038; BIGAB"}]},{"@type":"WebSite","@id":"https:\/\/www.keller-forstmaschinen.ch\/#website","url":"https:\/\/www.keller-forstmaschinen.ch\/","name":"Keller Forstmaschinen","description":"Ihr Partner f\u00fcr Forstmaschinen","publisher":{"@id":"https:\/\/www.keller-forstmaschinen.ch\/#organization"},"potentialAction":[{"@type":"SearchAction","target":{"@type":"EntryPoint","urlTemplate":"https:\/\/www.keller-forstmaschinen.ch\/?s={search_term_string}"},"query-input":{"@type":"PropertyValueSpecification","valueRequired":true,"valueName":"search_term_string"}}],"inLanguage":"fr-FR"},{"@type":"Organization","@id":"https:\/\/www.keller-forstmaschinen.ch\/#organization","name":"KELLER FORSTMASCHINEN AG","url":"https:\/\/www.keller-forstmaschinen.ch\/","logo":{"@type":"ImageObject","inLanguage":"fr-FR","@id":"https:\/\/www.keller-forstmaschinen.ch\/#\/schema\/logo\/image\/","url":"https:\/\/www.keller-forstmaschinen.ch\/wp-content\/uploads\/2021\/07\/Keller-Logo-2021.jpg","contentUrl":"https:\/\/www.keller-forstmaschinen.ch\/wp-content\/uploads\/2021\/07\/Keller-Logo-2021.jpg","width":1082,"height":301,"caption":"KELLER FORSTMASCHINEN AG"},"image":{"@id":"https:\/\/www.keller-forstmaschinen.ch\/#\/schema\/logo\/image\/"},"sameAs":["https:\/\/www.facebook.com\/KellerForstmaschinen","https:\/\/www.instagram.com\/keller_forstmaschinen\/"]}]}},"_links":{"self":[{"href":"https:\/\/www.keller-forstmaschinen.ch\/fr\/wp-json\/wp\/v2\/pages\/7636","targetHints":{"allow":["GET"]}}],"collection":[{"href":"https:\/\/www.keller-forstmaschinen.ch\/fr\/wp-json\/wp\/v2\/pages"}],"about":[{"href":"https:\/\/www.keller-forstmaschinen.ch\/fr\/wp-json\/wp\/v2\/types\/page"}],"author":[{"embeddable":true,"href":"https:\/\/www.keller-forstmaschinen.ch\/fr\/wp-json\/wp\/v2\/users\/3"}],"replies":[{"embeddable":true,"href":"https:\/\/www.keller-forstmaschinen.ch\/fr\/wp-json\/wp\/v2\/comments?post=7636"}],"version-history":[{"count":4,"href":"https:\/\/www.keller-forstmaschinen.ch\/fr\/wp-json\/wp\/v2\/pages\/7636\/revisions"}],"predecessor-version":[{"id":7904,"href":"https:\/\/www.keller-forstmaschinen.ch\/fr\/wp-json\/wp\/v2\/pages\/7636\/revisions\/7904"}],"up":[{"embeddable":true,"href":"https:\/\/www.keller-forstmaschinen.ch\/fr\/wp-json\/wp\/v2\/pages\/1227"}],"wp:attachment":[{"href":"https:\/\/www.keller-forstmaschinen.ch\/fr\/wp-json\/wp\/v2\/media?parent=7636"}],"curies":[{"name":"wp","href":"https:\/\/api.w.org\/{rel}","templated":true}]}}