{"id":7638,"date":"2024-03-04T16:47:22","date_gmt":"2024-03-04T15:47:22","guid":{"rendered":"https:\/\/www.keller-forstmaschinen.ch\/?page_id=7638"},"modified":"2026-01-06T16:32:43","modified_gmt":"2026-01-06T15:32:43","slug":"autres-marques","status":"publish","type":"page","link":"https:\/\/www.keller-forstmaschinen.ch\/fr\/produits\/autres-marques\/","title":{"rendered":"Autres marques"},"content":{"rendered":"<div id=\"pl-7638\"  class=\"panel-layout\" ><div id=\"pg-7638-0\"  class=\"panel-grid panel-has-style\" ><div class=\"pn_normal_row panel-row-style panel-row-style-for-7638-0\" ><div id=\"pgc-7638-0-0\"  class=\"panel-grid-cell\" ><div id=\"panel-7638-0-0-0\" class=\"so-panel widget widget_pn-text-widget panel-first-child panel-last-child\" data-index=\"0\" ><div\n\t\t\t\n\t\t\tclass=\"so-widget-pn-text-widget so-widget-pn-text-widget-base\"\n\t\t\t\n\t\t><div class=\"pn-text\">\r\n\t\t\t<div class=\"title\"><h2>Ce qui fait battre le c\u0153ur<\/h2><\/div>\r\n\t\t\t<div class=\"subtitle\">Nous l'avons.<\/div>\r\n\t\t\t<div class=\"text\"><p>C'est pour une bonne raison que nous nous occupons d'un grand nombre d'autres marques dans notre assortiment, car les machines foresti\u00e8res sont notre passion.<\/p>\n<p>Keller Forstmaschinen propose la vente, la r\u00e9paration et le service g\u00e9n\u00e9ral des marques suivantes :<\/p>\n<\/div>\r\n\t\t<\/div>\r\n\t<\/div>\r\n\t<\/div><\/div><\/div><\/div><\/div><div id=\"pg-7638-1\"  class=\"panel-grid panel-has-style\" ><div class=\"pn_stretch_row panel-row-style panel-row-style-for-7638-1\" ><div id=\"pgc-7638-1-0\"  class=\"panel-grid-cell\" ><div id=\"panel-7638-1-0-0\" class=\"so-panel widget widget_pn-product-widget panel-first-child panel-last-child\" data-index=\"1\" ><div\n\t\t\t\n\t\t\tclass=\"so-widget-pn-product-widget so-widget-pn-product-widget-base\"\n\t\t\t\n\t\t><div class=\"pn-box-wrapper pn-row\">\r\n\t \t<h3><\/h3>\r\n\t\t<div class=\"container\">\r\n\t\t\t<div class=\"row\">\r\n\t\t\t\t<div class=\"pn-product col-12 col-12 col-sm-6\"><a href=\"https:\/\/www.keller-forstmaschinen.ch\/fr\/produits\/farmikko\/\"  class=\"pn-product-link\"><img decoding=\"async\" src=\"https:\/\/www.keller-forstmaschinen.ch\/wp-content\/uploads\/2024\/10\/TOB3021-900x600.jpg\" alt=\"Farmikko\" \/>\r\n\t\t\t\t\t<div class=\"pn-product-text\">\r\n\t\t\t\t\t\t<div class=\"pn-product-name\">Farmikko<\/div>\r\n\t\t\t\t\t\t<div class=\"pn-product-shortdescription\"><\/div>\r\n\t\t\t\t\t<\/div><\/a>\r\n\t\t\t\t<\/div>\r\n\t\t\t\t<div class=\"pn-product col-12 col-12 col-sm-6\"><a href=\"https:\/\/www.keller-forstmaschinen.ch\/produkte\/farma-bigab\/\"  class=\"pn-product-link\"><img decoding=\"async\" src=\"https:\/\/www.keller-forstmaschinen.ch\/wp-content\/uploads\/2024\/08\/8.png\" alt=\"Farma &amp; Bigab\" \/>\r\n\t\t\t\t\t<div class=\"pn-product-text\">\r\n\t\t\t\t\t\t<div class=\"pn-product-name\">Farma &amp; Bigab<\/div>\r\n\t\t\t\t\t\t<div class=\"pn-product-shortdescription\">Remorques en bois &amp; remorques de levage \u00e0 crochet<\/div>\r\n\t\t\t\t\t<\/div><\/a>\r\n\t\t\t\t<\/div>\r\n\t\t\t\t<div class=\"pn-product col-12 col-12 col-sm-6\"><a href=\"https:\/\/www.keller-forstmaschinen.ch\/produkte\/palax\/\"  class=\"pn-product-link\"><img decoding=\"async\" src=\"https:\/\/www.keller-forstmaschinen.ch\/wp-content\/uploads\/2022\/05\/palax-d360-egro-pto-el-firewood-processor-900x600.jpg\" alt=\"Palax\" \/>\r\n\t\t\t\t\t<div class=\"pn-product-text\">\r\n\t\t\t\t\t\t<div class=\"pn-product-name\">Palax<\/div>\r\n\t\t\t\t\t\t<div class=\"pn-product-shortdescription\">Technique du bois de chauffage<\/div>\r\n\t\t\t\t\t<\/div><\/a>\r\n\t\t\t\t<\/div>\r\n\t\t\t\t<div class=\"pn-product col-12 col-12 col-sm-6\"><a href=\"https:\/\/www.hypro.se\/sv\/index\"  class=\"pn-product-link\"><img decoding=\"async\" src=\"https:\/\/www.keller-forstmaschinen.ch\/wp-content\/uploads\/2020\/08\/hypro-900x600.jpg\" alt=\"Hypro\" \/>\r\n\t\t\t\t\t<div class=\"pn-product-text\">\r\n\t\t\t\t\t\t<div class=\"pn-product-name\">Hypro<\/div>\r\n\t\t\t\t\t\t<div class=\"pn-product-shortdescription\">Processeur de culture\/chariot de retour<\/div>\r\n\t\t\t\t\t<\/div><\/a>\r\n\t\t\t\t<\/div>\r\n\t\t\t\t<div class=\"pn-product col-12 col-12 col-sm-6\"><a href=\"https:\/\/www.westtech.at\/produkte\/\"  class=\"pn-product-link\"><img decoding=\"async\" src=\"https:\/\/www.keller-forstmaschinen.ch\/wp-content\/uploads\/2020\/07\/westtech-900x600.jpg\" alt=\"Woodcracker\" \/>\r\n\t\t\t\t\t<div class=\"pn-product-text\">\r\n\t\t\t\t\t\t<div class=\"pn-product-name\">Woodcracker<\/div>\r\n\t\t\t\t\t\t<div class=\"pn-product-shortdescription\">Pince \u00e0 fendre<\/div>\r\n\t\t\t\t\t<\/div><\/a>\r\n\t\t\t\t<\/div>\r\n\t\t\t\t<div class=\"pn-product col-12 col-12 col-sm-6\"><a href=\"https:\/\/www.keller-forstmaschinen.ch\/produkte\/biojack\/\"  class=\"pn-product-link\"><img decoding=\"async\" src=\"https:\/\/www.keller-forstmaschinen.ch\/wp-content\/uploads\/2020\/07\/Biojack-800x600.png\" alt=\"Biojack\" \/>\r\n\t\t\t\t\t<div class=\"pn-product-text\">\r\n\t\t\t\t\t\t<div class=\"pn-product-name\">Biojack<\/div>\r\n\t\t\t\t\t\t<div class=\"pn-product-shortdescription\">Pince \u00e9nerg\u00e9tique<\/div>\r\n\t\t\t\t\t<\/div><\/a>\r\n\t\t\t\t<\/div>\r\n\t\t\t\t<\/div>\r\n\t\t\t<\/div>\r\n\t\t<\/div><\/div><\/div><\/div><\/div><\/div><\/div>","protected":false},"excerpt":{"rendered":"<p>Ce qui fait battre le c\u0153ur Nous l&rsquo;avons. C&rsquo;est pour une bonne raison que nous nous occupons d&rsquo;un grand nombre d&rsquo;autres marques dans notre assortiment, car les machines foresti\u00e8res sont notre passion. Keller Forstmaschinen propose la vente, la r\u00e9paration et le service g\u00e9n\u00e9ral des marques suivantes : Farmikko Farma &amp; Bigab Remorques en bois &amp; [&hellip;]<\/p>\n","protected":false},"author":3,"featured_media":0,"parent":1227,"menu_order":90,"comment_status":"closed","ping_status":"closed","template":"","meta":{"footnotes":""},"class_list":["post-7638","page","type-page","status-publish","hentry"],"yoast_head":"<!-- This site is optimized with the Yoast SEO plugin v26.9 - https:\/\/yoast.com\/product\/yoast-seo-wordpress\/ -->\n<title>Autres marques - Keller Forstmaschinen<\/title>\n<meta name=\"robots\" content=\"index, follow, max-snippet:-1, max-image-preview:large, max-video-preview:-1\" \/>\n<link rel=\"canonical\" href=\"https:\/\/www.keller-forstmaschinen.ch\/fr\/produits\/autres-marques\/\" \/>\n<meta property=\"og:locale\" content=\"fr_FR\" \/>\n<meta property=\"og:type\" content=\"article\" \/>\n<meta property=\"og:title\" content=\"Autres marques - Keller Forstmaschinen\" \/>\n<meta property=\"og:description\" content=\"Ce qui fait battre le c\u0153ur Nous l&#039;avons. C&#039;est pour une bonne raison que nous nous occupons d&#039;un grand nombre d&#039;autres marques dans notre assortiment, car les machines foresti\u00e8res sont notre passion. Keller Forstmaschinen propose la vente, la r\u00e9paration et le service g\u00e9n\u00e9ral des marques suivantes : Farmikko Farma &amp; Bigab Remorques en bois &amp; [&hellip;]\" \/>\n<meta property=\"og:url\" content=\"https:\/\/www.keller-forstmaschinen.ch\/fr\/produits\/autres-marques\/\" \/>\n<meta property=\"og:site_name\" content=\"Keller Forstmaschinen\" \/>\n<meta property=\"article:publisher\" content=\"https:\/\/www.facebook.com\/KellerForstmaschinen\" \/>\n<meta property=\"article:modified_time\" content=\"2026-01-06T15:32:43+00:00\" \/>\n<meta name=\"twitter:card\" content=\"summary_large_image\" \/>\n<meta name=\"twitter:label1\" content=\"Dur\u00e9e de lecture estim\u00e9e\" \/>\n\t<meta name=\"twitter:data1\" content=\"1 minute\" \/>\n<script type=\"application\/ld+json\" class=\"yoast-schema-graph\">{\"@context\":\"https:\/\/schema.org\",\"@graph\":[{\"@type\":\"WebPage\",\"@id\":\"https:\/\/www.keller-forstmaschinen.ch\/fr\/produits\/autres-marques\/\",\"url\":\"https:\/\/www.keller-forstmaschinen.ch\/fr\/produits\/autres-marques\/\",\"name\":\"Autres marques - Keller Forstmaschinen\",\"isPartOf\":{\"@id\":\"https:\/\/www.keller-forstmaschinen.ch\/#website\"},\"datePublished\":\"2024-03-04T15:47:22+00:00\",\"dateModified\":\"2026-01-06T15:32:43+00:00\",\"breadcrumb\":{\"@id\":\"https:\/\/www.keller-forstmaschinen.ch\/fr\/produits\/autres-marques\/#breadcrumb\"},\"inLanguage\":\"fr-FR\",\"potentialAction\":[{\"@type\":\"ReadAction\",\"target\":[\"https:\/\/www.keller-forstmaschinen.ch\/fr\/produits\/autres-marques\/\"]}]},{\"@type\":\"BreadcrumbList\",\"@id\":\"https:\/\/www.keller-forstmaschinen.ch\/fr\/produits\/autres-marques\/#breadcrumb\",\"itemListElement\":[{\"@type\":\"ListItem\",\"position\":1,\"name\":\"Home\",\"item\":\"https:\/\/www.keller-forstmaschinen.ch\/fr\/\"},{\"@type\":\"ListItem\",\"position\":2,\"name\":\"Produkte\",\"item\":\"https:\/\/www.keller-forstmaschinen.ch\/fr\/?page_id=1227\"},{\"@type\":\"ListItem\",\"position\":3,\"name\":\"Autres marques\"}]},{\"@type\":\"WebSite\",\"@id\":\"https:\/\/www.keller-forstmaschinen.ch\/#website\",\"url\":\"https:\/\/www.keller-forstmaschinen.ch\/\",\"name\":\"Keller Forstmaschinen\",\"description\":\"Ihr Partner f\u00fcr Forstmaschinen\",\"publisher\":{\"@id\":\"https:\/\/www.keller-forstmaschinen.ch\/#organization\"},\"potentialAction\":[{\"@type\":\"SearchAction\",\"target\":{\"@type\":\"EntryPoint\",\"urlTemplate\":\"https:\/\/www.keller-forstmaschinen.ch\/?s={search_term_string}\"},\"query-input\":{\"@type\":\"PropertyValueSpecification\",\"valueRequired\":true,\"valueName\":\"search_term_string\"}}],\"inLanguage\":\"fr-FR\"},{\"@type\":\"Organization\",\"@id\":\"https:\/\/www.keller-forstmaschinen.ch\/#organization\",\"name\":\"KELLER FORSTMASCHINEN AG\",\"url\":\"https:\/\/www.keller-forstmaschinen.ch\/\",\"logo\":{\"@type\":\"ImageObject\",\"inLanguage\":\"fr-FR\",\"@id\":\"https:\/\/www.keller-forstmaschinen.ch\/#\/schema\/logo\/image\/\",\"url\":\"https:\/\/www.keller-forstmaschinen.ch\/wp-content\/uploads\/2021\/07\/Keller-Logo-2021.jpg\",\"contentUrl\":\"https:\/\/www.keller-forstmaschinen.ch\/wp-content\/uploads\/2021\/07\/Keller-Logo-2021.jpg\",\"width\":1082,\"height\":301,\"caption\":\"KELLER FORSTMASCHINEN AG\"},\"image\":{\"@id\":\"https:\/\/www.keller-forstmaschinen.ch\/#\/schema\/logo\/image\/\"},\"sameAs\":[\"https:\/\/www.facebook.com\/KellerForstmaschinen\",\"https:\/\/www.instagram.com\/keller_forstmaschinen\/\"]}]}<\/script>\n<!-- \/ Yoast SEO plugin. -->","yoast_head_json":{"title":"Autres marques - Keller Forstmaschinen","robots":{"index":"index","follow":"follow","max-snippet":"max-snippet:-1","max-image-preview":"max-image-preview:large","max-video-preview":"max-video-preview:-1"},"canonical":"https:\/\/www.keller-forstmaschinen.ch\/fr\/produits\/autres-marques\/","og_locale":"fr_FR","og_type":"article","og_title":"Autres marques - Keller Forstmaschinen","og_description":"Ce qui fait battre le c\u0153ur Nous l'avons. C'est pour une bonne raison que nous nous occupons d'un grand nombre d'autres marques dans notre assortiment, car les machines foresti\u00e8res sont notre passion. Keller Forstmaschinen propose la vente, la r\u00e9paration et le service g\u00e9n\u00e9ral des marques suivantes : Farmikko Farma &amp; Bigab Remorques en bois &amp; [&hellip;]","og_url":"https:\/\/www.keller-forstmaschinen.ch\/fr\/produits\/autres-marques\/","og_site_name":"Keller Forstmaschinen","article_publisher":"https:\/\/www.facebook.com\/KellerForstmaschinen","article_modified_time":"2026-01-06T15:32:43+00:00","twitter_card":"summary_large_image","twitter_misc":{"Dur\u00e9e de lecture estim\u00e9e":"1 minute"},"schema":{"@context":"https:\/\/schema.org","@graph":[{"@type":"WebPage","@id":"https:\/\/www.keller-forstmaschinen.ch\/fr\/produits\/autres-marques\/","url":"https:\/\/www.keller-forstmaschinen.ch\/fr\/produits\/autres-marques\/","name":"Autres marques - Keller Forstmaschinen","isPartOf":{"@id":"https:\/\/www.keller-forstmaschinen.ch\/#website"},"datePublished":"2024-03-04T15:47:22+00:00","dateModified":"2026-01-06T15:32:43+00:00","breadcrumb":{"@id":"https:\/\/www.keller-forstmaschinen.ch\/fr\/produits\/autres-marques\/#breadcrumb"},"inLanguage":"fr-FR","potentialAction":[{"@type":"ReadAction","target":["https:\/\/www.keller-forstmaschinen.ch\/fr\/produits\/autres-marques\/"]}]},{"@type":"BreadcrumbList","@id":"https:\/\/www.keller-forstmaschinen.ch\/fr\/produits\/autres-marques\/#breadcrumb","itemListElement":[{"@type":"ListItem","position":1,"name":"Home","item":"https:\/\/www.keller-forstmaschinen.ch\/fr\/"},{"@type":"ListItem","position":2,"name":"Produkte","item":"https:\/\/www.keller-forstmaschinen.ch\/fr\/?page_id=1227"},{"@type":"ListItem","position":3,"name":"Autres marques"}]},{"@type":"WebSite","@id":"https:\/\/www.keller-forstmaschinen.ch\/#website","url":"https:\/\/www.keller-forstmaschinen.ch\/","name":"Keller Forstmaschinen","description":"Ihr Partner f\u00fcr Forstmaschinen","publisher":{"@id":"https:\/\/www.keller-forstmaschinen.ch\/#organization"},"potentialAction":[{"@type":"SearchAction","target":{"@type":"EntryPoint","urlTemplate":"https:\/\/www.keller-forstmaschinen.ch\/?s={search_term_string}"},"query-input":{"@type":"PropertyValueSpecification","valueRequired":true,"valueName":"search_term_string"}}],"inLanguage":"fr-FR"},{"@type":"Organization","@id":"https:\/\/www.keller-forstmaschinen.ch\/#organization","name":"KELLER FORSTMASCHINEN AG","url":"https:\/\/www.keller-forstmaschinen.ch\/","logo":{"@type":"ImageObject","inLanguage":"fr-FR","@id":"https:\/\/www.keller-forstmaschinen.ch\/#\/schema\/logo\/image\/","url":"https:\/\/www.keller-forstmaschinen.ch\/wp-content\/uploads\/2021\/07\/Keller-Logo-2021.jpg","contentUrl":"https:\/\/www.keller-forstmaschinen.ch\/wp-content\/uploads\/2021\/07\/Keller-Logo-2021.jpg","width":1082,"height":301,"caption":"KELLER FORSTMASCHINEN AG"},"image":{"@id":"https:\/\/www.keller-forstmaschinen.ch\/#\/schema\/logo\/image\/"},"sameAs":["https:\/\/www.facebook.com\/KellerForstmaschinen","https:\/\/www.instagram.com\/keller_forstmaschinen\/"]}]}},"_links":{"self":[{"href":"https:\/\/www.keller-forstmaschinen.ch\/fr\/wp-json\/wp\/v2\/pages\/7638","targetHints":{"allow":["GET"]}}],"collection":[{"href":"https:\/\/www.keller-forstmaschinen.ch\/fr\/wp-json\/wp\/v2\/pages"}],"about":[{"href":"https:\/\/www.keller-forstmaschinen.ch\/fr\/wp-json\/wp\/v2\/types\/page"}],"author":[{"embeddable":true,"href":"https:\/\/www.keller-forstmaschinen.ch\/fr\/wp-json\/wp\/v2\/users\/3"}],"replies":[{"embeddable":true,"href":"https:\/\/www.keller-forstmaschinen.ch\/fr\/wp-json\/wp\/v2\/comments?post=7638"}],"version-history":[{"count":10,"href":"https:\/\/www.keller-forstmaschinen.ch\/fr\/wp-json\/wp\/v2\/pages\/7638\/revisions"}],"predecessor-version":[{"id":11850,"href":"https:\/\/www.keller-forstmaschinen.ch\/fr\/wp-json\/wp\/v2\/pages\/7638\/revisions\/11850"}],"up":[{"embeddable":true,"href":"https:\/\/www.keller-forstmaschinen.ch\/fr\/wp-json\/wp\/v2\/pages\/1227"}],"wp:attachment":[{"href":"https:\/\/www.keller-forstmaschinen.ch\/fr\/wp-json\/wp\/v2\/media?parent=7638"}],"curies":[{"name":"wp","href":"https:\/\/api.w.org\/{rel}","templated":true}]}}