{"id":7641,"date":"2024-03-04T16:43:44","date_gmt":"2024-03-04T15:43:44","guid":{"rendered":"https:\/\/www.keller-forstmaschinen.ch\/?page_id=7641"},"modified":"2025-11-19T08:46:24","modified_gmt":"2025-11-19T07:46:24","slug":"service","status":"publish","type":"page","link":"https:\/\/www.keller-forstmaschinen.ch\/fr\/service\/","title":{"rendered":"Service"},"content":{"rendered":"<div id=\"pl-7641\"  class=\"panel-layout\" ><div id=\"pg-7641-0\"  class=\"panel-grid panel-has-style\" ><div class=\"pn_normal_row panel-row-style panel-row-style-for-7641-0\" ><div id=\"pgc-7641-0-0\"  class=\"panel-grid-cell\" ><div id=\"panel-7641-0-0-0\" class=\"so-panel widget widget_sow-slider panel-first-child\" data-index=\"0\" ><div\n\t\t\t\n\t\t\tclass=\"so-widget-sow-slider so-widget-sow-slider-default-6d39609536fd-7641\"\n\t\t\t\n\t\t>\t\t\t\t<div class=\"sow-slider-base\" style=\"display: none\" tabindex=\"0\">\n\t\t\t\t\t<ul\n\t\t\t\t\tclass=\"sow-slider-images\"\n\t\t\t\t\tdata-settings=\"{&quot;pagination&quot;:true,&quot;speed&quot;:800,&quot;timeout&quot;:8000,&quot;paused&quot;:false,&quot;pause_on_hover&quot;:false,&quot;swipe&quot;:true,&quot;nav_always_show_desktop&quot;:&quot;&quot;,&quot;nav_always_show_mobile&quot;:&quot;&quot;,&quot;breakpoint&quot;:&quot;780px&quot;,&quot;unmute&quot;:false,&quot;anchor&quot;:null}\"\n\t\t\t\t\t\t\t\t\t\tdata-anchor-id=\"\"\n\t\t\t\t>\t\t<li class=\"sow-slider-image\" style=\"visibility: visible;\" >\n\t\t\t\t\t\t<img loading=\"lazy\" decoding=\"async\" width=\"1920\" height=\"1080\" src=\"https:\/\/www.keller-forstmaschinen.ch\/wp-content\/uploads\/2025\/11\/Unbenannt-6.jpeg\" class=\"sow-slider-background-image\" alt=\"\" style=\"\" srcset=\"https:\/\/www.keller-forstmaschinen.ch\/wp-content\/uploads\/2025\/11\/Unbenannt-6.jpeg 1920w, https:\/\/www.keller-forstmaschinen.ch\/wp-content\/uploads\/2025\/11\/Unbenannt-6-300x169.jpeg 300w, https:\/\/www.keller-forstmaschinen.ch\/wp-content\/uploads\/2025\/11\/Unbenannt-6-1024x576.jpeg 1024w, https:\/\/www.keller-forstmaschinen.ch\/wp-content\/uploads\/2025\/11\/Unbenannt-6-768x432.jpeg 768w, https:\/\/www.keller-forstmaschinen.ch\/wp-content\/uploads\/2025\/11\/Unbenannt-6-1536x864.jpeg 1536w, https:\/\/www.keller-forstmaschinen.ch\/wp-content\/uploads\/2025\/11\/Unbenannt-6-600x338.jpeg 600w\" sizes=\"auto, (max-width: 1920px) 100vw, 1920px\" \/>\t\t<\/li>\n\t\t<\/ul>\t\t\t\t<ol class=\"sow-slider-pagination\">\n\t\t\t\t\t\t\t\t\t\t\t<li><a href=\"#\" data-goto=\"0\" aria-label=\"Display slide 1\"><\/a><\/li>\n\t\t\t\t\t\t\t\t\t<\/ol>\n\n\t\t\t\t<div class=\"sow-slide-nav sow-slide-nav-next\">\n\t\t\t\t\t<a href=\"#\" data-goto=\"next\" aria-label=\"Next slide\" data-action=\"next\">\n\t\t\t\t\t\t<em class=\"sow-sld-icon-thin-right\"><\/em>\n\t\t\t\t\t<\/a>\n\t\t\t\t<\/div>\n\n\t\t\t\t<div class=\"sow-slide-nav sow-slide-nav-prev\">\n\t\t\t\t\t<a href=\"#\" data-goto=\"previous\" aria-label=\"Previous slide\" data-action=\"prev\">\n\t\t\t\t\t\t<em class=\"sow-sld-icon-thin-left\"><\/em>\n\t\t\t\t\t<\/a>\n\t\t\t\t<\/div>\n\t\t\t\t<\/div><\/div><\/div><div id=\"panel-7641-0-0-1\" class=\"so-panel widget widget_pn-text-widget\" data-index=\"1\" ><div\n\t\t\t\n\t\t\tclass=\"so-widget-pn-text-widget so-widget-pn-text-widget-base\"\n\t\t\t\n\t\t><div class=\"pn-text\">\r\n\t\t\t<div class=\"title\"><h2>Le plaisir de la bonne qualit\u00e9 nous motive.<\/h2><\/div>\r\n\t\t\t<div class=\"subtitle\">Vous voulez savoir comment nous fonctionnons chez Keller?<\/div>\r\n\t\t\t<div class=\"text\"><p>Tout simplement, cela s'appelle :<\/p>\n<p>Plaisir + innovation + qualit\u00e9 = votre avantage optimal.<\/p>\n<p>Lorsqu'il s'agit de machines foresti\u00e8res et d'accessoires, vous profitez de notre riche exp\u00e9rience et de temps r\u00e9duits au minimum pour le service et les r\u00e9parations.<\/p>\n<p>Nous avons mis en place trois bus \u00e0 cet effet. En Suisse orientale, c'est David Keller qui s'occupe de vous et MAFOTECH est notre partenaire de service pour la Suisse romande.<\/p>\n<p>Nous sommes importateur unique pour Welte, Rottne, Mus-Max, Jarcrac, Palax et Hypro. Nous ne nous occupons pas seulement de l'entretien, des r\u00e9parations et de la vente. Concernant d'\u00e9ventuels souhaits particuliers, nous les effectuons sp\u00e9cialement pour vous.<\/p>\n<p>Nous regardons et r\u00e9fl\u00e9chissons \u00e0 la mani\u00e8re dont nous pouvons rendre votre travail quotidien plus efficace.<\/p>\n<p>Nous nous r\u00e9jouissons d'avoir de vos nouvelles et sommes \u00e0 votre disposition pour r\u00e9pondre \u00e0 vos questions.<\/p>\n<p><a href=\"https:\/\/www.keller-forstmaschinen.ch\/wp-content\/uploads\/2024\/11\/conditions-de-livraison_Keller_18.11.2024.pdf\">Nos conditions de livraison<\/a><\/p>\n<\/div>\r\n\t\t<\/div>\r\n\t<\/div>\r\n\t<\/div><\/div><div id=\"panel-7641-0-0-2\" class=\"so-panel widget widget_sow-editor panel-last-child\" data-index=\"2\" ><div\n\t\t\t\n\t\t\tclass=\"so-widget-sow-editor so-widget-sow-editor-base\"\n\t\t\t\n\t\t>\n<div class=\"siteorigin-widget-tinymce textwidget\">\n\t<\/div>\n<\/div><\/div><\/div><\/div><\/div><\/div>","protected":false},"excerpt":{"rendered":"<p>Le plaisir de la bonne qualit\u00e9 nous motive. Vous voulez savoir comment nous fonctionnons chez Keller? Tout simplement, cela s&rsquo;appelle : Plaisir + innovation + qualit\u00e9 = votre avantage optimal. Lorsqu&rsquo;il s&rsquo;agit de machines foresti\u00e8res et d&rsquo;accessoires, vous profitez de notre riche exp\u00e9rience et de temps r\u00e9duits au minimum pour le service et les r\u00e9parations. [&hellip;]<\/p>\n","protected":false},"author":3,"featured_media":0,"parent":0,"menu_order":40,"comment_status":"closed","ping_status":"closed","template":"","meta":{"footnotes":""},"class_list":["post-7641","page","type-page","status-publish","hentry"],"yoast_head":"<!-- This site is optimized with the Yoast SEO plugin v26.9 - https:\/\/yoast.com\/product\/yoast-seo-wordpress\/ -->\n<title>Service - Keller Forstmaschinen<\/title>\n<meta name=\"robots\" content=\"index, follow, max-snippet:-1, max-image-preview:large, max-video-preview:-1\" \/>\n<link rel=\"canonical\" href=\"https:\/\/www.keller-forstmaschinen.ch\/fr\/service\/\" \/>\n<meta property=\"og:locale\" content=\"fr_FR\" \/>\n<meta property=\"og:type\" content=\"article\" \/>\n<meta property=\"og:title\" content=\"Service - Keller Forstmaschinen\" \/>\n<meta property=\"og:description\" content=\"Le plaisir de la bonne qualit\u00e9 nous motive. Vous voulez savoir comment nous fonctionnons chez Keller? Tout simplement, cela s&#039;appelle : Plaisir + innovation + qualit\u00e9 = votre avantage optimal. Lorsqu&#039;il s&#039;agit de machines foresti\u00e8res et d&#039;accessoires, vous profitez de notre riche exp\u00e9rience et de temps r\u00e9duits au minimum pour le service et les r\u00e9parations. [&hellip;]\" \/>\n<meta property=\"og:url\" content=\"https:\/\/www.keller-forstmaschinen.ch\/fr\/service\/\" \/>\n<meta property=\"og:site_name\" content=\"Keller Forstmaschinen\" \/>\n<meta property=\"article:publisher\" content=\"https:\/\/www.facebook.com\/KellerForstmaschinen\" \/>\n<meta property=\"article:modified_time\" content=\"2025-11-19T07:46:24+00:00\" \/>\n<meta name=\"twitter:card\" content=\"summary_large_image\" \/>\n<meta name=\"twitter:label1\" content=\"Dur\u00e9e de lecture estim\u00e9e\" \/>\n\t<meta name=\"twitter:data1\" content=\"2 minutes\" \/>\n<script type=\"application\/ld+json\" class=\"yoast-schema-graph\">{\"@context\":\"https:\/\/schema.org\",\"@graph\":[{\"@type\":\"WebPage\",\"@id\":\"https:\/\/www.keller-forstmaschinen.ch\/fr\/service\/\",\"url\":\"https:\/\/www.keller-forstmaschinen.ch\/fr\/service\/\",\"name\":\"Service - Keller Forstmaschinen\",\"isPartOf\":{\"@id\":\"https:\/\/www.keller-forstmaschinen.ch\/#website\"},\"datePublished\":\"2024-03-04T15:43:44+00:00\",\"dateModified\":\"2025-11-19T07:46:24+00:00\",\"breadcrumb\":{\"@id\":\"https:\/\/www.keller-forstmaschinen.ch\/fr\/service\/#breadcrumb\"},\"inLanguage\":\"fr-FR\",\"potentialAction\":[{\"@type\":\"ReadAction\",\"target\":[\"https:\/\/www.keller-forstmaschinen.ch\/fr\/service\/\"]}]},{\"@type\":\"BreadcrumbList\",\"@id\":\"https:\/\/www.keller-forstmaschinen.ch\/fr\/service\/#breadcrumb\",\"itemListElement\":[{\"@type\":\"ListItem\",\"position\":1,\"name\":\"Home\",\"item\":\"https:\/\/www.keller-forstmaschinen.ch\/fr\/\"},{\"@type\":\"ListItem\",\"position\":2,\"name\":\"Service\"}]},{\"@type\":\"WebSite\",\"@id\":\"https:\/\/www.keller-forstmaschinen.ch\/#website\",\"url\":\"https:\/\/www.keller-forstmaschinen.ch\/\",\"name\":\"Keller Forstmaschinen\",\"description\":\"Ihr Partner f\u00fcr Forstmaschinen\",\"publisher\":{\"@id\":\"https:\/\/www.keller-forstmaschinen.ch\/#organization\"},\"potentialAction\":[{\"@type\":\"SearchAction\",\"target\":{\"@type\":\"EntryPoint\",\"urlTemplate\":\"https:\/\/www.keller-forstmaschinen.ch\/?s={search_term_string}\"},\"query-input\":{\"@type\":\"PropertyValueSpecification\",\"valueRequired\":true,\"valueName\":\"search_term_string\"}}],\"inLanguage\":\"fr-FR\"},{\"@type\":\"Organization\",\"@id\":\"https:\/\/www.keller-forstmaschinen.ch\/#organization\",\"name\":\"KELLER FORSTMASCHINEN AG\",\"url\":\"https:\/\/www.keller-forstmaschinen.ch\/\",\"logo\":{\"@type\":\"ImageObject\",\"inLanguage\":\"fr-FR\",\"@id\":\"https:\/\/www.keller-forstmaschinen.ch\/#\/schema\/logo\/image\/\",\"url\":\"https:\/\/www.keller-forstmaschinen.ch\/wp-content\/uploads\/2021\/07\/Keller-Logo-2021.jpg\",\"contentUrl\":\"https:\/\/www.keller-forstmaschinen.ch\/wp-content\/uploads\/2021\/07\/Keller-Logo-2021.jpg\",\"width\":1082,\"height\":301,\"caption\":\"KELLER FORSTMASCHINEN AG\"},\"image\":{\"@id\":\"https:\/\/www.keller-forstmaschinen.ch\/#\/schema\/logo\/image\/\"},\"sameAs\":[\"https:\/\/www.facebook.com\/KellerForstmaschinen\",\"https:\/\/www.instagram.com\/keller_forstmaschinen\/\"]}]}<\/script>\n<!-- \/ Yoast SEO plugin. -->","yoast_head_json":{"title":"Service - Keller Forstmaschinen","robots":{"index":"index","follow":"follow","max-snippet":"max-snippet:-1","max-image-preview":"max-image-preview:large","max-video-preview":"max-video-preview:-1"},"canonical":"https:\/\/www.keller-forstmaschinen.ch\/fr\/service\/","og_locale":"fr_FR","og_type":"article","og_title":"Service - Keller Forstmaschinen","og_description":"Le plaisir de la bonne qualit\u00e9 nous motive. Vous voulez savoir comment nous fonctionnons chez Keller? Tout simplement, cela s'appelle : Plaisir + innovation + qualit\u00e9 = votre avantage optimal. Lorsqu'il s'agit de machines foresti\u00e8res et d'accessoires, vous profitez de notre riche exp\u00e9rience et de temps r\u00e9duits au minimum pour le service et les r\u00e9parations. [&hellip;]","og_url":"https:\/\/www.keller-forstmaschinen.ch\/fr\/service\/","og_site_name":"Keller Forstmaschinen","article_publisher":"https:\/\/www.facebook.com\/KellerForstmaschinen","article_modified_time":"2025-11-19T07:46:24+00:00","twitter_card":"summary_large_image","twitter_misc":{"Dur\u00e9e de lecture estim\u00e9e":"2 minutes"},"schema":{"@context":"https:\/\/schema.org","@graph":[{"@type":"WebPage","@id":"https:\/\/www.keller-forstmaschinen.ch\/fr\/service\/","url":"https:\/\/www.keller-forstmaschinen.ch\/fr\/service\/","name":"Service - Keller Forstmaschinen","isPartOf":{"@id":"https:\/\/www.keller-forstmaschinen.ch\/#website"},"datePublished":"2024-03-04T15:43:44+00:00","dateModified":"2025-11-19T07:46:24+00:00","breadcrumb":{"@id":"https:\/\/www.keller-forstmaschinen.ch\/fr\/service\/#breadcrumb"},"inLanguage":"fr-FR","potentialAction":[{"@type":"ReadAction","target":["https:\/\/www.keller-forstmaschinen.ch\/fr\/service\/"]}]},{"@type":"BreadcrumbList","@id":"https:\/\/www.keller-forstmaschinen.ch\/fr\/service\/#breadcrumb","itemListElement":[{"@type":"ListItem","position":1,"name":"Home","item":"https:\/\/www.keller-forstmaschinen.ch\/fr\/"},{"@type":"ListItem","position":2,"name":"Service"}]},{"@type":"WebSite","@id":"https:\/\/www.keller-forstmaschinen.ch\/#website","url":"https:\/\/www.keller-forstmaschinen.ch\/","name":"Keller Forstmaschinen","description":"Ihr Partner f\u00fcr Forstmaschinen","publisher":{"@id":"https:\/\/www.keller-forstmaschinen.ch\/#organization"},"potentialAction":[{"@type":"SearchAction","target":{"@type":"EntryPoint","urlTemplate":"https:\/\/www.keller-forstmaschinen.ch\/?s={search_term_string}"},"query-input":{"@type":"PropertyValueSpecification","valueRequired":true,"valueName":"search_term_string"}}],"inLanguage":"fr-FR"},{"@type":"Organization","@id":"https:\/\/www.keller-forstmaschinen.ch\/#organization","name":"KELLER FORSTMASCHINEN AG","url":"https:\/\/www.keller-forstmaschinen.ch\/","logo":{"@type":"ImageObject","inLanguage":"fr-FR","@id":"https:\/\/www.keller-forstmaschinen.ch\/#\/schema\/logo\/image\/","url":"https:\/\/www.keller-forstmaschinen.ch\/wp-content\/uploads\/2021\/07\/Keller-Logo-2021.jpg","contentUrl":"https:\/\/www.keller-forstmaschinen.ch\/wp-content\/uploads\/2021\/07\/Keller-Logo-2021.jpg","width":1082,"height":301,"caption":"KELLER FORSTMASCHINEN AG"},"image":{"@id":"https:\/\/www.keller-forstmaschinen.ch\/#\/schema\/logo\/image\/"},"sameAs":["https:\/\/www.facebook.com\/KellerForstmaschinen","https:\/\/www.instagram.com\/keller_forstmaschinen\/"]}]}},"_links":{"self":[{"href":"https:\/\/www.keller-forstmaschinen.ch\/fr\/wp-json\/wp\/v2\/pages\/7641","targetHints":{"allow":["GET"]}}],"collection":[{"href":"https:\/\/www.keller-forstmaschinen.ch\/fr\/wp-json\/wp\/v2\/pages"}],"about":[{"href":"https:\/\/www.keller-forstmaschinen.ch\/fr\/wp-json\/wp\/v2\/types\/page"}],"author":[{"embeddable":true,"href":"https:\/\/www.keller-forstmaschinen.ch\/fr\/wp-json\/wp\/v2\/users\/3"}],"replies":[{"embeddable":true,"href":"https:\/\/www.keller-forstmaschinen.ch\/fr\/wp-json\/wp\/v2\/comments?post=7641"}],"version-history":[{"count":5,"href":"https:\/\/www.keller-forstmaschinen.ch\/fr\/wp-json\/wp\/v2\/pages\/7641\/revisions"}],"predecessor-version":[{"id":11708,"href":"https:\/\/www.keller-forstmaschinen.ch\/fr\/wp-json\/wp\/v2\/pages\/7641\/revisions\/11708"}],"wp:attachment":[{"href":"https:\/\/www.keller-forstmaschinen.ch\/fr\/wp-json\/wp\/v2\/media?parent=7641"}],"curies":[{"name":"wp","href":"https:\/\/api.w.org\/{rel}","templated":true}]}}