{"id":7649,"date":"2024-03-04T16:45:14","date_gmt":"2024-03-04T15:45:14","guid":{"rendered":"https:\/\/www.keller-forstmaschinen.ch\/?page_id=7649"},"modified":"2025-04-29T08:03:13","modified_gmt":"2025-04-29T06:03:13","slug":"trouvailles","status":"publish","type":"page","link":"https:\/\/www.keller-forstmaschinen.ch\/fr\/occasions\/trouvailles\/","title":{"rendered":"Divers"},"content":{"rendered":"<div id=\"pl-7649\"  class=\"panel-layout\" ><div id=\"pg-7649-0\"  class=\"panel-grid panel-has-style\" ><div class=\"pn_normal_row panel-row-style panel-row-style-for-7649-0\" ><div id=\"pgc-7649-0-0\"  class=\"panel-grid-cell\" ><div id=\"panel-7649-0-0-0\" class=\"so-panel widget widget_pn-text-widget panel-first-child panel-last-child\" data-index=\"0\" ><div\n\t\t\t\n\t\t\tclass=\"so-widget-pn-text-widget so-widget-pn-text-widget-base\"\n\t\t\t\n\t\t><div class=\"pn-text\">\r\n\t\t\t<div class=\"title\"><h2>Les objets d'occasion divers:<\/h2><\/div>\r\n\t\t\t<div class=\"subtitle\"><\/div>\r\n\t\t\t<div class=\"text\"><\/div>\r\n\t\t<\/div>\r\n\t<\/div>\r\n\t<\/div><\/div><\/div><\/div><\/div><div id=\"pg-7649-1\"  class=\"panel-grid panel-has-style\" ><div class=\"pn_stretch_row panel-row-style panel-row-style-for-7649-1\" ><div id=\"pgc-7649-1-0\"  class=\"panel-grid-cell\" ><div id=\"panel-7649-1-0-0\" class=\"so-panel widget widget_pn-product-widget panel-first-child panel-last-child\" data-index=\"1\" ><div\n\t\t\t\n\t\t\tclass=\"so-widget-pn-product-widget so-widget-pn-product-widget-base\"\n\t\t\t\n\t\t><div class=\"pn-box-wrapper pn-row\">\r\n\t \t<h3><\/h3>\r\n\t\t<div class=\"container\">\r\n\t\t\t<div class=\"row\">\r\n\t\t\t\t<div class=\"pn-product col-12 col-12 col-sm-6 col-md-4 col-lg-3\"><a href=\"https:\/\/www.keller-forstmaschinen.ch\/fr\/hspgripen\/\"  class=\"pn-product-link\"><img decoding=\"async\" src=\"https:\/\/www.keller-forstmaschinen.ch\/wp-content\/uploads\/2025\/04\/HSP-Gripen-028-DUO.jpg\" alt=\"Pince HSP Gripen\" \/>\r\n\t\t\t\t\t<div class=\"pn-product-text\">\r\n\t\t\t\t\t\t<div class=\"pn-product-name\">Pince HSP Gripen<\/div>\r\n\t\t\t\t\t\t<div class=\"pn-product-shortdescription\">\u00e0 partir de CHF 3'500.-<\/div>\r\n\t\t\t\t\t<\/div><\/a>\r\n\t\t\t\t<\/div>\r\n\t\t\t\t<div class=\"pn-product col-12 col-12 col-sm-6 col-md-4 col-lg-3\"><a href=\"https:\/\/www.keller-forstmaschinen.ch\/biojack-350s\/\"  class=\"pn-product-link\"><img decoding=\"async\" src=\"https:\/\/www.keller-forstmaschinen.ch\/wp-content\/uploads\/2023\/12\/Biojack-400s.png\" alt=\"Biojack 350s\" \/>\r\n\t\t\t\t\t<div class=\"pn-product-text\">\r\n\t\t\t\t\t\t<div class=\"pn-product-name\">Biojack 350s<\/div>\r\n\t\t\t\t\t\t<div class=\"pn-product-shortdescription\">CHF 9'999.-<\/div>\r\n\t\t\t\t\t<\/div><\/a>\r\n\t\t\t\t<\/div>\r\n\t\t\t\t<div class=\"pn-product col-12 col-12 col-sm-6 col-md-4 col-lg-3\"><a href=\"https:\/\/www.keller-forstmaschinen.ch\/utc-lako-450\/\"  class=\"pn-product-link\"><img decoding=\"async\" src=\"https:\/\/www.keller-forstmaschinen.ch\/wp-content\/uploads\/2023\/05\/UTC-Lako-900x600.jpg\" alt=\"UTC Lako 450\" \/>\r\n\t\t\t\t\t<div class=\"pn-product-text\">\r\n\t\t\t\t\t\t<div class=\"pn-product-name\">UTC Lako 450<\/div>\r\n\t\t\t\t\t\t<div class=\"pn-product-shortdescription\">CHF 8'500.-<\/div>\r\n\t\t\t\t\t<\/div><\/a>\r\n\t\t\t\t<\/div>\r\n\t\t\t\t<div class=\"pn-product col-12 col-12 col-sm-6 col-md-4 col-lg-3\"><a href=\"https:\/\/www.keller-forstmaschinen.ch\/gummiraupen\/\"  class=\"pn-product-link\"><img decoding=\"async\" src=\"https:\/\/www.keller-forstmaschinen.ch\/wp-content\/uploads\/2022\/05\/IMG_5719-900x600.jpg\" alt=\"Chenilles\" \/>\r\n\t\t\t\t\t<div class=\"pn-product-text\">\r\n\t\t\t\t\t\t<div class=\"pn-product-name\">Chenilles<\/div>\r\n\t\t\t\t\t\t<div class=\"pn-product-shortdescription\">\u00e0 partir de CHF 8'000<\/div>\r\n\t\t\t\t\t<\/div><\/a>\r\n\t\t\t\t<\/div>\r\n\t\t\t\t<div class=\"pn-product col-12 col-12 col-sm-6 col-md-4 col-lg-3\"><a href=\"https:\/\/www.keller-forstmaschinen.ch\/front-polter-muldenkippschild\/\"  class=\"pn-product-link\"><img decoding=\"async\" src=\"https:\/\/www.keller-forstmaschinen.ch\/wp-content\/uploads\/2020\/03\/Front-Polter-900x600.jpg\" alt=\"pousse Bois \u00e0 l'avant \" \/>\r\n\t\t\t\t\t<div class=\"pn-product-text\">\r\n\t\t\t\t\t\t<div class=\"pn-product-name\">pousse Bois \u00e0 l'avant <\/div>\r\n\t\t\t\t\t\t<div class=\"pn-product-shortdescription\">CHF 3'000.-<\/div>\r\n\t\t\t\t\t<\/div><\/a>\r\n\t\t\t\t<\/div>\r\n\t\t\t\t<\/div>\r\n\t\t\t<\/div>\r\n\t\t<\/div><\/div><\/div><\/div><\/div><\/div><\/div>","protected":false},"excerpt":{"rendered":"<p>Les objets d&rsquo;occasion divers: Pince HSP Gripen \u00e0 partir de CHF 3&rsquo;500.- Biojack 350s CHF 9&rsquo;999.- UTC Lako 450 CHF 8&rsquo;500.- Chenilles \u00e0 partir de CHF 8&rsquo;000 pousse Bois \u00e0 l&rsquo;avant CHF 3&rsquo;000.-<\/p>\n","protected":false},"author":3,"featured_media":0,"parent":7645,"menu_order":30,"comment_status":"closed","ping_status":"closed","template":"","meta":{"footnotes":""},"class_list":["post-7649","page","type-page","status-publish","hentry"],"yoast_head":"<!-- This site is optimized with the Yoast SEO plugin v26.9 - https:\/\/yoast.com\/product\/yoast-seo-wordpress\/ -->\n<title>Divers - Keller Forstmaschinen<\/title>\n<meta name=\"robots\" content=\"index, follow, max-snippet:-1, max-image-preview:large, max-video-preview:-1\" \/>\n<link rel=\"canonical\" href=\"https:\/\/www.keller-forstmaschinen.ch\/fr\/occasions\/trouvailles\/\" \/>\n<meta property=\"og:locale\" content=\"fr_FR\" \/>\n<meta property=\"og:type\" content=\"article\" \/>\n<meta property=\"og:title\" content=\"Divers - Keller Forstmaschinen\" \/>\n<meta property=\"og:description\" content=\"Les objets d&#039;occasion divers: Pince HSP Gripen \u00e0 partir de CHF 3&#039;500.- Biojack 350s CHF 9&#039;999.- UTC Lako 450 CHF 8&#039;500.- Chenilles \u00e0 partir de CHF 8&#039;000 pousse Bois \u00e0 l&#039;avant CHF 3&#039;000.-\" \/>\n<meta property=\"og:url\" content=\"https:\/\/www.keller-forstmaschinen.ch\/fr\/occasions\/trouvailles\/\" \/>\n<meta property=\"og:site_name\" content=\"Keller Forstmaschinen\" \/>\n<meta property=\"article:publisher\" content=\"https:\/\/www.facebook.com\/KellerForstmaschinen\" \/>\n<meta property=\"article:modified_time\" content=\"2025-04-29T06:03:13+00:00\" \/>\n<meta name=\"twitter:card\" content=\"summary_large_image\" \/>\n<meta name=\"twitter:label1\" content=\"Dur\u00e9e de lecture estim\u00e9e\" \/>\n\t<meta name=\"twitter:data1\" content=\"1 minute\" \/>\n<script type=\"application\/ld+json\" class=\"yoast-schema-graph\">{\"@context\":\"https:\/\/schema.org\",\"@graph\":[{\"@type\":\"WebPage\",\"@id\":\"https:\/\/www.keller-forstmaschinen.ch\/fr\/occasions\/trouvailles\/\",\"url\":\"https:\/\/www.keller-forstmaschinen.ch\/fr\/occasions\/trouvailles\/\",\"name\":\"Divers - Keller Forstmaschinen\",\"isPartOf\":{\"@id\":\"https:\/\/www.keller-forstmaschinen.ch\/#website\"},\"datePublished\":\"2024-03-04T15:45:14+00:00\",\"dateModified\":\"2025-04-29T06:03:13+00:00\",\"breadcrumb\":{\"@id\":\"https:\/\/www.keller-forstmaschinen.ch\/fr\/occasions\/trouvailles\/#breadcrumb\"},\"inLanguage\":\"fr-FR\",\"potentialAction\":[{\"@type\":\"ReadAction\",\"target\":[\"https:\/\/www.keller-forstmaschinen.ch\/fr\/occasions\/trouvailles\/\"]}]},{\"@type\":\"BreadcrumbList\",\"@id\":\"https:\/\/www.keller-forstmaschinen.ch\/fr\/occasions\/trouvailles\/#breadcrumb\",\"itemListElement\":[{\"@type\":\"ListItem\",\"position\":1,\"name\":\"Home\",\"item\":\"https:\/\/www.keller-forstmaschinen.ch\/fr\/\"},{\"@type\":\"ListItem\",\"position\":2,\"name\":\"Occasions\",\"item\":\"https:\/\/www.keller-forstmaschinen.ch\/fr\/occasions\/\"},{\"@type\":\"ListItem\",\"position\":3,\"name\":\"Divers\"}]},{\"@type\":\"WebSite\",\"@id\":\"https:\/\/www.keller-forstmaschinen.ch\/#website\",\"url\":\"https:\/\/www.keller-forstmaschinen.ch\/\",\"name\":\"Keller Forstmaschinen\",\"description\":\"Ihr Partner f\u00fcr Forstmaschinen\",\"publisher\":{\"@id\":\"https:\/\/www.keller-forstmaschinen.ch\/#organization\"},\"potentialAction\":[{\"@type\":\"SearchAction\",\"target\":{\"@type\":\"EntryPoint\",\"urlTemplate\":\"https:\/\/www.keller-forstmaschinen.ch\/?s={search_term_string}\"},\"query-input\":{\"@type\":\"PropertyValueSpecification\",\"valueRequired\":true,\"valueName\":\"search_term_string\"}}],\"inLanguage\":\"fr-FR\"},{\"@type\":\"Organization\",\"@id\":\"https:\/\/www.keller-forstmaschinen.ch\/#organization\",\"name\":\"KELLER FORSTMASCHINEN AG\",\"url\":\"https:\/\/www.keller-forstmaschinen.ch\/\",\"logo\":{\"@type\":\"ImageObject\",\"inLanguage\":\"fr-FR\",\"@id\":\"https:\/\/www.keller-forstmaschinen.ch\/#\/schema\/logo\/image\/\",\"url\":\"https:\/\/www.keller-forstmaschinen.ch\/wp-content\/uploads\/2021\/07\/Keller-Logo-2021.jpg\",\"contentUrl\":\"https:\/\/www.keller-forstmaschinen.ch\/wp-content\/uploads\/2021\/07\/Keller-Logo-2021.jpg\",\"width\":1082,\"height\":301,\"caption\":\"KELLER FORSTMASCHINEN AG\"},\"image\":{\"@id\":\"https:\/\/www.keller-forstmaschinen.ch\/#\/schema\/logo\/image\/\"},\"sameAs\":[\"https:\/\/www.facebook.com\/KellerForstmaschinen\",\"https:\/\/www.instagram.com\/keller_forstmaschinen\/\"]}]}<\/script>\n<!-- \/ Yoast SEO plugin. -->","yoast_head_json":{"title":"Divers - Keller Forstmaschinen","robots":{"index":"index","follow":"follow","max-snippet":"max-snippet:-1","max-image-preview":"max-image-preview:large","max-video-preview":"max-video-preview:-1"},"canonical":"https:\/\/www.keller-forstmaschinen.ch\/fr\/occasions\/trouvailles\/","og_locale":"fr_FR","og_type":"article","og_title":"Divers - Keller Forstmaschinen","og_description":"Les objets d'occasion divers: Pince HSP Gripen \u00e0 partir de CHF 3'500.- Biojack 350s CHF 9'999.- UTC Lako 450 CHF 8'500.- Chenilles \u00e0 partir de CHF 8'000 pousse Bois \u00e0 l'avant CHF 3'000.-","og_url":"https:\/\/www.keller-forstmaschinen.ch\/fr\/occasions\/trouvailles\/","og_site_name":"Keller Forstmaschinen","article_publisher":"https:\/\/www.facebook.com\/KellerForstmaschinen","article_modified_time":"2025-04-29T06:03:13+00:00","twitter_card":"summary_large_image","twitter_misc":{"Dur\u00e9e de lecture estim\u00e9e":"1 minute"},"schema":{"@context":"https:\/\/schema.org","@graph":[{"@type":"WebPage","@id":"https:\/\/www.keller-forstmaschinen.ch\/fr\/occasions\/trouvailles\/","url":"https:\/\/www.keller-forstmaschinen.ch\/fr\/occasions\/trouvailles\/","name":"Divers - Keller Forstmaschinen","isPartOf":{"@id":"https:\/\/www.keller-forstmaschinen.ch\/#website"},"datePublished":"2024-03-04T15:45:14+00:00","dateModified":"2025-04-29T06:03:13+00:00","breadcrumb":{"@id":"https:\/\/www.keller-forstmaschinen.ch\/fr\/occasions\/trouvailles\/#breadcrumb"},"inLanguage":"fr-FR","potentialAction":[{"@type":"ReadAction","target":["https:\/\/www.keller-forstmaschinen.ch\/fr\/occasions\/trouvailles\/"]}]},{"@type":"BreadcrumbList","@id":"https:\/\/www.keller-forstmaschinen.ch\/fr\/occasions\/trouvailles\/#breadcrumb","itemListElement":[{"@type":"ListItem","position":1,"name":"Home","item":"https:\/\/www.keller-forstmaschinen.ch\/fr\/"},{"@type":"ListItem","position":2,"name":"Occasions","item":"https:\/\/www.keller-forstmaschinen.ch\/fr\/occasions\/"},{"@type":"ListItem","position":3,"name":"Divers"}]},{"@type":"WebSite","@id":"https:\/\/www.keller-forstmaschinen.ch\/#website","url":"https:\/\/www.keller-forstmaschinen.ch\/","name":"Keller Forstmaschinen","description":"Ihr Partner f\u00fcr Forstmaschinen","publisher":{"@id":"https:\/\/www.keller-forstmaschinen.ch\/#organization"},"potentialAction":[{"@type":"SearchAction","target":{"@type":"EntryPoint","urlTemplate":"https:\/\/www.keller-forstmaschinen.ch\/?s={search_term_string}"},"query-input":{"@type":"PropertyValueSpecification","valueRequired":true,"valueName":"search_term_string"}}],"inLanguage":"fr-FR"},{"@type":"Organization","@id":"https:\/\/www.keller-forstmaschinen.ch\/#organization","name":"KELLER FORSTMASCHINEN AG","url":"https:\/\/www.keller-forstmaschinen.ch\/","logo":{"@type":"ImageObject","inLanguage":"fr-FR","@id":"https:\/\/www.keller-forstmaschinen.ch\/#\/schema\/logo\/image\/","url":"https:\/\/www.keller-forstmaschinen.ch\/wp-content\/uploads\/2021\/07\/Keller-Logo-2021.jpg","contentUrl":"https:\/\/www.keller-forstmaschinen.ch\/wp-content\/uploads\/2021\/07\/Keller-Logo-2021.jpg","width":1082,"height":301,"caption":"KELLER FORSTMASCHINEN AG"},"image":{"@id":"https:\/\/www.keller-forstmaschinen.ch\/#\/schema\/logo\/image\/"},"sameAs":["https:\/\/www.facebook.com\/KellerForstmaschinen","https:\/\/www.instagram.com\/keller_forstmaschinen\/"]}]}},"_links":{"self":[{"href":"https:\/\/www.keller-forstmaschinen.ch\/fr\/wp-json\/wp\/v2\/pages\/7649","targetHints":{"allow":["GET"]}}],"collection":[{"href":"https:\/\/www.keller-forstmaschinen.ch\/fr\/wp-json\/wp\/v2\/pages"}],"about":[{"href":"https:\/\/www.keller-forstmaschinen.ch\/fr\/wp-json\/wp\/v2\/types\/page"}],"author":[{"embeddable":true,"href":"https:\/\/www.keller-forstmaschinen.ch\/fr\/wp-json\/wp\/v2\/users\/3"}],"replies":[{"embeddable":true,"href":"https:\/\/www.keller-forstmaschinen.ch\/fr\/wp-json\/wp\/v2\/comments?post=7649"}],"version-history":[{"count":11,"href":"https:\/\/www.keller-forstmaschinen.ch\/fr\/wp-json\/wp\/v2\/pages\/7649\/revisions"}],"predecessor-version":[{"id":10912,"href":"https:\/\/www.keller-forstmaschinen.ch\/fr\/wp-json\/wp\/v2\/pages\/7649\/revisions\/10912"}],"up":[{"embeddable":true,"href":"https:\/\/www.keller-forstmaschinen.ch\/fr\/wp-json\/wp\/v2\/pages\/7645"}],"wp:attachment":[{"href":"https:\/\/www.keller-forstmaschinen.ch\/fr\/wp-json\/wp\/v2\/media?parent=7649"}],"curies":[{"name":"wp","href":"https:\/\/api.w.org\/{rel}","templated":true}]}}