{"id":7651,"date":"2024-03-04T16:45:31","date_gmt":"2024-03-04T15:45:31","guid":{"rendered":"https:\/\/www.keller-forstmaschinen.ch\/?page_id=7651"},"modified":"2024-03-04T16:45:31","modified_gmt":"2024-03-04T15:45:31","slug":"mentions-legales","status":"publish","type":"page","link":"https:\/\/www.keller-forstmaschinen.ch\/fr\/mentions-legales\/","title":{"rendered":"Mentions l\u00e9gales"},"content":{"rendered":"<div id=\"pl-7651\"  class=\"panel-layout\" ><div id=\"pg-7651-0\"  class=\"panel-grid panel-has-style\" ><div class=\"pn_normal_row panel-row-style panel-row-style-for-7651-0\" ><div id=\"pgc-7651-0-0\"  class=\"panel-grid-cell\" ><div id=\"panel-7651-0-0-0\" class=\"so-panel widget widget_pn-text-widget panel-first-child panel-last-child\" data-index=\"0\" ><div\n\t\t\t\n\t\t\tclass=\"so-widget-pn-text-widget so-widget-pn-text-widget-base\"\n\t\t\t\n\t\t><div class=\"pn-text\">\r\n\t\t\t<div class=\"title\"><h2><\/h2><\/div>\r\n\t\t\t<div class=\"subtitle\">Mentions l\u00e9gales<\/div>\r\n\t\t\t<div class=\"text\"><p>Keller Forstmaschinen AG<br \/>\nIndustrie, Moselenweg 7<br \/>\nCH-4537 Wiedlisbach<\/p>\n<p>Tel. +41 (0)32 636 04 44<br \/>\nverkauf(at)keller-forstmaschinen.ch<\/p>\n<p>Personnes habilit\u00e9es \u00e0 repr\u00e9senter l'association<br \/>\nStefan Keller, Marinette Keller<\/p>\n<p>Num\u00e9ro de registre du commerce<br \/>\nCH-<\/p>\n<p>Num\u00e9ro de TVA Suisse<br \/>\nCHE-<\/p>\n<p>Clause de non-responsabilit\u00e9<br \/>\nL'auteur n'assume aucune responsabilit\u00e9 quant \u00e0 l'exactitude, la pr\u00e9cision, l'actualit\u00e9, la fiabilit\u00e9 et l'exhaustivit\u00e9 du contenu des informations.<\/p>\n<p>L'auteur ne saurait \u00eatre tenu pour responsable des dommages mat\u00e9riels ou immat\u00e9riels qui pourraient \u00eatre caus\u00e9s par l'acc\u00e8s aux informations diffus\u00e9es ou par leur utilisation ou non-utilisation, par le mauvais usage de la connexion ou par des probl\u00e8mes techniques.<\/p>\n<p>Toutes les offres sont sans engagement. L'auteur se r\u00e9serve express\u00e9ment le droit de modifier, de compl\u00e9ter ou de supprimer des parties de pages ou l'ensemble de l'offre sans avis pr\u00e9alable, ou d'en suspendre temporairement ou d\u00e9finitivement la publication.<\/p>\n<p>Responsabilit\u00e9 pour les liens<br \/>\nLes renvois et liens vers des sites web de tiers ne rel\u00e8vent pas de notre responsabilit\u00e9. Nous d\u00e9clinons toute responsabilit\u00e9 pour de tels sites web. L'acc\u00e8s \u00e0 de tels sites et leur utilisation se font aux risques et p\u00e9rils de l'utilisateur ou de l'utilisatrice.<\/p>\n<p>Droits d'auteur<br \/>\nLes droits d'auteur et tous les autres droits relatifs aux contenus, images, photos ou autres fichiers pr\u00e9sents sur le site Internet appartiennent exclusivement \u00e0 Keller Forstmaschinen AG ou aux titulaires de droits sp\u00e9cialement cit\u00e9s. Pour la reproduction de tout \u00e9l\u00e9ment, l'accord \u00e9crit des d\u00e9tenteurs des droits d'auteur doit \u00eatre obtenu au pr\u00e9alable.<\/p>\n<p>Concept, screendesign, contenu<br \/>\nHimmelblau GmbH, agence de publicit\u00e9, Jurastrasse 15, 4900 Langenthal, himmelblau.ch<\/p>\n<p>Programmation et support<br \/>\nPromptNet GmbH, Websolutions, Oldenhornweg 1, 3661 Uetendorf, promptnet.ch<\/p>\n<\/div>\r\n\t\t<\/div>\r\n\t<\/div>\r\n\t<\/div><\/div><\/div><\/div><\/div><\/div>","protected":false},"excerpt":{"rendered":"<p>Mentions l\u00e9gales Keller Forstmaschinen AG Industrie, Moselenweg 7 CH-4537 Wiedlisbach Tel. +41 (0)32 636 04 44 verkauf(at)keller-forstmaschinen.ch Personnes habilit\u00e9es \u00e0 repr\u00e9senter l&rsquo;association Stefan Keller, Marinette Keller Num\u00e9ro de registre du commerce CH- Num\u00e9ro de TVA Suisse CHE- Clause de non-responsabilit\u00e9 L&rsquo;auteur n&rsquo;assume aucune responsabilit\u00e9 quant \u00e0 l&rsquo;exactitude, la pr\u00e9cision, l&rsquo;actualit\u00e9, la fiabilit\u00e9 et l&rsquo;exhaustivit\u00e9 du [&hellip;]<\/p>\n","protected":false},"author":3,"featured_media":0,"parent":0,"menu_order":200,"comment_status":"closed","ping_status":"closed","template":"","meta":{"footnotes":""},"class_list":["post-7651","page","type-page","status-publish","hentry"],"yoast_head":"<!-- This site is optimized with the Yoast SEO plugin v26.9 - https:\/\/yoast.com\/product\/yoast-seo-wordpress\/ -->\n<title>Mentions l\u00e9gales - Keller Forstmaschinen<\/title>\n<meta name=\"robots\" content=\"index, follow, max-snippet:-1, max-image-preview:large, max-video-preview:-1\" \/>\n<link rel=\"canonical\" href=\"https:\/\/www.keller-forstmaschinen.ch\/fr\/mentions-legales\/\" \/>\n<meta property=\"og:locale\" content=\"fr_FR\" \/>\n<meta property=\"og:type\" content=\"article\" \/>\n<meta property=\"og:title\" content=\"Mentions l\u00e9gales - Keller Forstmaschinen\" \/>\n<meta property=\"og:description\" content=\"Mentions l\u00e9gales Keller Forstmaschinen AG Industrie, Moselenweg 7 CH-4537 Wiedlisbach Tel. +41 (0)32 636 04 44 verkauf(at)keller-forstmaschinen.ch Personnes habilit\u00e9es \u00e0 repr\u00e9senter l&#039;association Stefan Keller, Marinette Keller Num\u00e9ro de registre du commerce CH- Num\u00e9ro de TVA Suisse CHE- Clause de non-responsabilit\u00e9 L&#039;auteur n&#039;assume aucune responsabilit\u00e9 quant \u00e0 l&#039;exactitude, la pr\u00e9cision, l&#039;actualit\u00e9, la fiabilit\u00e9 et l&#039;exhaustivit\u00e9 du [&hellip;]\" \/>\n<meta property=\"og:url\" content=\"https:\/\/www.keller-forstmaschinen.ch\/fr\/mentions-legales\/\" \/>\n<meta property=\"og:site_name\" content=\"Keller Forstmaschinen\" \/>\n<meta property=\"article:publisher\" content=\"https:\/\/www.facebook.com\/KellerForstmaschinen\" \/>\n<meta name=\"twitter:card\" content=\"summary_large_image\" \/>\n<meta name=\"twitter:label1\" content=\"Dur\u00e9e de lecture estim\u00e9e\" \/>\n\t<meta name=\"twitter:data1\" content=\"2 minutes\" \/>\n<script type=\"application\/ld+json\" class=\"yoast-schema-graph\">{\"@context\":\"https:\/\/schema.org\",\"@graph\":[{\"@type\":\"WebPage\",\"@id\":\"https:\/\/www.keller-forstmaschinen.ch\/fr\/mentions-legales\/\",\"url\":\"https:\/\/www.keller-forstmaschinen.ch\/fr\/mentions-legales\/\",\"name\":\"Mentions l\u00e9gales - Keller Forstmaschinen\",\"isPartOf\":{\"@id\":\"https:\/\/www.keller-forstmaschinen.ch\/#website\"},\"datePublished\":\"2024-03-04T15:45:31+00:00\",\"breadcrumb\":{\"@id\":\"https:\/\/www.keller-forstmaschinen.ch\/fr\/mentions-legales\/#breadcrumb\"},\"inLanguage\":\"fr-FR\",\"potentialAction\":[{\"@type\":\"ReadAction\",\"target\":[\"https:\/\/www.keller-forstmaschinen.ch\/fr\/mentions-legales\/\"]}]},{\"@type\":\"BreadcrumbList\",\"@id\":\"https:\/\/www.keller-forstmaschinen.ch\/fr\/mentions-legales\/#breadcrumb\",\"itemListElement\":[{\"@type\":\"ListItem\",\"position\":1,\"name\":\"Home\",\"item\":\"https:\/\/www.keller-forstmaschinen.ch\/fr\/\"},{\"@type\":\"ListItem\",\"position\":2,\"name\":\"Mentions l\u00e9gales\"}]},{\"@type\":\"WebSite\",\"@id\":\"https:\/\/www.keller-forstmaschinen.ch\/#website\",\"url\":\"https:\/\/www.keller-forstmaschinen.ch\/\",\"name\":\"Keller Forstmaschinen\",\"description\":\"Ihr Partner f\u00fcr Forstmaschinen\",\"publisher\":{\"@id\":\"https:\/\/www.keller-forstmaschinen.ch\/#organization\"},\"potentialAction\":[{\"@type\":\"SearchAction\",\"target\":{\"@type\":\"EntryPoint\",\"urlTemplate\":\"https:\/\/www.keller-forstmaschinen.ch\/?s={search_term_string}\"},\"query-input\":{\"@type\":\"PropertyValueSpecification\",\"valueRequired\":true,\"valueName\":\"search_term_string\"}}],\"inLanguage\":\"fr-FR\"},{\"@type\":\"Organization\",\"@id\":\"https:\/\/www.keller-forstmaschinen.ch\/#organization\",\"name\":\"KELLER FORSTMASCHINEN AG\",\"url\":\"https:\/\/www.keller-forstmaschinen.ch\/\",\"logo\":{\"@type\":\"ImageObject\",\"inLanguage\":\"fr-FR\",\"@id\":\"https:\/\/www.keller-forstmaschinen.ch\/#\/schema\/logo\/image\/\",\"url\":\"https:\/\/www.keller-forstmaschinen.ch\/wp-content\/uploads\/2021\/07\/Keller-Logo-2021.jpg\",\"contentUrl\":\"https:\/\/www.keller-forstmaschinen.ch\/wp-content\/uploads\/2021\/07\/Keller-Logo-2021.jpg\",\"width\":1082,\"height\":301,\"caption\":\"KELLER FORSTMASCHINEN AG\"},\"image\":{\"@id\":\"https:\/\/www.keller-forstmaschinen.ch\/#\/schema\/logo\/image\/\"},\"sameAs\":[\"https:\/\/www.facebook.com\/KellerForstmaschinen\",\"https:\/\/www.instagram.com\/keller_forstmaschinen\/\"]}]}<\/script>\n<!-- \/ Yoast SEO plugin. -->","yoast_head_json":{"title":"Mentions l\u00e9gales - Keller Forstmaschinen","robots":{"index":"index","follow":"follow","max-snippet":"max-snippet:-1","max-image-preview":"max-image-preview:large","max-video-preview":"max-video-preview:-1"},"canonical":"https:\/\/www.keller-forstmaschinen.ch\/fr\/mentions-legales\/","og_locale":"fr_FR","og_type":"article","og_title":"Mentions l\u00e9gales - Keller Forstmaschinen","og_description":"Mentions l\u00e9gales Keller Forstmaschinen AG Industrie, Moselenweg 7 CH-4537 Wiedlisbach Tel. +41 (0)32 636 04 44 verkauf(at)keller-forstmaschinen.ch Personnes habilit\u00e9es \u00e0 repr\u00e9senter l'association Stefan Keller, Marinette Keller Num\u00e9ro de registre du commerce CH- Num\u00e9ro de TVA Suisse CHE- Clause de non-responsabilit\u00e9 L'auteur n'assume aucune responsabilit\u00e9 quant \u00e0 l'exactitude, la pr\u00e9cision, l'actualit\u00e9, la fiabilit\u00e9 et l'exhaustivit\u00e9 du [&hellip;]","og_url":"https:\/\/www.keller-forstmaschinen.ch\/fr\/mentions-legales\/","og_site_name":"Keller Forstmaschinen","article_publisher":"https:\/\/www.facebook.com\/KellerForstmaschinen","twitter_card":"summary_large_image","twitter_misc":{"Dur\u00e9e de lecture estim\u00e9e":"2 minutes"},"schema":{"@context":"https:\/\/schema.org","@graph":[{"@type":"WebPage","@id":"https:\/\/www.keller-forstmaschinen.ch\/fr\/mentions-legales\/","url":"https:\/\/www.keller-forstmaschinen.ch\/fr\/mentions-legales\/","name":"Mentions l\u00e9gales - Keller Forstmaschinen","isPartOf":{"@id":"https:\/\/www.keller-forstmaschinen.ch\/#website"},"datePublished":"2024-03-04T15:45:31+00:00","breadcrumb":{"@id":"https:\/\/www.keller-forstmaschinen.ch\/fr\/mentions-legales\/#breadcrumb"},"inLanguage":"fr-FR","potentialAction":[{"@type":"ReadAction","target":["https:\/\/www.keller-forstmaschinen.ch\/fr\/mentions-legales\/"]}]},{"@type":"BreadcrumbList","@id":"https:\/\/www.keller-forstmaschinen.ch\/fr\/mentions-legales\/#breadcrumb","itemListElement":[{"@type":"ListItem","position":1,"name":"Home","item":"https:\/\/www.keller-forstmaschinen.ch\/fr\/"},{"@type":"ListItem","position":2,"name":"Mentions l\u00e9gales"}]},{"@type":"WebSite","@id":"https:\/\/www.keller-forstmaschinen.ch\/#website","url":"https:\/\/www.keller-forstmaschinen.ch\/","name":"Keller Forstmaschinen","description":"Ihr Partner f\u00fcr Forstmaschinen","publisher":{"@id":"https:\/\/www.keller-forstmaschinen.ch\/#organization"},"potentialAction":[{"@type":"SearchAction","target":{"@type":"EntryPoint","urlTemplate":"https:\/\/www.keller-forstmaschinen.ch\/?s={search_term_string}"},"query-input":{"@type":"PropertyValueSpecification","valueRequired":true,"valueName":"search_term_string"}}],"inLanguage":"fr-FR"},{"@type":"Organization","@id":"https:\/\/www.keller-forstmaschinen.ch\/#organization","name":"KELLER FORSTMASCHINEN AG","url":"https:\/\/www.keller-forstmaschinen.ch\/","logo":{"@type":"ImageObject","inLanguage":"fr-FR","@id":"https:\/\/www.keller-forstmaschinen.ch\/#\/schema\/logo\/image\/","url":"https:\/\/www.keller-forstmaschinen.ch\/wp-content\/uploads\/2021\/07\/Keller-Logo-2021.jpg","contentUrl":"https:\/\/www.keller-forstmaschinen.ch\/wp-content\/uploads\/2021\/07\/Keller-Logo-2021.jpg","width":1082,"height":301,"caption":"KELLER FORSTMASCHINEN AG"},"image":{"@id":"https:\/\/www.keller-forstmaschinen.ch\/#\/schema\/logo\/image\/"},"sameAs":["https:\/\/www.facebook.com\/KellerForstmaschinen","https:\/\/www.instagram.com\/keller_forstmaschinen\/"]}]}},"_links":{"self":[{"href":"https:\/\/www.keller-forstmaschinen.ch\/fr\/wp-json\/wp\/v2\/pages\/7651","targetHints":{"allow":["GET"]}}],"collection":[{"href":"https:\/\/www.keller-forstmaschinen.ch\/fr\/wp-json\/wp\/v2\/pages"}],"about":[{"href":"https:\/\/www.keller-forstmaschinen.ch\/fr\/wp-json\/wp\/v2\/types\/page"}],"author":[{"embeddable":true,"href":"https:\/\/www.keller-forstmaschinen.ch\/fr\/wp-json\/wp\/v2\/users\/3"}],"replies":[{"embeddable":true,"href":"https:\/\/www.keller-forstmaschinen.ch\/fr\/wp-json\/wp\/v2\/comments?post=7651"}],"version-history":[{"count":1,"href":"https:\/\/www.keller-forstmaschinen.ch\/fr\/wp-json\/wp\/v2\/pages\/7651\/revisions"}],"predecessor-version":[{"id":7652,"href":"https:\/\/www.keller-forstmaschinen.ch\/fr\/wp-json\/wp\/v2\/pages\/7651\/revisions\/7652"}],"wp:attachment":[{"href":"https:\/\/www.keller-forstmaschinen.ch\/fr\/wp-json\/wp\/v2\/media?parent=7651"}],"curies":[{"name":"wp","href":"https:\/\/api.w.org\/{rel}","templated":true}]}}