{"id":7655,"date":"2024-03-04T16:43:06","date_gmt":"2024-03-04T15:43:06","guid":{"rendered":"https:\/\/www.keller-forstmaschinen.ch\/?page_id=7655"},"modified":"2025-11-19T08:45:25","modified_gmt":"2025-11-19T07:45:25","slug":"team","status":"publish","type":"page","link":"https:\/\/www.keller-forstmaschinen.ch\/fr\/team\/","title":{"rendered":"Team"},"content":{"rendered":"<div id=\"pl-7655\"  class=\"panel-layout\" ><div id=\"pg-7655-0\"  class=\"panel-grid panel-has-style\" ><div class=\"pn_stretch_row panel-row-style panel-row-style-for-7655-0\" ><div id=\"pgc-7655-0-0\"  class=\"panel-grid-cell\" ><div id=\"panel-7655-0-0-0\" class=\"so-panel widget widget_pn-image-widget panel-first-child\" data-index=\"0\" ><div\n\t\t\t\n\t\t\tclass=\"so-widget-pn-image-widget so-widget-pn-image-widget-base\"\n\t\t\t\n\t\t><div class=\"pn-row pn-image\" style=\"background-image: url(https:\/\/www.keller-forstmaschinen.ch\/wp-content\/uploads\/2025\/11\/Unbenannt-5-1920x870.jpeg)\"><\/div><\/div><\/div><div id=\"panel-7655-0-0-1\" class=\"so-panel widget widget_pn-team-widget\" data-index=\"1\" ><div\n\t\t\t\n\t\t\tclass=\"so-widget-pn-team-widget so-widget-pn-team-widget-base\"\n\t\t\t\n\t\t><div class=\"pn-box-wrapper pn-row\">\r\n\t \t<h3>Votre \u00e9quipe Keller<\/h3>\r\n\t\t<div class=\"container\">\r\n\t\t\t<div class=\"row\">\r\n\t\t\t\t<div class=\"pn-team col-12 col-md-6 col-lg-4\">\r\n\t\t\t\t\t<div class=\"pn-team-wrapper\"><img decoding=\"async\" src=\"https:\/\/www.keller-forstmaschinen.ch\/wp-content\/uploads\/2025\/11\/DSC00278-scaled-e1763538135809-900x600.jpg\" alt=\"Stefan Keller\" \/>\r\n\t\t\t\t\t\t<div class=\"pn-team-text\">\r\n\t\t\t\t\t\t\t<div class=\"pn-team-name\">Stefan Keller<\/div>\r\n\t\t\t\t\t\t\t<div class=\"pn-team-function\">Propri\u00e9taire \/ Direction \/ Vente service ext\u00e9rieur<\/div>\r\n\t\t\t\t\t\t\t<div class=\"pn-team-phone\">+41 (0)32 636 04 44&nbsp;<\/div>\r\n\t\t\t\t\t\t\t<div class=\"pn-team-email\"><a href=\"mailto:verkauf@keller-forstmaschinen.ch\">verkauf@keller-forstmaschinen.ch<\/a>&nbsp;<\/div>\r\n\t\t\t\t\t\t<\/div>\r\n\t\t\t\t\t<\/div>\r\n\t\t\t\t<\/div><div class=\"pn-team col-12 col-md-6 col-lg-4\">\r\n\t\t\t\t\t<div class=\"pn-team-wrapper\"><img decoding=\"async\" src=\"https:\/\/www.keller-forstmaschinen.ch\/wp-content\/uploads\/2025\/11\/DSC00270-scaled-e1763538168704-900x600.jpg\" alt=\"Marinette Keller \" \/>\r\n\t\t\t\t\t\t<div class=\"pn-team-text\">\r\n\t\t\t\t\t\t\t<div class=\"pn-team-name\">Marinette Keller <\/div>\r\n\t\t\t\t\t\t\t<div class=\"pn-team-function\">Propri\u00e9taire et back office<\/div>\r\n\t\t\t\t\t\t\t<div class=\"pn-team-phone\">&nbsp;<\/div>\r\n\t\t\t\t\t\t\t<div class=\"pn-team-email\"><a href=\"mailto:marinette.keller@keller-forstmaschinen.ch\">marinette.keller@keller-forstmaschinen.ch<\/a>&nbsp;<\/div>\r\n\t\t\t\t\t\t<\/div>\r\n\t\t\t\t\t<\/div>\r\n\t\t\t\t<\/div><div class=\"pn-team col-12 col-md-6 col-lg-4\">\r\n\t\t\t\t\t<div class=\"pn-team-wrapper\"><img decoding=\"async\" src=\"https:\/\/www.keller-forstmaschinen.ch\/wp-content\/uploads\/2025\/11\/DSC00280-scaled-e1763538315185-900x600.jpg\" alt=\"David Eigenheer\" \/>\r\n\t\t\t\t\t\t<div class=\"pn-team-text\">\r\n\t\t\t\t\t\t\t<div class=\"pn-team-name\">David Eigenheer<\/div>\r\n\t\t\t\t\t\t\t<div class=\"pn-team-function\">Direction \/ Vente service interne<\/div>\r\n\t\t\t\t\t\t\t<div class=\"pn-team-phone\">&nbsp;<\/div>\r\n\t\t\t\t\t\t\t<div class=\"pn-team-email\"><a href=\"mailto:david.eigenheer@keller-forstmaschinen.ch\">david.eigenheer@keller-forstmaschinen.ch<\/a>&nbsp;<\/div>\r\n\t\t\t\t\t\t<\/div>\r\n\t\t\t\t\t<\/div>\r\n\t\t\t\t<\/div><div class=\"pn-team col-12 col-md-6 col-lg-4\">\r\n\t\t\t\t\t<div class=\"pn-team-wrapper\"><img decoding=\"async\" src=\"https:\/\/www.keller-forstmaschinen.ch\/wp-content\/uploads\/2025\/11\/DSC00307-scaled-e1763538209606-900x600.jpg\" alt=\"Rapha\u00ebl Sommer\" \/>\r\n\t\t\t\t\t\t<div class=\"pn-team-text\">\r\n\t\t\t\t\t\t\t<div class=\"pn-team-name\">Rapha\u00ebl Sommer<\/div>\r\n\t\t\t\t\t\t\t<div class=\"pn-team-function\">Direction \/ Finances \/ Human Resources<\/div>\r\n\t\t\t\t\t\t\t<div class=\"pn-team-phone\">&nbsp;<\/div>\r\n\t\t\t\t\t\t\t<div class=\"pn-team-email\"><a href=\"mailto:raphael.sommer@keller-forstmaschinen.ch\">raphael.sommer@keller-forstmaschinen.ch<\/a>&nbsp;<\/div>\r\n\t\t\t\t\t\t<\/div>\r\n\t\t\t\t\t<\/div>\r\n\t\t\t\t<\/div><div class=\"pn-team col-12 col-md-6 col-lg-4\">\r\n\t\t\t\t\t<div class=\"pn-team-wrapper\"><img decoding=\"async\" src=\"https:\/\/www.keller-forstmaschinen.ch\/wp-content\/uploads\/2025\/11\/DSC00321-scaled-e1763538182580-900x600.jpg\" alt=\"Philipp Steiner\" \/>\r\n\t\t\t\t\t\t<div class=\"pn-team-text\">\r\n\t\t\t\t\t\t\t<div class=\"pn-team-name\">Philipp Steiner<\/div>\r\n\t\t\t\t\t\t\t<div class=\"pn-team-function\">chef d'atelier<\/div>\r\n\t\t\t\t\t\t\t<div class=\"pn-team-phone\">&nbsp;<\/div>\r\n\t\t\t\t\t\t\t<div class=\"pn-team-email\"><a href=\"mailto:philipp.steiner@keller-forstmaschinen.ch\">philipp.steiner@keller-forstmaschinen.ch<\/a>&nbsp;<\/div>\r\n\t\t\t\t\t\t<\/div>\r\n\t\t\t\t\t<\/div>\r\n\t\t\t\t<\/div><div class=\"pn-team col-12 col-md-6 col-lg-4\">\r\n\t\t\t\t\t<div class=\"pn-team-wrapper\"><img decoding=\"async\" src=\"https:\/\/www.keller-forstmaschinen.ch\/wp-content\/uploads\/2025\/11\/DSC00315-scaled-e1763538196808-900x600.jpg\" alt=\"Marco Wunderli\" \/>\r\n\t\t\t\t\t\t<div class=\"pn-team-text\">\r\n\t\t\t\t\t\t\t<div class=\"pn-team-name\">Marco Wunderli<\/div>\r\n\t\t\t\t\t\t\t<div class=\"pn-team-function\">assistance technique \/ m\u00e9canicien forestier<\/div>\r\n\t\t\t\t\t\t\t<div class=\"pn-team-phone\">&nbsp;<\/div>\r\n\t\t\t\t\t\t\t<div class=\"pn-team-email\"><a href=\"mailto:marco.wunderli@keller-forstmaschinen.ch\">marco.wunderli@keller-forstmaschinen.ch<\/a>&nbsp;<\/div>\r\n\t\t\t\t\t\t<\/div>\r\n\t\t\t\t\t<\/div>\r\n\t\t\t\t<\/div><div class=\"pn-team col-12 col-md-6 col-lg-4\">\r\n\t\t\t\t\t<div class=\"pn-team-wrapper\"><img decoding=\"async\" src=\"https:\/\/www.keller-forstmaschinen.ch\/wp-content\/uploads\/2025\/11\/DSC00292-1-scaled-e1763538264142-900x600.jpg\" alt=\"Philipp M\u00e4gli\" \/>\r\n\t\t\t\t\t\t<div class=\"pn-team-text\">\r\n\t\t\t\t\t\t\t<div class=\"pn-team-name\">Philipp M\u00e4gli<\/div>\r\n\t\t\t\t\t\t\t<div class=\"pn-team-function\">pi\u00e8ces d\u00e9tach\u00e9es \/ m\u00e9canicien forestier<\/div>\r\n\t\t\t\t\t\t\t<div class=\"pn-team-phone\">&nbsp;<\/div>\r\n\t\t\t\t\t\t\t<div class=\"pn-team-email\"><a href=\"mailto:service@keller-forstmaschinen.ch\">service@keller-forstmaschinen.ch<\/a>&nbsp;<\/div>\r\n\t\t\t\t\t\t<\/div>\r\n\t\t\t\t\t<\/div>\r\n\t\t\t\t<\/div><div class=\"pn-team col-12 col-md-6 col-lg-4\">\r\n\t\t\t\t\t<div class=\"pn-team-wrapper\"><img decoding=\"async\" src=\"https:\/\/www.keller-forstmaschinen.ch\/wp-content\/uploads\/2025\/11\/DSC00286-scaled-e1763538289663-900x600.jpg\" alt=\"David Keller \" \/>\r\n\t\t\t\t\t\t<div class=\"pn-team-text\">\r\n\t\t\t\t\t\t\t<div class=\"pn-team-name\">David Keller <\/div>\r\n\t\t\t\t\t\t\t<div class=\"pn-team-function\">M\u00e9canicien poids lourds \/ Responsable du centre de service de Suisse orientale<\/div>\r\n\t\t\t\t\t\t\t<div class=\"pn-team-phone\">&nbsp;<\/div>\r\n\t\t\t\t\t\t\t<div class=\"pn-team-email\">&nbsp;<\/div>\r\n\t\t\t\t\t\t<\/div>\r\n\t\t\t\t\t<\/div>\r\n\t\t\t\t<\/div><div class=\"pn-team col-12 col-md-6 col-lg-4\">\r\n\t\t\t\t\t<div class=\"pn-team-wrapper\"><img decoding=\"async\" src=\"https:\/\/www.keller-forstmaschinen.ch\/wp-content\/uploads\/2025\/11\/DSC00282-scaled-e1763538303621-900x600.jpg\" alt=\"Michael M\u00fcller\" \/>\r\n\t\t\t\t\t\t<div class=\"pn-team-text\">\r\n\t\t\t\t\t\t\t<div class=\"pn-team-name\">Michael M\u00fcller<\/div>\r\n\t\t\t\t\t\t\t<div class=\"pn-team-function\">m\u00e9canicien forestier<\/div>\r\n\t\t\t\t\t\t\t<div class=\"pn-team-phone\">&nbsp;<\/div>\r\n\t\t\t\t\t\t\t<div class=\"pn-team-email\">&nbsp;<\/div>\r\n\t\t\t\t\t\t<\/div>\r\n\t\t\t\t\t<\/div>\r\n\t\t\t\t<\/div><div class=\"pn-team col-12 col-md-6 col-lg-4\">\r\n\t\t\t\t\t<div class=\"pn-team-wrapper\"><img decoding=\"async\" src=\"https:\/\/www.keller-forstmaschinen.ch\/wp-content\/uploads\/2025\/11\/DSC00289-scaled-e1763538276135-900x600.jpg\" alt=\"Agron Jashari\" \/>\r\n\t\t\t\t\t\t<div class=\"pn-team-text\">\r\n\t\t\t\t\t\t\t<div class=\"pn-team-name\">Agron Jashari<\/div>\r\n\t\t\t\t\t\t\t<div class=\"pn-team-function\">Allrounder<\/div>\r\n\t\t\t\t\t\t\t<div class=\"pn-team-phone\">&nbsp;<\/div>\r\n\t\t\t\t\t\t\t<div class=\"pn-team-email\">&nbsp;<\/div>\r\n\t\t\t\t\t\t<\/div>\r\n\t\t\t\t\t<\/div>\r\n\t\t\t\t<\/div><div class=\"pn-team col-12 col-md-6 col-lg-4\">\r\n\t\t\t\t\t<div class=\"pn-team-wrapper\"><img decoding=\"async\" src=\"https:\/\/www.keller-forstmaschinen.ch\/wp-content\/uploads\/2025\/11\/DSC00299-scaled-e1763538237628-900x600.jpg\" alt=\"Roni Kofmel\" \/>\r\n\t\t\t\t\t\t<div class=\"pn-team-text\">\r\n\t\t\t\t\t\t\t<div class=\"pn-team-name\">Roni Kofmel<\/div>\r\n\t\t\t\t\t\t\t<div class=\"pn-team-function\">m\u00e9canicien forestier<\/div>\r\n\t\t\t\t\t\t\t<div class=\"pn-team-phone\">&nbsp;<\/div>\r\n\t\t\t\t\t\t\t<div class=\"pn-team-email\">&nbsp;<\/div>\r\n\t\t\t\t\t\t<\/div>\r\n\t\t\t\t\t<\/div>\r\n\t\t\t\t<\/div><div class=\"pn-team col-12 col-md-6 col-lg-4\">\r\n\t\t\t\t\t<div class=\"pn-team-wrapper\"><img decoding=\"async\" src=\"https:\/\/www.keller-forstmaschinen.ch\/wp-content\/uploads\/2025\/11\/DSC00295-scaled-e1763538250324-900x600.jpg\" alt=\"Cedric Stampfli\" \/>\r\n\t\t\t\t\t\t<div class=\"pn-team-text\">\r\n\t\t\t\t\t\t\t<div class=\"pn-team-name\">Cedric Stampfli<\/div>\r\n\t\t\t\t\t\t\t<div class=\"pn-team-function\">Apprenti de 4e ann\u00e9e<\/div>\r\n\t\t\t\t\t\t\t<div class=\"pn-team-phone\">&nbsp;<\/div>\r\n\t\t\t\t\t\t\t<div class=\"pn-team-email\">&nbsp;<\/div>\r\n\t\t\t\t\t\t<\/div>\r\n\t\t\t\t\t<\/div>\r\n\t\t\t\t<\/div><div class=\"pn-team col-12 col-md-6 col-lg-4\">\r\n\t\t\t\t\t<div class=\"pn-team-wrapper\"><img decoding=\"async\" src=\"https:\/\/www.keller-forstmaschinen.ch\/wp-content\/uploads\/2025\/11\/DSC00303-scaled-e1763538223627-900x600.jpg\" alt=\"Bj\u00f6rn Kofmel\" \/>\r\n\t\t\t\t\t\t<div class=\"pn-team-text\">\r\n\t\t\t\t\t\t\t<div class=\"pn-team-name\">Bj\u00f6rn Kofmel<\/div>\r\n\t\t\t\t\t\t\t<div class=\"pn-team-function\">Apprenti de 2e ann\u00e9e<\/div>\r\n\t\t\t\t\t\t\t<div class=\"pn-team-phone\">&nbsp;<\/div>\r\n\t\t\t\t\t\t\t<div class=\"pn-team-email\">&nbsp;<\/div>\r\n\t\t\t\t\t\t<\/div>\r\n\t\t\t\t\t<\/div>\r\n\t\t\t\t<\/div><\/div>\r\n\t\t\t<\/div>\r\n\t\t<\/div><\/div><\/div><div id=\"panel-7655-0-0-2\" class=\"so-panel widget widget_sow-editor panel-last-child\" data-index=\"2\" ><div\n\t\t\t\n\t\t\tclass=\"so-widget-sow-editor so-widget-sow-editor-base\"\n\t\t\t\n\t\t>\n<div class=\"siteorigin-widget-tinymce textwidget\">\n\t<\/div>\n<\/div><\/div><\/div><\/div><\/div><\/div>","protected":false},"excerpt":{"rendered":"<p>Votre \u00e9quipe Keller Stefan Keller Propri\u00e9taire \/ Direction \/ Vente service ext\u00e9rieur +41 (0)32 636 04 44&nbsp; verkauf@keller-forstmaschinen.ch&nbsp; Marinette Keller Propri\u00e9taire et back office &nbsp; marinette.keller@keller-forstmaschinen.ch&nbsp; David Eigenheer Direction \/ Vente service interne &nbsp; david.eigenheer@keller-forstmaschinen.ch&nbsp; Rapha\u00ebl Sommer Direction \/ Finances \/ Human Resources &nbsp; raphael.sommer@keller-forstmaschinen.ch&nbsp; Philipp Steiner chef d&rsquo;atelier &nbsp; philipp.steiner@keller-forstmaschinen.ch&nbsp; Marco Wunderli assistance technique [&hellip;]<\/p>\n","protected":false},"author":3,"featured_media":0,"parent":0,"menu_order":10,"comment_status":"closed","ping_status":"closed","template":"","meta":{"footnotes":""},"class_list":["post-7655","page","type-page","status-publish","hentry"],"yoast_head":"<!-- This site is optimized with the Yoast SEO plugin v26.9 - https:\/\/yoast.com\/product\/yoast-seo-wordpress\/ -->\n<title>Team - Keller Forstmaschinen<\/title>\n<meta name=\"robots\" content=\"index, follow, max-snippet:-1, max-image-preview:large, max-video-preview:-1\" \/>\n<link rel=\"canonical\" href=\"https:\/\/www.keller-forstmaschinen.ch\/fr\/team\/\" \/>\n<meta property=\"og:locale\" content=\"fr_FR\" \/>\n<meta property=\"og:type\" content=\"article\" \/>\n<meta property=\"og:title\" content=\"Team - Keller Forstmaschinen\" \/>\n<meta property=\"og:description\" content=\"Votre \u00e9quipe Keller Stefan Keller Propri\u00e9taire \/ Direction \/ Vente service ext\u00e9rieur +41 (0)32 636 04 44&nbsp; verkauf@keller-forstmaschinen.ch&nbsp; Marinette Keller Propri\u00e9taire et back office &nbsp; marinette.keller@keller-forstmaschinen.ch&nbsp; David Eigenheer Direction \/ Vente service interne &nbsp; david.eigenheer@keller-forstmaschinen.ch&nbsp; Rapha\u00ebl Sommer Direction \/ Finances \/ Human Resources &nbsp; raphael.sommer@keller-forstmaschinen.ch&nbsp; Philipp Steiner chef d&#039;atelier &nbsp; philipp.steiner@keller-forstmaschinen.ch&nbsp; Marco Wunderli assistance technique [&hellip;]\" \/>\n<meta property=\"og:url\" content=\"https:\/\/www.keller-forstmaschinen.ch\/fr\/team\/\" \/>\n<meta property=\"og:site_name\" content=\"Keller Forstmaschinen\" \/>\n<meta property=\"article:publisher\" content=\"https:\/\/www.facebook.com\/KellerForstmaschinen\" \/>\n<meta property=\"article:modified_time\" content=\"2025-11-19T07:45:25+00:00\" \/>\n<meta name=\"twitter:card\" content=\"summary_large_image\" \/>\n<meta name=\"twitter:label1\" content=\"Dur\u00e9e de lecture estim\u00e9e\" \/>\n\t<meta name=\"twitter:data1\" content=\"4 minutes\" \/>\n<script type=\"application\/ld+json\" class=\"yoast-schema-graph\">{\"@context\":\"https:\/\/schema.org\",\"@graph\":[{\"@type\":\"WebPage\",\"@id\":\"https:\/\/www.keller-forstmaschinen.ch\/fr\/team\/\",\"url\":\"https:\/\/www.keller-forstmaschinen.ch\/fr\/team\/\",\"name\":\"Team - Keller Forstmaschinen\",\"isPartOf\":{\"@id\":\"https:\/\/www.keller-forstmaschinen.ch\/#website\"},\"datePublished\":\"2024-03-04T15:43:06+00:00\",\"dateModified\":\"2025-11-19T07:45:25+00:00\",\"breadcrumb\":{\"@id\":\"https:\/\/www.keller-forstmaschinen.ch\/fr\/team\/#breadcrumb\"},\"inLanguage\":\"fr-FR\",\"potentialAction\":[{\"@type\":\"ReadAction\",\"target\":[\"https:\/\/www.keller-forstmaschinen.ch\/fr\/team\/\"]}]},{\"@type\":\"BreadcrumbList\",\"@id\":\"https:\/\/www.keller-forstmaschinen.ch\/fr\/team\/#breadcrumb\",\"itemListElement\":[{\"@type\":\"ListItem\",\"position\":1,\"name\":\"Home\",\"item\":\"https:\/\/www.keller-forstmaschinen.ch\/fr\/\"},{\"@type\":\"ListItem\",\"position\":2,\"name\":\"Team\"}]},{\"@type\":\"WebSite\",\"@id\":\"https:\/\/www.keller-forstmaschinen.ch\/#website\",\"url\":\"https:\/\/www.keller-forstmaschinen.ch\/\",\"name\":\"Keller Forstmaschinen\",\"description\":\"Ihr Partner f\u00fcr Forstmaschinen\",\"publisher\":{\"@id\":\"https:\/\/www.keller-forstmaschinen.ch\/#organization\"},\"potentialAction\":[{\"@type\":\"SearchAction\",\"target\":{\"@type\":\"EntryPoint\",\"urlTemplate\":\"https:\/\/www.keller-forstmaschinen.ch\/?s={search_term_string}\"},\"query-input\":{\"@type\":\"PropertyValueSpecification\",\"valueRequired\":true,\"valueName\":\"search_term_string\"}}],\"inLanguage\":\"fr-FR\"},{\"@type\":\"Organization\",\"@id\":\"https:\/\/www.keller-forstmaschinen.ch\/#organization\",\"name\":\"KELLER FORSTMASCHINEN AG\",\"url\":\"https:\/\/www.keller-forstmaschinen.ch\/\",\"logo\":{\"@type\":\"ImageObject\",\"inLanguage\":\"fr-FR\",\"@id\":\"https:\/\/www.keller-forstmaschinen.ch\/#\/schema\/logo\/image\/\",\"url\":\"https:\/\/www.keller-forstmaschinen.ch\/wp-content\/uploads\/2021\/07\/Keller-Logo-2021.jpg\",\"contentUrl\":\"https:\/\/www.keller-forstmaschinen.ch\/wp-content\/uploads\/2021\/07\/Keller-Logo-2021.jpg\",\"width\":1082,\"height\":301,\"caption\":\"KELLER FORSTMASCHINEN AG\"},\"image\":{\"@id\":\"https:\/\/www.keller-forstmaschinen.ch\/#\/schema\/logo\/image\/\"},\"sameAs\":[\"https:\/\/www.facebook.com\/KellerForstmaschinen\",\"https:\/\/www.instagram.com\/keller_forstmaschinen\/\"]}]}<\/script>\n<!-- \/ Yoast SEO plugin. -->","yoast_head_json":{"title":"Team - Keller Forstmaschinen","robots":{"index":"index","follow":"follow","max-snippet":"max-snippet:-1","max-image-preview":"max-image-preview:large","max-video-preview":"max-video-preview:-1"},"canonical":"https:\/\/www.keller-forstmaschinen.ch\/fr\/team\/","og_locale":"fr_FR","og_type":"article","og_title":"Team - Keller Forstmaschinen","og_description":"Votre \u00e9quipe Keller Stefan Keller Propri\u00e9taire \/ Direction \/ Vente service ext\u00e9rieur +41 (0)32 636 04 44&nbsp; verkauf@keller-forstmaschinen.ch&nbsp; Marinette Keller Propri\u00e9taire et back office &nbsp; marinette.keller@keller-forstmaschinen.ch&nbsp; David Eigenheer Direction \/ Vente service interne &nbsp; david.eigenheer@keller-forstmaschinen.ch&nbsp; Rapha\u00ebl Sommer Direction \/ Finances \/ Human Resources &nbsp; raphael.sommer@keller-forstmaschinen.ch&nbsp; Philipp Steiner chef d'atelier &nbsp; philipp.steiner@keller-forstmaschinen.ch&nbsp; Marco Wunderli assistance technique [&hellip;]","og_url":"https:\/\/www.keller-forstmaschinen.ch\/fr\/team\/","og_site_name":"Keller Forstmaschinen","article_publisher":"https:\/\/www.facebook.com\/KellerForstmaschinen","article_modified_time":"2025-11-19T07:45:25+00:00","twitter_card":"summary_large_image","twitter_misc":{"Dur\u00e9e de lecture estim\u00e9e":"4 minutes"},"schema":{"@context":"https:\/\/schema.org","@graph":[{"@type":"WebPage","@id":"https:\/\/www.keller-forstmaschinen.ch\/fr\/team\/","url":"https:\/\/www.keller-forstmaschinen.ch\/fr\/team\/","name":"Team - Keller Forstmaschinen","isPartOf":{"@id":"https:\/\/www.keller-forstmaschinen.ch\/#website"},"datePublished":"2024-03-04T15:43:06+00:00","dateModified":"2025-11-19T07:45:25+00:00","breadcrumb":{"@id":"https:\/\/www.keller-forstmaschinen.ch\/fr\/team\/#breadcrumb"},"inLanguage":"fr-FR","potentialAction":[{"@type":"ReadAction","target":["https:\/\/www.keller-forstmaschinen.ch\/fr\/team\/"]}]},{"@type":"BreadcrumbList","@id":"https:\/\/www.keller-forstmaschinen.ch\/fr\/team\/#breadcrumb","itemListElement":[{"@type":"ListItem","position":1,"name":"Home","item":"https:\/\/www.keller-forstmaschinen.ch\/fr\/"},{"@type":"ListItem","position":2,"name":"Team"}]},{"@type":"WebSite","@id":"https:\/\/www.keller-forstmaschinen.ch\/#website","url":"https:\/\/www.keller-forstmaschinen.ch\/","name":"Keller Forstmaschinen","description":"Ihr Partner f\u00fcr Forstmaschinen","publisher":{"@id":"https:\/\/www.keller-forstmaschinen.ch\/#organization"},"potentialAction":[{"@type":"SearchAction","target":{"@type":"EntryPoint","urlTemplate":"https:\/\/www.keller-forstmaschinen.ch\/?s={search_term_string}"},"query-input":{"@type":"PropertyValueSpecification","valueRequired":true,"valueName":"search_term_string"}}],"inLanguage":"fr-FR"},{"@type":"Organization","@id":"https:\/\/www.keller-forstmaschinen.ch\/#organization","name":"KELLER FORSTMASCHINEN AG","url":"https:\/\/www.keller-forstmaschinen.ch\/","logo":{"@type":"ImageObject","inLanguage":"fr-FR","@id":"https:\/\/www.keller-forstmaschinen.ch\/#\/schema\/logo\/image\/","url":"https:\/\/www.keller-forstmaschinen.ch\/wp-content\/uploads\/2021\/07\/Keller-Logo-2021.jpg","contentUrl":"https:\/\/www.keller-forstmaschinen.ch\/wp-content\/uploads\/2021\/07\/Keller-Logo-2021.jpg","width":1082,"height":301,"caption":"KELLER FORSTMASCHINEN AG"},"image":{"@id":"https:\/\/www.keller-forstmaschinen.ch\/#\/schema\/logo\/image\/"},"sameAs":["https:\/\/www.facebook.com\/KellerForstmaschinen","https:\/\/www.instagram.com\/keller_forstmaschinen\/"]}]}},"_links":{"self":[{"href":"https:\/\/www.keller-forstmaschinen.ch\/fr\/wp-json\/wp\/v2\/pages\/7655","targetHints":{"allow":["GET"]}}],"collection":[{"href":"https:\/\/www.keller-forstmaschinen.ch\/fr\/wp-json\/wp\/v2\/pages"}],"about":[{"href":"https:\/\/www.keller-forstmaschinen.ch\/fr\/wp-json\/wp\/v2\/types\/page"}],"author":[{"embeddable":true,"href":"https:\/\/www.keller-forstmaschinen.ch\/fr\/wp-json\/wp\/v2\/users\/3"}],"replies":[{"embeddable":true,"href":"https:\/\/www.keller-forstmaschinen.ch\/fr\/wp-json\/wp\/v2\/comments?post=7655"}],"version-history":[{"count":11,"href":"https:\/\/www.keller-forstmaschinen.ch\/fr\/wp-json\/wp\/v2\/pages\/7655\/revisions"}],"predecessor-version":[{"id":11707,"href":"https:\/\/www.keller-forstmaschinen.ch\/fr\/wp-json\/wp\/v2\/pages\/7655\/revisions\/11707"}],"wp:attachment":[{"href":"https:\/\/www.keller-forstmaschinen.ch\/fr\/wp-json\/wp\/v2\/media?parent=7655"}],"curies":[{"name":"wp","href":"https:\/\/api.w.org\/{rel}","templated":true}]}}