{"id":8308,"date":"2024-05-01T13:30:22","date_gmt":"2024-05-01T11:30:22","guid":{"rendered":"https:\/\/www.keller-forstmaschinen.ch\/?page_id=8308"},"modified":"2025-03-27T17:05:06","modified_gmt":"2025-03-27T16:05:06","slug":"mus-max","status":"publish","type":"page","link":"https:\/\/www.keller-forstmaschinen.ch\/fr\/produits\/mus-max\/","title":{"rendered":"Mus-Max"},"content":{"rendered":"<div id=\"pl-8308\"  class=\"panel-layout\" ><div id=\"pg-8308-0\"  class=\"panel-grid panel-has-style\" ><div class=\"pn_stretch_row panel-row-style panel-row-style-for-8308-0\" ><div id=\"pgc-8308-0-0\"  class=\"panel-grid-cell\" ><div id=\"panel-8308-0-0-0\" class=\"so-panel widget widget_sow-slider panel-first-child panel-last-child\" data-index=\"0\" ><div\n\t\t\t\n\t\t\tclass=\"so-widget-sow-slider so-widget-sow-slider-default-6d39609536fd-8308\"\n\t\t\t\n\t\t>\t\t\t\t<div class=\"sow-slider-base\" style=\"display: none\" tabindex=\"0\">\n\t\t\t\t\t<ul\n\t\t\t\t\tclass=\"sow-slider-images\"\n\t\t\t\t\tdata-settings=\"{&quot;pagination&quot;:true,&quot;speed&quot;:800,&quot;timeout&quot;:8000,&quot;paused&quot;:false,&quot;pause_on_hover&quot;:false,&quot;swipe&quot;:true,&quot;nav_always_show_desktop&quot;:&quot;&quot;,&quot;nav_always_show_mobile&quot;:&quot;&quot;,&quot;breakpoint&quot;:&quot;780px&quot;,&quot;unmute&quot;:false,&quot;anchor&quot;:null}\"\n\t\t\t\t\t\t\t\t\t\tdata-anchor-id=\"\"\n\t\t\t\t>\t\t<li class=\"sow-slider-image\" style=\"visibility: visible;;cursor: pointer;\" data-url=\"{&quot;url&quot;:&quot;http:\\\/\\\/www.alstor.se\\\/&quot;,&quot;new_window&quot;:true}\" >\n\t\t\t\t\t\t<div class=\"sow-slider-image-container\">\n\t\t\t\t<div class=\"sow-slider-image-wrapper\" style=\"max-width: 2560px\">\n\t\t\t\t\t\t\t\t\t\t\t<a href=\"http:\/\/www.alstor.se\/\"\n\t\t\t\t\t\t\t\t\t\t\t\t\t\t\t\t\t\t\t\t\ttarget=\"_blank\" \t\t\t\t\t\t\t\t\t\t\t\t\t\t\t\t\t\t\t\t\t\t\t\t\t\t\t\trel=\"noopener noreferrer\" \t\t\t\t\t\t\t\t\t\t\t\t\t>\n\t\t\t\t\t\t\t\t\t\t<div class=\"sow-slider-image-foreground-wrapper\">\n\t\t\t\t\t\t<img loading=\"lazy\" decoding=\"async\" width=\"2560\" height=\"1920\" src=\"https:\/\/www.keller-forstmaschinen.ch\/wp-content\/uploads\/2024\/04\/IMG_2927-scaled.jpg\" class=\"sow-slider-foreground-image\" alt=\"\" style=\"\" srcset=\"https:\/\/www.keller-forstmaschinen.ch\/wp-content\/uploads\/2024\/04\/IMG_2927-scaled.jpg 2560w, https:\/\/www.keller-forstmaschinen.ch\/wp-content\/uploads\/2024\/04\/IMG_2927-300x225.jpg 300w, https:\/\/www.keller-forstmaschinen.ch\/wp-content\/uploads\/2024\/04\/IMG_2927-1024x768.jpg 1024w, https:\/\/www.keller-forstmaschinen.ch\/wp-content\/uploads\/2024\/04\/IMG_2927-768x576.jpg 768w, https:\/\/www.keller-forstmaschinen.ch\/wp-content\/uploads\/2024\/04\/IMG_2927-1536x1152.jpg 1536w, https:\/\/www.keller-forstmaschinen.ch\/wp-content\/uploads\/2024\/04\/IMG_2927-2048x1536.jpg 2048w, https:\/\/www.keller-forstmaschinen.ch\/wp-content\/uploads\/2024\/04\/IMG_2927-1920x1440.jpg 1920w, https:\/\/www.keller-forstmaschinen.ch\/wp-content\/uploads\/2024\/04\/IMG_2927-1440x1080.jpg 1440w, https:\/\/www.keller-forstmaschinen.ch\/wp-content\/uploads\/2024\/04\/IMG_2927-600x450.jpg 600w\" sizes=\"auto, (max-width: 2560px) 100vw, 2560px\" \/>\t\t\t\t\t<\/div>\n\t\t\t\t\t\t\t\t\t\t\t<\/a>\n\t\t\t\t\t\t\t\t\t<\/div>\n\t\t\t<\/div>\n\t\t\t\t\t<\/li>\n\t\t<\/ul>\t\t\t\t<ol class=\"sow-slider-pagination\">\n\t\t\t\t\t\t\t\t\t\t\t<li><a href=\"#\" data-goto=\"0\" aria-label=\"Display slide 1\"><\/a><\/li>\n\t\t\t\t\t\t\t\t\t<\/ol>\n\n\t\t\t\t<div class=\"sow-slide-nav sow-slide-nav-next\">\n\t\t\t\t\t<a href=\"#\" data-goto=\"next\" aria-label=\"Next slide\" data-action=\"next\">\n\t\t\t\t\t\t<em class=\"sow-sld-icon-thin-right\"><\/em>\n\t\t\t\t\t<\/a>\n\t\t\t\t<\/div>\n\n\t\t\t\t<div class=\"sow-slide-nav sow-slide-nav-prev\">\n\t\t\t\t\t<a href=\"#\" data-goto=\"previous\" aria-label=\"Previous slide\" data-action=\"prev\">\n\t\t\t\t\t\t<em class=\"sow-sld-icon-thin-left\"><\/em>\n\t\t\t\t\t<\/a>\n\t\t\t\t<\/div>\n\t\t\t\t<\/div><\/div><\/div><\/div><\/div><\/div><div id=\"pg-8308-1\"  class=\"panel-grid panel-has-style\" ><div class=\"pn_normal_row panel-row-style panel-row-style-for-8308-1\" ><div id=\"pgc-8308-1-0\"  class=\"panel-grid-cell\" ><div id=\"panel-8308-1-0-0\" class=\"so-panel widget widget_pn-text-widget panel-first-child panel-last-child\" data-index=\"1\" ><div\n\t\t\t\n\t\t\tclass=\"so-widget-pn-text-widget so-widget-pn-text-widget-base\"\n\t\t\t\n\t\t><div class=\"pn-text\">\r\n\t\t\t<div class=\"title\"><h2>Mus-Max convainc<\/h2><\/div>\r\n\t\t\t<div class=\"subtitle\">gr\u00e2ce \u00e0 leurs copeaux de bois de qualit\u00e9 !<\/div>\r\n\t\t\t<div class=\"text\"><p>MUS-MAX fait preuve de comp\u00e9tence dans la construction de d\u00e9chiqueteuses ! Nous sommes importateur de ces machines en Suisse.<\/p>\n<p>Gr\u00e2ce \u00e0 la construction stable, sophistiqu\u00e9e et surtout pratique des d\u00e9chiqueteuses mobiles \u00e0 tambour WOOD-TERMINATOR, Mus-Max compte parmi les principaux fabricants de d\u00e9chiqueteuses mobiles en Europe. La gamme de bineuses Mus-Max est le fruit d'une longue exp\u00e9rience. La technique de d\u00e9chiquetage \u00e0 tambour permet de produire des copeaux de qualit\u00e9.<\/p>\n<\/div>\r\n\t\t<\/div>\r\n\t<\/div>\r\n\t<\/div><\/div><\/div><\/div><\/div><div id=\"pg-8308-2\"  class=\"panel-grid panel-has-style\" ><div class=\"pn_normal_row panel-row-style panel-row-style-for-8308-2\" ><div id=\"pgc-8308-2-0\"  class=\"panel-grid-cell\" ><div id=\"panel-8308-2-0-0\" class=\"so-panel widget widget_pn-product-widget panel-first-child panel-last-child\" data-index=\"2\" ><div\n\t\t\t\n\t\t\tclass=\"so-widget-pn-product-widget so-widget-pn-product-widget-base\"\n\t\t\t\n\t\t><div class=\"pn-box-wrapper pn-row\">\r\n\t \t<h3><\/h3>\r\n\t\t<div class=\"container\">\r\n\t\t\t<div class=\"row\">\r\n\t\t\t\t<div class=\"pn-product col-12 col-12 col-sm-6\"><a href=\"https:\/\/www.keller-forstmaschinen.ch\/fr\/wood-terminator\/\"  class=\"pn-product-link\"><img decoding=\"async\" src=\"https:\/\/www.keller-forstmaschinen.ch\/wp-content\/uploads\/2024\/04\/IMG_9310-900x600.jpg\" alt=\"Tracteur hacheur\" \/>\r\n\t\t\t\t\t<div class=\"pn-product-text\">\r\n\t\t\t\t\t\t<div class=\"pn-product-name\">Tracteur hacheur<\/div>\r\n\t\t\t\t\t\t<div class=\"pn-product-shortdescription\"><\/div>\r\n\t\t\t\t\t<\/div><\/a>\r\n\t\t\t\t<\/div>\r\n\t\t\t\t<div class=\"pn-product col-12 col-12 col-sm-6\"><a href=\"https:\/\/www.keller-forstmaschinen.ch\/fr\/hack-truck\/\"  class=\"pn-product-link\"><img decoding=\"async\" src=\"https:\/\/www.keller-forstmaschinen.ch\/wp-content\/uploads\/2024\/04\/IMG_2927-900x600.jpg\" alt=\"Piratage de camions\" \/>\r\n\t\t\t\t\t<div class=\"pn-product-text\">\r\n\t\t\t\t\t\t<div class=\"pn-product-name\">Piratage de camions<\/div>\r\n\t\t\t\t\t\t<div class=\"pn-product-shortdescription\"><\/div>\r\n\t\t\t\t\t<\/div><\/a>\r\n\t\t\t\t<\/div>\r\n\t\t\t\t<\/div>\r\n\t\t\t<\/div>\r\n\t\t<\/div><\/div><\/div><\/div><\/div><\/div><div id=\"pg-8308-3\"  class=\"panel-grid panel-has-style\" ><div class=\"pn_stretch_row panel-row-style panel-row-style-for-8308-3\" ><div id=\"pgc-8308-3-0\"  class=\"panel-grid-cell\" ><div id=\"panel-8308-3-0-0\" class=\"so-panel widget widget_pn-telefon-widget panel-first-child panel-last-child\" data-index=\"3\" ><div\n\t\t\t\n\t\t\tclass=\"so-widget-pn-telefon-widget so-widget-pn-telefon-widget-base\"\n\t\t\t\n\t\t><div class=\"pn-telefon pn-row text-center\">\r\n\t\t<div class=\"description\">Votre partenaire pour Mus-Max. <br \/>\nNous sommes \u00e0 votre service.<\/div>\r\n\t\t<div class=\"telefon\">+41 (0)32 636 04 44<\/div>\r\n\t<\/div>\r\n\t<\/div><\/div><\/div><\/div><\/div><div id=\"pg-8308-4\"  class=\"panel-grid panel-has-style\" ><div class=\"pn_stretch_row panel-row-style panel-row-style-for-8308-4\" ><div id=\"pgc-8308-4-0\"  class=\"panel-grid-cell\" ><div id=\"panel-8308-4-0-0\" class=\"so-panel widget widget_pn-roke-bar-widget panel-first-child panel-last-child\" data-index=\"4\" ><div\n\t\t\t\n\t\t\tclass=\"so-widget-pn-roke-bar-widget so-widget-pn-roke-bar-widget-base\"\n\t\t\t\n\t\t><div class=\"pn-roke-bar pn-row\">\r\n\t\t<a href=\"https:\/\/www.connecttech-swiss.ch\/fr\"><div class=\"container\">\r\n\t\t\t<div class=\"row justify-content-between  align-items-center\">\r\n\t\t\t\t<div class=\"col-6 roke-logo-div\"><img decoding=\"async\" src=\"https:\/\/www.keller-forstmaschinen.ch\/wp-content\/themes\/forstmaschinen\/img\/roke.svg\" alt=\"ROKE\" class=\"roke-logo\" \/><\/div>\r\n\t\t\t\t<div class=\"col-6 pn-row text-center\"><img decoding=\"async\" src=\"https:\/\/www.keller-forstmaschinen.ch\/wp-content\/uploads\/2019\/02\/roke_grafik.svg\" alt=\"Roke Beschreibung\" class=\"img-description\" \/><\/div>\r\n\t\t\t<\/div>\r\n\t\t<\/div><\/a>\r\n\t<\/div>\r\n\t<\/div><\/div><\/div><\/div><\/div><\/div>","protected":false},"excerpt":{"rendered":"<p>Mus-Max convainc gr\u00e2ce \u00e0 leurs copeaux de bois de qualit\u00e9 ! MUS-MAX fait preuve de comp\u00e9tence dans la construction de d\u00e9chiqueteuses ! Nous sommes importateur de ces machines en Suisse. Gr\u00e2ce \u00e0 la construction stable, sophistiqu\u00e9e et surtout pratique des d\u00e9chiqueteuses mobiles \u00e0 tambour WOOD-TERMINATOR, Mus-Max compte parmi les principaux fabricants de d\u00e9chiqueteuses mobiles en [&hellip;]<\/p>\n","protected":false},"author":3,"featured_media":0,"parent":1227,"menu_order":30,"comment_status":"closed","ping_status":"closed","template":"","meta":{"footnotes":""},"class_list":["post-8308","page","type-page","status-publish","hentry"],"yoast_head":"<!-- This site is optimized with the Yoast SEO plugin v26.9 - https:\/\/yoast.com\/product\/yoast-seo-wordpress\/ -->\n<title>Mus-Max - Keller Forstmaschinen<\/title>\n<meta name=\"robots\" content=\"index, follow, max-snippet:-1, max-image-preview:large, max-video-preview:-1\" \/>\n<link rel=\"canonical\" href=\"https:\/\/www.keller-forstmaschinen.ch\/fr\/produits\/mus-max\/\" \/>\n<meta property=\"og:locale\" content=\"fr_FR\" \/>\n<meta property=\"og:type\" content=\"article\" \/>\n<meta property=\"og:title\" content=\"Mus-Max - Keller Forstmaschinen\" \/>\n<meta property=\"og:description\" content=\"Mus-Max convainc gr\u00e2ce \u00e0 leurs copeaux de bois de qualit\u00e9 ! MUS-MAX fait preuve de comp\u00e9tence dans la construction de d\u00e9chiqueteuses ! Nous sommes importateur de ces machines en Suisse. Gr\u00e2ce \u00e0 la construction stable, sophistiqu\u00e9e et surtout pratique des d\u00e9chiqueteuses mobiles \u00e0 tambour WOOD-TERMINATOR, Mus-Max compte parmi les principaux fabricants de d\u00e9chiqueteuses mobiles en [&hellip;]\" \/>\n<meta property=\"og:url\" content=\"https:\/\/www.keller-forstmaschinen.ch\/fr\/produits\/mus-max\/\" \/>\n<meta property=\"og:site_name\" content=\"Keller Forstmaschinen\" \/>\n<meta property=\"article:publisher\" content=\"https:\/\/www.facebook.com\/KellerForstmaschinen\" \/>\n<meta property=\"article:modified_time\" content=\"2025-03-27T16:05:06+00:00\" \/>\n<meta name=\"twitter:card\" content=\"summary_large_image\" \/>\n<meta name=\"twitter:label1\" content=\"Dur\u00e9e de lecture estim\u00e9e\" \/>\n\t<meta name=\"twitter:data1\" content=\"1 minute\" \/>\n<script type=\"application\/ld+json\" class=\"yoast-schema-graph\">{\"@context\":\"https:\/\/schema.org\",\"@graph\":[{\"@type\":\"WebPage\",\"@id\":\"https:\/\/www.keller-forstmaschinen.ch\/fr\/produits\/mus-max\/\",\"url\":\"https:\/\/www.keller-forstmaschinen.ch\/fr\/produits\/mus-max\/\",\"name\":\"Mus-Max - Keller Forstmaschinen\",\"isPartOf\":{\"@id\":\"https:\/\/www.keller-forstmaschinen.ch\/#website\"},\"datePublished\":\"2024-05-01T11:30:22+00:00\",\"dateModified\":\"2025-03-27T16:05:06+00:00\",\"breadcrumb\":{\"@id\":\"https:\/\/www.keller-forstmaschinen.ch\/fr\/produits\/mus-max\/#breadcrumb\"},\"inLanguage\":\"fr-FR\",\"potentialAction\":[{\"@type\":\"ReadAction\",\"target\":[\"https:\/\/www.keller-forstmaschinen.ch\/fr\/produits\/mus-max\/\"]}]},{\"@type\":\"BreadcrumbList\",\"@id\":\"https:\/\/www.keller-forstmaschinen.ch\/fr\/produits\/mus-max\/#breadcrumb\",\"itemListElement\":[{\"@type\":\"ListItem\",\"position\":1,\"name\":\"Home\",\"item\":\"https:\/\/www.keller-forstmaschinen.ch\/fr\/\"},{\"@type\":\"ListItem\",\"position\":2,\"name\":\"Produkte\",\"item\":\"https:\/\/www.keller-forstmaschinen.ch\/fr\/?page_id=1227\"},{\"@type\":\"ListItem\",\"position\":3,\"name\":\"Mus-Max\"}]},{\"@type\":\"WebSite\",\"@id\":\"https:\/\/www.keller-forstmaschinen.ch\/#website\",\"url\":\"https:\/\/www.keller-forstmaschinen.ch\/\",\"name\":\"Keller Forstmaschinen\",\"description\":\"Ihr Partner f\u00fcr Forstmaschinen\",\"publisher\":{\"@id\":\"https:\/\/www.keller-forstmaschinen.ch\/#organization\"},\"potentialAction\":[{\"@type\":\"SearchAction\",\"target\":{\"@type\":\"EntryPoint\",\"urlTemplate\":\"https:\/\/www.keller-forstmaschinen.ch\/?s={search_term_string}\"},\"query-input\":{\"@type\":\"PropertyValueSpecification\",\"valueRequired\":true,\"valueName\":\"search_term_string\"}}],\"inLanguage\":\"fr-FR\"},{\"@type\":\"Organization\",\"@id\":\"https:\/\/www.keller-forstmaschinen.ch\/#organization\",\"name\":\"KELLER FORSTMASCHINEN AG\",\"url\":\"https:\/\/www.keller-forstmaschinen.ch\/\",\"logo\":{\"@type\":\"ImageObject\",\"inLanguage\":\"fr-FR\",\"@id\":\"https:\/\/www.keller-forstmaschinen.ch\/#\/schema\/logo\/image\/\",\"url\":\"https:\/\/www.keller-forstmaschinen.ch\/wp-content\/uploads\/2021\/07\/Keller-Logo-2021.jpg\",\"contentUrl\":\"https:\/\/www.keller-forstmaschinen.ch\/wp-content\/uploads\/2021\/07\/Keller-Logo-2021.jpg\",\"width\":1082,\"height\":301,\"caption\":\"KELLER FORSTMASCHINEN AG\"},\"image\":{\"@id\":\"https:\/\/www.keller-forstmaschinen.ch\/#\/schema\/logo\/image\/\"},\"sameAs\":[\"https:\/\/www.facebook.com\/KellerForstmaschinen\",\"https:\/\/www.instagram.com\/keller_forstmaschinen\/\"]}]}<\/script>\n<!-- \/ Yoast SEO plugin. -->","yoast_head_json":{"title":"Mus-Max - Keller Forstmaschinen","robots":{"index":"index","follow":"follow","max-snippet":"max-snippet:-1","max-image-preview":"max-image-preview:large","max-video-preview":"max-video-preview:-1"},"canonical":"https:\/\/www.keller-forstmaschinen.ch\/fr\/produits\/mus-max\/","og_locale":"fr_FR","og_type":"article","og_title":"Mus-Max - Keller Forstmaschinen","og_description":"Mus-Max convainc gr\u00e2ce \u00e0 leurs copeaux de bois de qualit\u00e9 ! MUS-MAX fait preuve de comp\u00e9tence dans la construction de d\u00e9chiqueteuses ! Nous sommes importateur de ces machines en Suisse. Gr\u00e2ce \u00e0 la construction stable, sophistiqu\u00e9e et surtout pratique des d\u00e9chiqueteuses mobiles \u00e0 tambour WOOD-TERMINATOR, Mus-Max compte parmi les principaux fabricants de d\u00e9chiqueteuses mobiles en [&hellip;]","og_url":"https:\/\/www.keller-forstmaschinen.ch\/fr\/produits\/mus-max\/","og_site_name":"Keller Forstmaschinen","article_publisher":"https:\/\/www.facebook.com\/KellerForstmaschinen","article_modified_time":"2025-03-27T16:05:06+00:00","twitter_card":"summary_large_image","twitter_misc":{"Dur\u00e9e de lecture estim\u00e9e":"1 minute"},"schema":{"@context":"https:\/\/schema.org","@graph":[{"@type":"WebPage","@id":"https:\/\/www.keller-forstmaschinen.ch\/fr\/produits\/mus-max\/","url":"https:\/\/www.keller-forstmaschinen.ch\/fr\/produits\/mus-max\/","name":"Mus-Max - Keller Forstmaschinen","isPartOf":{"@id":"https:\/\/www.keller-forstmaschinen.ch\/#website"},"datePublished":"2024-05-01T11:30:22+00:00","dateModified":"2025-03-27T16:05:06+00:00","breadcrumb":{"@id":"https:\/\/www.keller-forstmaschinen.ch\/fr\/produits\/mus-max\/#breadcrumb"},"inLanguage":"fr-FR","potentialAction":[{"@type":"ReadAction","target":["https:\/\/www.keller-forstmaschinen.ch\/fr\/produits\/mus-max\/"]}]},{"@type":"BreadcrumbList","@id":"https:\/\/www.keller-forstmaschinen.ch\/fr\/produits\/mus-max\/#breadcrumb","itemListElement":[{"@type":"ListItem","position":1,"name":"Home","item":"https:\/\/www.keller-forstmaschinen.ch\/fr\/"},{"@type":"ListItem","position":2,"name":"Produkte","item":"https:\/\/www.keller-forstmaschinen.ch\/fr\/?page_id=1227"},{"@type":"ListItem","position":3,"name":"Mus-Max"}]},{"@type":"WebSite","@id":"https:\/\/www.keller-forstmaschinen.ch\/#website","url":"https:\/\/www.keller-forstmaschinen.ch\/","name":"Keller Forstmaschinen","description":"Ihr Partner f\u00fcr Forstmaschinen","publisher":{"@id":"https:\/\/www.keller-forstmaschinen.ch\/#organization"},"potentialAction":[{"@type":"SearchAction","target":{"@type":"EntryPoint","urlTemplate":"https:\/\/www.keller-forstmaschinen.ch\/?s={search_term_string}"},"query-input":{"@type":"PropertyValueSpecification","valueRequired":true,"valueName":"search_term_string"}}],"inLanguage":"fr-FR"},{"@type":"Organization","@id":"https:\/\/www.keller-forstmaschinen.ch\/#organization","name":"KELLER FORSTMASCHINEN AG","url":"https:\/\/www.keller-forstmaschinen.ch\/","logo":{"@type":"ImageObject","inLanguage":"fr-FR","@id":"https:\/\/www.keller-forstmaschinen.ch\/#\/schema\/logo\/image\/","url":"https:\/\/www.keller-forstmaschinen.ch\/wp-content\/uploads\/2021\/07\/Keller-Logo-2021.jpg","contentUrl":"https:\/\/www.keller-forstmaschinen.ch\/wp-content\/uploads\/2021\/07\/Keller-Logo-2021.jpg","width":1082,"height":301,"caption":"KELLER FORSTMASCHINEN AG"},"image":{"@id":"https:\/\/www.keller-forstmaschinen.ch\/#\/schema\/logo\/image\/"},"sameAs":["https:\/\/www.facebook.com\/KellerForstmaschinen","https:\/\/www.instagram.com\/keller_forstmaschinen\/"]}]}},"_links":{"self":[{"href":"https:\/\/www.keller-forstmaschinen.ch\/fr\/wp-json\/wp\/v2\/pages\/8308","targetHints":{"allow":["GET"]}}],"collection":[{"href":"https:\/\/www.keller-forstmaschinen.ch\/fr\/wp-json\/wp\/v2\/pages"}],"about":[{"href":"https:\/\/www.keller-forstmaschinen.ch\/fr\/wp-json\/wp\/v2\/types\/page"}],"author":[{"embeddable":true,"href":"https:\/\/www.keller-forstmaschinen.ch\/fr\/wp-json\/wp\/v2\/users\/3"}],"replies":[{"embeddable":true,"href":"https:\/\/www.keller-forstmaschinen.ch\/fr\/wp-json\/wp\/v2\/comments?post=8308"}],"version-history":[{"count":4,"href":"https:\/\/www.keller-forstmaschinen.ch\/fr\/wp-json\/wp\/v2\/pages\/8308\/revisions"}],"predecessor-version":[{"id":8560,"href":"https:\/\/www.keller-forstmaschinen.ch\/fr\/wp-json\/wp\/v2\/pages\/8308\/revisions\/8560"}],"up":[{"embeddable":true,"href":"https:\/\/www.keller-forstmaschinen.ch\/fr\/wp-json\/wp\/v2\/pages\/1227"}],"wp:attachment":[{"href":"https:\/\/www.keller-forstmaschinen.ch\/fr\/wp-json\/wp\/v2\/media?parent=8308"}],"curies":[{"name":"wp","href":"https:\/\/api.w.org\/{rel}","templated":true}]}}