{"id":9607,"date":"2024-11-19T13:19:09","date_gmt":"2024-11-19T12:19:09","guid":{"rendered":"https:\/\/www.keller-forstmaschinen.ch\/?page_id=9607"},"modified":"2024-11-19T13:20:03","modified_gmt":"2024-11-19T12:20:03","slug":"farmikko","status":"publish","type":"page","link":"https:\/\/www.keller-forstmaschinen.ch\/fr\/produits\/farmikko\/","title":{"rendered":"Farmikko"},"content":{"rendered":"<div id=\"pl-9607\"  class=\"panel-layout\" ><div id=\"pg-9607-0\"  class=\"panel-grid panel-has-style\" ><div class=\"pn_stretch_row panel-row-style panel-row-style-for-9607-0\" ><div id=\"pgc-9607-0-0\"  class=\"panel-grid-cell\" ><div id=\"panel-9607-0-0-0\" class=\"so-panel widget widget_sow-slider panel-first-child panel-last-child\" data-index=\"0\" ><div\n\t\t\t\n\t\t\tclass=\"so-widget-sow-slider so-widget-sow-slider-default-6d39609536fd-9607\"\n\t\t\t\n\t\t>\t\t\t\t<div class=\"sow-slider-base\" style=\"display: none\" tabindex=\"0\">\n\t\t\t\t\t<ul\n\t\t\t\t\tclass=\"sow-slider-images\"\n\t\t\t\t\tdata-settings=\"{&quot;pagination&quot;:true,&quot;speed&quot;:800,&quot;timeout&quot;:8000,&quot;paused&quot;:false,&quot;pause_on_hover&quot;:false,&quot;swipe&quot;:true,&quot;nav_always_show_desktop&quot;:&quot;&quot;,&quot;nav_always_show_mobile&quot;:&quot;&quot;,&quot;breakpoint&quot;:&quot;780px&quot;,&quot;unmute&quot;:false,&quot;anchor&quot;:null}\"\n\t\t\t\t\t\t\t\t\t\tdata-anchor-id=\"\"\n\t\t\t\t>\t\t<li class=\"sow-slider-image\" style=\"visibility: visible;\" >\n\t\t\t\t\t\t<img loading=\"lazy\" decoding=\"async\" width=\"2560\" height=\"1441\" src=\"https:\/\/www.keller-forstmaschinen.ch\/wp-content\/uploads\/2024\/10\/TOB3021-scaled.jpg\" class=\"sow-slider-background-image\" alt=\"\" style=\"\" srcset=\"https:\/\/www.keller-forstmaschinen.ch\/wp-content\/uploads\/2024\/10\/TOB3021-scaled.jpg 2560w, https:\/\/www.keller-forstmaschinen.ch\/wp-content\/uploads\/2024\/10\/TOB3021-300x169.jpg 300w, https:\/\/www.keller-forstmaschinen.ch\/wp-content\/uploads\/2024\/10\/TOB3021-1024x577.jpg 1024w, https:\/\/www.keller-forstmaschinen.ch\/wp-content\/uploads\/2024\/10\/TOB3021-768x432.jpg 768w, https:\/\/www.keller-forstmaschinen.ch\/wp-content\/uploads\/2024\/10\/TOB3021-1536x865.jpg 1536w, https:\/\/www.keller-forstmaschinen.ch\/wp-content\/uploads\/2024\/10\/TOB3021-2048x1153.jpg 2048w, https:\/\/www.keller-forstmaschinen.ch\/wp-content\/uploads\/2024\/10\/TOB3021-1920x1081.jpg 1920w, https:\/\/www.keller-forstmaschinen.ch\/wp-content\/uploads\/2024\/10\/TOB3021-1918x1080.jpg 1918w, https:\/\/www.keller-forstmaschinen.ch\/wp-content\/uploads\/2024\/10\/TOB3021-600x338.jpg 600w\" sizes=\"auto, (max-width: 2560px) 100vw, 2560px\" \/>\t\t<\/li>\n\t\t<\/ul>\t\t\t\t<ol class=\"sow-slider-pagination\">\n\t\t\t\t\t\t\t\t\t\t\t<li><a href=\"#\" data-goto=\"0\" aria-label=\"Display slide 1\"><\/a><\/li>\n\t\t\t\t\t\t\t\t\t<\/ol>\n\n\t\t\t\t<div class=\"sow-slide-nav sow-slide-nav-next\">\n\t\t\t\t\t<a href=\"#\" data-goto=\"next\" aria-label=\"Next slide\" data-action=\"next\">\n\t\t\t\t\t\t<em class=\"sow-sld-icon-thin-right\"><\/em>\n\t\t\t\t\t<\/a>\n\t\t\t\t<\/div>\n\n\t\t\t\t<div class=\"sow-slide-nav sow-slide-nav-prev\">\n\t\t\t\t\t<a href=\"#\" data-goto=\"previous\" aria-label=\"Previous slide\" data-action=\"prev\">\n\t\t\t\t\t\t<em class=\"sow-sld-icon-thin-left\"><\/em>\n\t\t\t\t\t<\/a>\n\t\t\t\t<\/div>\n\t\t\t\t<\/div><\/div><\/div><\/div><\/div><\/div><div id=\"pg-9607-1\"  class=\"panel-grid panel-has-style\" ><div class=\"pn_normal_row panel-row-style panel-row-style-for-9607-1\" ><div id=\"pgc-9607-1-0\"  class=\"panel-grid-cell\" ><div id=\"panel-9607-1-0-0\" class=\"so-panel widget widget_pn-text-widget panel-first-child panel-last-child\" data-index=\"1\" ><div\n\t\t\t\n\t\t\tclass=\"so-widget-pn-text-widget so-widget-pn-text-widget-base\"\n\t\t\t\n\t\t><div class=\"pn-text\">\r\n\t\t\t<div class=\"title\"><h2>Haute qualit\u00e9 et multifonctionnel<\/h2><\/div>\r\n\t\t\t<div class=\"subtitle\">Farmikko - votre s\u00e9cateur professionnel<\/div>\r\n\t\t\t<div class=\"text\"><p>Haute qualit\u00e9 de s\u00e9cateurs pour l'usage professionnel.<\/p>\n<p>Farmikko a plus de 15 ans d'exp\u00e9rience dans la production et la vente de s\u00e9cateurs. Jusqu'\u00e0 pr\u00e9sent, ceux-ci ont \u00e9t\u00e9 vendus le plus souvent et principalement dans les pays nordiques. D\u00e9sormais, ils sont \u00e9galement utilis\u00e9s pour la premi\u00e8re fois en Suisse et dans d'autres pays d'Europe centrale.<\/p>\n<p>Ces produits peuvent garantir une excellente facilit\u00e9 d'utilisation et une grande durabilit\u00e9.<\/p>\n<p>Nous sommes volontiers \u00e0 votre disposition. En vous conseillant dans la vente, les r\u00e9parations et le service apr\u00e8s-vente.<\/p>\n<p>Plus d'infos directement sur le site de <a href=\"https:\/\/eng.farmikko.fi\/\">Farmikko<\/a><\/p>\n<\/div>\r\n\t\t<\/div>\r\n\t<\/div>\r\n\t<\/div><\/div><\/div><\/div><\/div><div id=\"pg-9607-2\"  class=\"panel-grid panel-has-style\" ><div class=\"pn_stretch_row panel-row-style panel-row-style-for-9607-2\" ><div id=\"pgc-9607-2-0\"  class=\"panel-grid-cell\" ><div id=\"panel-9607-2-0-0\" class=\"so-panel widget widget_pn-product-widget panel-first-child\" data-index=\"2\" ><div\n\t\t\t\n\t\t\tclass=\"so-widget-pn-product-widget so-widget-pn-product-widget-base\"\n\t\t\t\n\t\t><div class=\"pn-box-wrapper pn-row\">\r\n\t \t<h3><\/h3>\r\n\t\t<div class=\"container\">\r\n\t\t\t<div class=\"row\">\r\n\t\t\t\t<div class=\"pn-product col-12 col-12 col-sm-6\"><a href=\"https:\/\/www.keller-forstmaschinen.ch\/fr\/farmikko\/\"  class=\"pn-product-link\"><img decoding=\"async\" src=\"https:\/\/www.keller-forstmaschinen.ch\/wp-content\/uploads\/2024\/10\/TOB2610-900x600.jpg\" alt=\"Farmikko 300 TCE\" \/>\r\n\t\t\t\t\t<div class=\"pn-product-text\">\r\n\t\t\t\t\t\t<div class=\"pn-product-name\">Farmikko 300 TCE<\/div>\r\n\t\t\t\t\t\t<div class=\"pn-product-shortdescription\"><\/div>\r\n\t\t\t\t\t<\/div><\/a>\r\n\t\t\t\t<\/div>\r\n\t\t\t\t<div class=\"pn-product col-12 col-12 col-sm-6\"><a href=\"https:\/\/www.keller-forstmaschinen.ch\/fr\/farmikko-220-tce\/\"  class=\"pn-product-link\"><img decoding=\"async\" src=\"https:\/\/www.keller-forstmaschinen.ch\/wp-content\/uploads\/2024\/10\/F220_Malwa-900x600.jpeg\" alt=\"Farmikko 220 TCE\" \/>\r\n\t\t\t\t\t<div class=\"pn-product-text\">\r\n\t\t\t\t\t\t<div class=\"pn-product-name\">Farmikko 220 TCE<\/div>\r\n\t\t\t\t\t\t<div class=\"pn-product-shortdescription\"><\/div>\r\n\t\t\t\t\t<\/div><\/a>\r\n\t\t\t\t<\/div>\r\n\t\t\t\t<div class=\"pn-product col-12 col-12 col-sm-6\"><a href=\"https:\/\/www.keller-forstmaschinen.ch\/fr\/farmikko-200-tce\/\"  class=\"pn-product-link\"><img decoding=\"async\" src=\"https:\/\/www.keller-forstmaschinen.ch\/wp-content\/uploads\/2024\/10\/TOB3632-900x600.jpg\" alt=\"Farmikko 200 TCE\" \/>\r\n\t\t\t\t\t<div class=\"pn-product-text\">\r\n\t\t\t\t\t\t<div class=\"pn-product-name\">Farmikko 200 TCE<\/div>\r\n\t\t\t\t\t\t<div class=\"pn-product-shortdescription\"><\/div>\r\n\t\t\t\t\t<\/div><\/a>\r\n\t\t\t\t<\/div>\r\n\t\t\t\t<div class=\"pn-product col-12 col-12 col-sm-6\"><a href=\"https:\/\/www.keller-forstmaschinen.ch\/fr\/farmikko-x20\/\"  class=\"pn-product-link\"><img decoding=\"async\" src=\"https:\/\/www.keller-forstmaschinen.ch\/wp-content\/uploads\/2024\/10\/Farmikko-20X-815x600.jpg\" alt=\"Farmikko X20\" \/>\r\n\t\t\t\t\t<div class=\"pn-product-text\">\r\n\t\t\t\t\t\t<div class=\"pn-product-name\">Farmikko X20<\/div>\r\n\t\t\t\t\t\t<div class=\"pn-product-shortdescription\"><\/div>\r\n\t\t\t\t\t<\/div><\/a>\r\n\t\t\t\t<\/div>\r\n\t\t\t\t<\/div>\r\n\t\t\t<\/div>\r\n\t\t<\/div><\/div><\/div><div id=\"panel-9607-2-0-1\" class=\"so-panel widget widget_pn-telefon-widget panel-last-child\" data-index=\"3\" ><div\n\t\t\t\n\t\t\tclass=\"so-widget-pn-telefon-widget so-widget-pn-telefon-widget-base\"\n\t\t\t\n\t\t><div class=\"pn-telefon pn-row text-center\">\r\n\t\t<div class=\"description\">Votre partenaire pour Farmikko.<br \/>\nNous sommes l\u00e0 pour vous.<\/div>\r\n\t\t<div class=\"telefon\">+41 (0)32 636 04 44<\/div>\r\n\t<\/div>\r\n\t<\/div><\/div><\/div><\/div><\/div><div id=\"pg-9607-3\"  class=\"panel-grid panel-has-style\" ><div class=\"pn_stretch_row panel-row-style panel-row-style-for-9607-3\" ><div id=\"pgc-9607-3-0\"  class=\"panel-grid-cell\" ><div id=\"panel-9607-3-0-0\" class=\"so-panel widget widget_pn-roke-bar-widget panel-first-child panel-last-child\" data-index=\"4\" ><div\n\t\t\t\n\t\t\tclass=\"so-widget-pn-roke-bar-widget so-widget-pn-roke-bar-widget-base\"\n\t\t\t\n\t\t><div class=\"pn-roke-bar pn-row\">\r\n\t\t<a href=\"https:\/\/www.connecttech-swiss.ch\/fr\"><div class=\"container\">\r\n\t\t\t<div class=\"row justify-content-between  align-items-center\">\r\n\t\t\t\t<div class=\"col-6 roke-logo-div\"><img decoding=\"async\" src=\"https:\/\/www.keller-forstmaschinen.ch\/wp-content\/themes\/forstmaschinen\/img\/roke.svg\" alt=\"ROKE\" class=\"roke-logo\" \/><\/div>\r\n\t\t\t\t<div class=\"col-6 pn-row text-center\"><img decoding=\"async\" src=\"https:\/\/www.keller-forstmaschinen.ch\/wp-content\/uploads\/2019\/02\/roke_grafik.svg\" alt=\"Roke Beschreibung\" class=\"img-description\" \/><\/div>\r\n\t\t\t<\/div>\r\n\t\t<\/div><\/a>\r\n\t<\/div>\r\n\t<\/div><\/div><\/div><\/div><\/div><\/div>","protected":false},"excerpt":{"rendered":"<p>Haute qualit\u00e9 et multifonctionnel Farmikko &#8211; votre s\u00e9cateur professionnel Haute qualit\u00e9 de s\u00e9cateurs pour l&rsquo;usage professionnel. Farmikko a plus de 15 ans d&rsquo;exp\u00e9rience dans la production et la vente de s\u00e9cateurs. Jusqu&rsquo;\u00e0 pr\u00e9sent, ceux-ci ont \u00e9t\u00e9 vendus le plus souvent et principalement dans les pays nordiques. D\u00e9sormais, ils sont \u00e9galement utilis\u00e9s pour la premi\u00e8re fois [&hellip;]<\/p>\n","protected":false},"author":3,"featured_media":0,"parent":1227,"menu_order":40,"comment_status":"closed","ping_status":"closed","template":"","meta":{"footnotes":""},"class_list":["post-9607","page","type-page","status-publish","hentry"],"yoast_head":"<!-- This site is optimized with the Yoast SEO plugin v26.9 - https:\/\/yoast.com\/product\/yoast-seo-wordpress\/ -->\n<title>Farmikko - Keller Forstmaschinen<\/title>\n<meta name=\"robots\" content=\"index, follow, max-snippet:-1, max-image-preview:large, max-video-preview:-1\" \/>\n<link rel=\"canonical\" href=\"https:\/\/www.keller-forstmaschinen.ch\/fr\/produits\/farmikko\/\" \/>\n<meta property=\"og:locale\" content=\"fr_FR\" \/>\n<meta property=\"og:type\" content=\"article\" \/>\n<meta property=\"og:title\" content=\"Farmikko - Keller Forstmaschinen\" \/>\n<meta property=\"og:description\" content=\"Haute qualit\u00e9 et multifonctionnel Farmikko - votre s\u00e9cateur professionnel Haute qualit\u00e9 de s\u00e9cateurs pour l&#039;usage professionnel. Farmikko a plus de 15 ans d&#039;exp\u00e9rience dans la production et la vente de s\u00e9cateurs. Jusqu&#039;\u00e0 pr\u00e9sent, ceux-ci ont \u00e9t\u00e9 vendus le plus souvent et principalement dans les pays nordiques. D\u00e9sormais, ils sont \u00e9galement utilis\u00e9s pour la premi\u00e8re fois [&hellip;]\" \/>\n<meta property=\"og:url\" content=\"https:\/\/www.keller-forstmaschinen.ch\/fr\/produits\/farmikko\/\" \/>\n<meta property=\"og:site_name\" content=\"Keller Forstmaschinen\" \/>\n<meta property=\"article:publisher\" content=\"https:\/\/www.facebook.com\/KellerForstmaschinen\" \/>\n<meta property=\"article:modified_time\" content=\"2024-11-19T12:20:03+00:00\" \/>\n<meta name=\"twitter:card\" content=\"summary_large_image\" \/>\n<meta name=\"twitter:label1\" content=\"Dur\u00e9e de lecture estim\u00e9e\" \/>\n\t<meta name=\"twitter:data1\" content=\"1 minute\" \/>\n<script type=\"application\/ld+json\" class=\"yoast-schema-graph\">{\"@context\":\"https:\/\/schema.org\",\"@graph\":[{\"@type\":\"WebPage\",\"@id\":\"https:\/\/www.keller-forstmaschinen.ch\/fr\/produits\/farmikko\/\",\"url\":\"https:\/\/www.keller-forstmaschinen.ch\/fr\/produits\/farmikko\/\",\"name\":\"Farmikko - Keller Forstmaschinen\",\"isPartOf\":{\"@id\":\"https:\/\/www.keller-forstmaschinen.ch\/#website\"},\"datePublished\":\"2024-11-19T12:19:09+00:00\",\"dateModified\":\"2024-11-19T12:20:03+00:00\",\"breadcrumb\":{\"@id\":\"https:\/\/www.keller-forstmaschinen.ch\/fr\/produits\/farmikko\/#breadcrumb\"},\"inLanguage\":\"fr-FR\",\"potentialAction\":[{\"@type\":\"ReadAction\",\"target\":[\"https:\/\/www.keller-forstmaschinen.ch\/fr\/produits\/farmikko\/\"]}]},{\"@type\":\"BreadcrumbList\",\"@id\":\"https:\/\/www.keller-forstmaschinen.ch\/fr\/produits\/farmikko\/#breadcrumb\",\"itemListElement\":[{\"@type\":\"ListItem\",\"position\":1,\"name\":\"Home\",\"item\":\"https:\/\/www.keller-forstmaschinen.ch\/fr\/\"},{\"@type\":\"ListItem\",\"position\":2,\"name\":\"Produkte\",\"item\":\"https:\/\/www.keller-forstmaschinen.ch\/fr\/?page_id=1227\"},{\"@type\":\"ListItem\",\"position\":3,\"name\":\"Farmikko\"}]},{\"@type\":\"WebSite\",\"@id\":\"https:\/\/www.keller-forstmaschinen.ch\/#website\",\"url\":\"https:\/\/www.keller-forstmaschinen.ch\/\",\"name\":\"Keller Forstmaschinen\",\"description\":\"Ihr Partner f\u00fcr Forstmaschinen\",\"publisher\":{\"@id\":\"https:\/\/www.keller-forstmaschinen.ch\/#organization\"},\"potentialAction\":[{\"@type\":\"SearchAction\",\"target\":{\"@type\":\"EntryPoint\",\"urlTemplate\":\"https:\/\/www.keller-forstmaschinen.ch\/?s={search_term_string}\"},\"query-input\":{\"@type\":\"PropertyValueSpecification\",\"valueRequired\":true,\"valueName\":\"search_term_string\"}}],\"inLanguage\":\"fr-FR\"},{\"@type\":\"Organization\",\"@id\":\"https:\/\/www.keller-forstmaschinen.ch\/#organization\",\"name\":\"KELLER FORSTMASCHINEN AG\",\"url\":\"https:\/\/www.keller-forstmaschinen.ch\/\",\"logo\":{\"@type\":\"ImageObject\",\"inLanguage\":\"fr-FR\",\"@id\":\"https:\/\/www.keller-forstmaschinen.ch\/#\/schema\/logo\/image\/\",\"url\":\"https:\/\/www.keller-forstmaschinen.ch\/wp-content\/uploads\/2021\/07\/Keller-Logo-2021.jpg\",\"contentUrl\":\"https:\/\/www.keller-forstmaschinen.ch\/wp-content\/uploads\/2021\/07\/Keller-Logo-2021.jpg\",\"width\":1082,\"height\":301,\"caption\":\"KELLER FORSTMASCHINEN AG\"},\"image\":{\"@id\":\"https:\/\/www.keller-forstmaschinen.ch\/#\/schema\/logo\/image\/\"},\"sameAs\":[\"https:\/\/www.facebook.com\/KellerForstmaschinen\",\"https:\/\/www.instagram.com\/keller_forstmaschinen\/\"]}]}<\/script>\n<!-- \/ Yoast SEO plugin. -->","yoast_head_json":{"title":"Farmikko - Keller Forstmaschinen","robots":{"index":"index","follow":"follow","max-snippet":"max-snippet:-1","max-image-preview":"max-image-preview:large","max-video-preview":"max-video-preview:-1"},"canonical":"https:\/\/www.keller-forstmaschinen.ch\/fr\/produits\/farmikko\/","og_locale":"fr_FR","og_type":"article","og_title":"Farmikko - Keller Forstmaschinen","og_description":"Haute qualit\u00e9 et multifonctionnel Farmikko - votre s\u00e9cateur professionnel Haute qualit\u00e9 de s\u00e9cateurs pour l'usage professionnel. Farmikko a plus de 15 ans d'exp\u00e9rience dans la production et la vente de s\u00e9cateurs. Jusqu'\u00e0 pr\u00e9sent, ceux-ci ont \u00e9t\u00e9 vendus le plus souvent et principalement dans les pays nordiques. D\u00e9sormais, ils sont \u00e9galement utilis\u00e9s pour la premi\u00e8re fois [&hellip;]","og_url":"https:\/\/www.keller-forstmaschinen.ch\/fr\/produits\/farmikko\/","og_site_name":"Keller Forstmaschinen","article_publisher":"https:\/\/www.facebook.com\/KellerForstmaschinen","article_modified_time":"2024-11-19T12:20:03+00:00","twitter_card":"summary_large_image","twitter_misc":{"Dur\u00e9e de lecture estim\u00e9e":"1 minute"},"schema":{"@context":"https:\/\/schema.org","@graph":[{"@type":"WebPage","@id":"https:\/\/www.keller-forstmaschinen.ch\/fr\/produits\/farmikko\/","url":"https:\/\/www.keller-forstmaschinen.ch\/fr\/produits\/farmikko\/","name":"Farmikko - Keller Forstmaschinen","isPartOf":{"@id":"https:\/\/www.keller-forstmaschinen.ch\/#website"},"datePublished":"2024-11-19T12:19:09+00:00","dateModified":"2024-11-19T12:20:03+00:00","breadcrumb":{"@id":"https:\/\/www.keller-forstmaschinen.ch\/fr\/produits\/farmikko\/#breadcrumb"},"inLanguage":"fr-FR","potentialAction":[{"@type":"ReadAction","target":["https:\/\/www.keller-forstmaschinen.ch\/fr\/produits\/farmikko\/"]}]},{"@type":"BreadcrumbList","@id":"https:\/\/www.keller-forstmaschinen.ch\/fr\/produits\/farmikko\/#breadcrumb","itemListElement":[{"@type":"ListItem","position":1,"name":"Home","item":"https:\/\/www.keller-forstmaschinen.ch\/fr\/"},{"@type":"ListItem","position":2,"name":"Produkte","item":"https:\/\/www.keller-forstmaschinen.ch\/fr\/?page_id=1227"},{"@type":"ListItem","position":3,"name":"Farmikko"}]},{"@type":"WebSite","@id":"https:\/\/www.keller-forstmaschinen.ch\/#website","url":"https:\/\/www.keller-forstmaschinen.ch\/","name":"Keller Forstmaschinen","description":"Ihr Partner f\u00fcr Forstmaschinen","publisher":{"@id":"https:\/\/www.keller-forstmaschinen.ch\/#organization"},"potentialAction":[{"@type":"SearchAction","target":{"@type":"EntryPoint","urlTemplate":"https:\/\/www.keller-forstmaschinen.ch\/?s={search_term_string}"},"query-input":{"@type":"PropertyValueSpecification","valueRequired":true,"valueName":"search_term_string"}}],"inLanguage":"fr-FR"},{"@type":"Organization","@id":"https:\/\/www.keller-forstmaschinen.ch\/#organization","name":"KELLER FORSTMASCHINEN AG","url":"https:\/\/www.keller-forstmaschinen.ch\/","logo":{"@type":"ImageObject","inLanguage":"fr-FR","@id":"https:\/\/www.keller-forstmaschinen.ch\/#\/schema\/logo\/image\/","url":"https:\/\/www.keller-forstmaschinen.ch\/wp-content\/uploads\/2021\/07\/Keller-Logo-2021.jpg","contentUrl":"https:\/\/www.keller-forstmaschinen.ch\/wp-content\/uploads\/2021\/07\/Keller-Logo-2021.jpg","width":1082,"height":301,"caption":"KELLER FORSTMASCHINEN AG"},"image":{"@id":"https:\/\/www.keller-forstmaschinen.ch\/#\/schema\/logo\/image\/"},"sameAs":["https:\/\/www.facebook.com\/KellerForstmaschinen","https:\/\/www.instagram.com\/keller_forstmaschinen\/"]}]}},"_links":{"self":[{"href":"https:\/\/www.keller-forstmaschinen.ch\/fr\/wp-json\/wp\/v2\/pages\/9607","targetHints":{"allow":["GET"]}}],"collection":[{"href":"https:\/\/www.keller-forstmaschinen.ch\/fr\/wp-json\/wp\/v2\/pages"}],"about":[{"href":"https:\/\/www.keller-forstmaschinen.ch\/fr\/wp-json\/wp\/v2\/types\/page"}],"author":[{"embeddable":true,"href":"https:\/\/www.keller-forstmaschinen.ch\/fr\/wp-json\/wp\/v2\/users\/3"}],"replies":[{"embeddable":true,"href":"https:\/\/www.keller-forstmaschinen.ch\/fr\/wp-json\/wp\/v2\/comments?post=9607"}],"version-history":[{"count":6,"href":"https:\/\/www.keller-forstmaschinen.ch\/fr\/wp-json\/wp\/v2\/pages\/9607\/revisions"}],"predecessor-version":[{"id":9891,"href":"https:\/\/www.keller-forstmaschinen.ch\/fr\/wp-json\/wp\/v2\/pages\/9607\/revisions\/9891"}],"up":[{"embeddable":true,"href":"https:\/\/www.keller-forstmaschinen.ch\/fr\/wp-json\/wp\/v2\/pages\/1227"}],"wp:attachment":[{"href":"https:\/\/www.keller-forstmaschinen.ch\/fr\/wp-json\/wp\/v2\/media?parent=9607"}],"curies":[{"name":"wp","href":"https:\/\/api.w.org\/{rel}","templated":true}]}}